{"id":5398,"date":"2024-06-16T12:06:21","date_gmt":"2024-06-16T11:06:21","guid":{"rendered":"https:\/\/www.topobuv.eu\/sk\/?post_type=product&#038;p=5398"},"modified":"2025-02-08T13:19:22","modified_gmt":"2025-02-08T12:19:22","slug":"damska-obuv-1751","status":"publish","type":"product","link":"https:\/\/www.topobuv.eu\/sk\/produkt\/damska-obuv-1751\/","title":{"rendered":"D\u00e1mska Obuv 1751"},"content":{"rendered":"","protected":false},"excerpt":{"rendered":"<p>D\u00e1mske kotn\u00edky na zips, vyroben\u00e9 z kvalitnej pr\u00edrodnej ko\u017ee. V\u00fd\u0161ka kl\u00ednu 7 cm vzadu a 2 cm vpredu, celkov\u00e1 v\u00fd\u0161ka 21 cm.<\/p>\n","protected":false},"featured_media":7330,"comment_status":"open","ping_status":"closed","template":"","meta":{"site-sidebar-layout":"default","site-content-layout":"","ast-site-content-layout":"default","site-content-style":"default","site-sidebar-style":"default","ast-global-header-display":"","ast-banner-title-visibility":"","ast-main-header-display":"","ast-hfb-above-header-display":"","ast-hfb-below-header-display":"","ast-hfb-mobile-header-display":"","site-post-title":"","ast-breadcrumbs-content":"","ast-featured-img":"","footer-sml-layout":"","ast-disable-related-posts":"","theme-transparent-header-meta":"default","adv-header-id-meta":"","stick-header-meta":"","header-above-stick-meta":"","header-main-stick-meta":"","header-below-stick-meta":"","astra-migrate-meta-layouts":"set","ast-page-background-enabled":"default","ast-page-background-meta":{"desktop":{"background-color":"","background-image":"","background-repeat":"repeat","background-position":"center center","background-size":"auto","background-attachment":"scroll","background-type":"","background-media":"","overlay-type":"","overlay-color":"","overlay-opacity":"","overlay-gradient":""},"tablet":{"background-color":"","background-image":"","background-repeat":"repeat","background-position":"center center","background-size":"auto","background-attachment":"scroll","background-type":"","background-media":"","overlay-type":"","overlay-color":"","overlay-opacity":"","overlay-gradient":""},"mobile":{"background-color":"","background-image":"","background-repeat":"repeat","background-position":"center center","background-size":"auto","background-attachment":"scroll","background-type":"","background-media":"","overlay-type":"","overlay-color":"","overlay-opacity":"","overlay-gradient":""}},"ast-content-background-meta":{"desktop":{"background-color":"var(--ast-global-color-5)","background-image":"","background-repeat":"repeat","background-position":"center center","background-size":"auto","background-attachment":"scroll","background-type":"","background-media":"","overlay-type":"","overlay-color":"","overlay-opacity":"","overlay-gradient":""},"tablet":{"background-color":"var(--ast-global-color-5)","background-image":"","background-repeat":"repeat","background-position":"center center","background-size":"auto","background-attachment":"scroll","background-type":"","background-media":"","overlay-type":"","overlay-color":"","overlay-opacity":"","overlay-gradient":""},"mobile":{"background-color":"var(--ast-global-color-5)","background-image":"","background-repeat":"repeat","background-position":"center center","background-size":"auto","background-attachment":"scroll","background-type":"","background-media":"","overlay-type":"","overlay-color":"","overlay-opacity":"","overlay-gradient":""}}},"product_brand":[],"product_cat":[50,88,93],"product_tag":[],"class_list":{"0":"post-5398","1":"product","2":"type-product","3":"status-publish","4":"has-post-thumbnail","6":"product_cat-zeny","7":"product_cat-jesenne_zimne","8":"product_cat-kotniky","9":"desktop-align-center","10":"tablet-align-left","11":"mobile-align-left","13":"first","14":"onbackorder","15":"taxable","16":"shipping-taxable","17":"purchasable","18":"product-type-variable","19":"has-default-attributes"},"_links":{"self":[{"href":"https:\/\/www.topobuv.eu\/sk\/wp-json\/wp\/v2\/product\/5398","targetHints":{"allow":["GET"]}}],"collection":[{"href":"https:\/\/www.topobuv.eu\/sk\/wp-json\/wp\/v2\/product"}],"about":[{"href":"https:\/\/www.topobuv.eu\/sk\/wp-json\/wp\/v2\/types\/product"}],"replies":[{"embeddable":true,"href":"https:\/\/www.topobuv.eu\/sk\/wp-json\/wp\/v2\/comments?post=5398"}],"version-history":[{"count":0,"href":"https:\/\/www.topobuv.eu\/sk\/wp-json\/wp\/v2\/product\/5398\/revisions"}],"wp:featuredmedia":[{"embeddable":true,"href":"https:\/\/www.topobuv.eu\/sk\/wp-json\/wp\/v2\/media\/7330"}],"wp:attachment":[{"href":"https:\/\/www.topobuv.eu\/sk\/wp-json\/wp\/v2\/media?parent=5398"}],"wp:term":[{"taxonomy":"product_brand","embeddable":true,"href":"https:\/\/www.topobuv.eu\/sk\/wp-json\/wp\/v2\/product_brand?post=5398"},{"taxonomy":"product_cat","embeddable":true,"href":"https:\/\/www.topobuv.eu\/sk\/wp-json\/wp\/v2\/product_cat?post=5398"},{"taxonomy":"product_tag","embeddable":true,"href":"https:\/\/www.topobuv.eu\/sk\/wp-json\/wp\/v2\/product_tag?post=5398"}],"curies":[{"name":"wp","href":"https:\/\/api.w.org\/{rel}","templated":true}]}}