{"id":19646,"date":"2025-09-10T09:50:38","date_gmt":"2025-09-10T08:50:38","guid":{"rendered":"https:\/\/www.topobuv.eu\/?post_type=product&#038;p=19646"},"modified":"2025-09-10T09:50:38","modified_gmt":"2025-09-10T08:50:38","slug":"damska-obuv-28-22","status":"publish","type":"product","link":"https:\/\/www.topobuv.eu\/sk\/produkt\/damska-obuv-28-22\/","title":{"rendered":"D\u00e1mska Obuv 28.22"},"content":{"rendered":"","protected":false},"excerpt":{"rendered":"<div class=\"woocommerce-product-details__short-description\">\n<div class=\"woocommerce-product-details__short-description\">\n<div id=\"web_center\" class=\"web_center\">\n<div id=\"web_inside\">\n<div class=\"product\">\n<section>\n<div id=\"section_box\" data-id=\"description\">\n<div class=\"product_description\">D\u00e1mske sand\u00e1le na podp\u00e4tku v\u00fd\u0161ky 7 cm so zap\u00ednan\u00edm na p\u00e1sok okolo nohy. Obuv vyroben\u00e1 z kvalitnej pr\u00edrodnej ko\u017ee.<\/div>\n<\/div>\n<\/section>\n<\/div>\n<\/div>\n<\/div>\n<\/div>\n<\/div>\n<form class=\"variations_form cart wvs-loaded\" action=\"https:\/\/www.topobuv.eu\/sk\/produkt\/damska-obuv-15-23\/\" enctype=\"multipart\/form-data\" method=\"post\" data-product_id=\"19480\" data-product_variations=\"[{&quot;attributes&quot;:{&quot;attribute_pa_color&quot;:&quot;cierna&quot;,&quot;attribute_pa_size&quot;:&quot;36&quot;},&quot;availability_html&quot;:&quot;&lt;p class=\\&quot;stock available-on-backorder\\&quot;&gt;Dostupn\\u00e9 na objedn\\u00e1vku&lt;\\\/p&gt;\\n&quot;,&quot;backorders_allowed&quot;:false,&quot;dimensions&quot;:{&quot;length&quot;:&quot;&quot;,&quot;width&quot;:&quot;&quot;,&quot;height&quot;:&quot;&quot;},&quot;dimensions_html&quot;:&quot;-&quot;,&quot;display_price&quot;:74.9899999999999948840923025272786617279052734375,&quot;display_regular_price&quot;:74.9899999999999948840923025272786617279052734375,&quot;image&quot;:{&quot;title&quot;:&quot;vz_1523_f.1___1_-removebg-preview&quot;,&quot;caption&quot;:&quot;&quot;,&quot;url&quot;:&quot;https:\\\/\\\/www.topobuv.eu\\\/wp-content\\\/uploads\\\/2025\\\/09\\\/vz_1523_f.1___1_-removebg-preview.png&quot;,&quot;alt&quot;:&quot;vz_1523_f.1___1_-removebg-preview&quot;,&quot;src&quot;:&quot;https:\\\/\\\/www.topobuv.eu\\\/wp-content\\\/uploads\\\/2025\\\/09\\\/vz_1523_f.1___1_-removebg-preview.png&quot;,&quot;srcset&quot;:&quot;https:\\\/\\\/www.topobuv.eu\\\/wp-content\\\/uploads\\\/2025\\\/09\\\/vz_1523_f.1___1_-removebg-preview.png 612w, https:\\\/\\\/www.topobuv.eu\\\/wp-content\\\/uploads\\\/2025\\\/09\\\/vz_1523_f.1___1_-removebg-preview-300x200.png 300w, https:\\\/\\\/www.topobuv.eu\\\/wp-content\\\/uploads\\\/2025\\\/09\\\/vz_1523_f.1___1_-removebg-preview-150x100.png 150w, https:\\\/\\\/www.topobuv.eu\\\/wp-content\\\/uploads\\\/2025\\\/09\\\/vz_1523_f.1___1_-removebg-preview-18x12.png 18w, https:\\\/\\\/www.topobuv.eu\\\/wp-content\\\/uploads\\\/2025\\\/09\\\/vz_1523_f.1___1_-removebg-preview-64x43.png 64w&quot;,&quot;sizes&quot;:&quot;(max-width: 612px) 100vw, 612px&quot;,&quot;full_src&quot;:&quot;https:\\\/\\\/www.topobuv.eu\\\/wp-content\\\/uploads\\\/2025\\\/09\\\/vz_1523_f.1___1_-removebg-preview.png&quot;,&quot;full_src_w&quot;:612,&quot;full_src_h&quot;:408,&quot;gallery_thumbnail_src&quot;:&quot;https:\\\/\\\/www.topobuv.eu\\\/wp-content\\\/uploads\\\/2025\\\/09\\\/vz_1523_f.1___1_-removebg-preview-100x100.png&quot;,&quot;gallery_thumbnail_src_w&quot;:100,&quot;gallery_thumbnail_src_h&quot;:100,&quot;thumb_src&quot;:&quot;https:\\\/\\\/www.topobuv.eu\\\/wp-content\\\/uploads\\\/2025\\\/09\\\/vz_1523_f.1___1_-removebg-preview.png&quot;,&quot;thumb_src_w&quot;:612,&quot;thumb_src_h&quot;:408,&quot;src_w&quot;:612,&quot;src_h&quot;:408},&quot;image_id&quot;:19462,&quot;is_downloadable&quot;:false,&quot;is_in_stock&quot;:true,&quot;is_purchasable&quot;:true,&quot;is_sold_individually&quot;:&quot;no&quot;,&quot;is_virtual&quot;:false,&quot;max_qty&quot;:&quot;&quot;,&quot;min_qty&quot;:1,&quot;price_html&quot;:&quot;&quot;,&quot;sku&quot;:&quot;&quot;,&quot;variation_description&quot;:&quot;&quot;,&quot;variation_id&quot;:19481,&quot;variation_is_active&quot;:true,&quot;variation_is_visible&quot;:true,&quot;weight&quot;:&quot;&quot;,&quot;weight_html&quot;:&quot;-&quot;},{&quot;attributes&quot;:{&quot;attribute_pa_color&quot;:&quot;cierna&quot;,&quot;attribute_pa_size&quot;:&quot;37&quot;},&quot;availability_html&quot;:&quot;&lt;p class=\\&quot;stock available-on-backorder\\&quot;&gt;Dostupn\\u00e9 na objedn\\u00e1vku&lt;\\\/p&gt;\\n&quot;,&quot;backorders_allowed&quot;:false,&quot;dimensions&quot;:{&quot;length&quot;:&quot;&quot;,&quot;width&quot;:&quot;&quot;,&quot;height&quot;:&quot;&quot;},&quot;dimensions_html&quot;:&quot;-&quot;,&quot;display_price&quot;:74.9899999999999948840923025272786617279052734375,&quot;display_regular_price&quot;:74.9899999999999948840923025272786617279052734375,&quot;image&quot;:{&quot;title&quot;:&quot;vz_1523_f.1___1_-removebg-preview&quot;,&quot;caption&quot;:&quot;&quot;,&quot;url&quot;:&quot;https:\\\/\\\/www.topobuv.eu\\\/wp-content\\\/uploads\\\/2025\\\/09\\\/vz_1523_f.1___1_-removebg-preview.png&quot;,&quot;alt&quot;:&quot;vz_1523_f.1___1_-removebg-preview&quot;,&quot;src&quot;:&quot;https:\\\/\\\/www.topobuv.eu\\\/wp-content\\\/uploads\\\/2025\\\/09\\\/vz_1523_f.1___1_-removebg-preview.png&quot;,&quot;srcset&quot;:&quot;https:\\\/\\\/www.topobuv.eu\\\/wp-content\\\/uploads\\\/2025\\\/09\\\/vz_1523_f.1___1_-removebg-preview.png 612w, https:\\\/\\\/www.topobuv.eu\\\/wp-content\\\/uploads\\\/2025\\\/09\\\/vz_1523_f.1___1_-removebg-preview-300x200.png 300w, https:\\\/\\\/www.topobuv.eu\\\/wp-content\\\/uploads\\\/2025\\\/09\\\/vz_1523_f.1___1_-removebg-preview-150x100.png 150w, https:\\\/\\\/www.topobuv.eu\\\/wp-content\\\/uploads\\\/2025\\\/09\\\/vz_1523_f.1___1_-removebg-preview-18x12.png 18w, https:\\\/\\\/www.topobuv.eu\\\/wp-content\\\/uploads\\\/2025\\\/09\\\/vz_1523_f.1___1_-removebg-preview-64x43.png 64w&quot;,&quot;sizes&quot;:&quot;(max-width: 612px) 100vw, 612px&quot;,&quot;full_src&quot;:&quot;https:\\\/\\\/www.topobuv.eu\\\/wp-content\\\/uploads\\\/2025\\\/09\\\/vz_1523_f.1___1_-removebg-preview.png&quot;,&quot;full_src_w&quot;:612,&quot;full_src_h&quot;:408,&quot;gallery_thumbnail_src&quot;:&quot;https:\\\/\\\/www.topobuv.eu\\\/wp-content\\\/uploads\\\/2025\\\/09\\\/vz_1523_f.1___1_-removebg-preview-100x100.png&quot;,&quot;gallery_thumbnail_src_w&quot;:100,&quot;gallery_thumbnail_src_h&quot;:100,&quot;thumb_src&quot;:&quot;https:\\\/\\\/www.topobuv.eu\\\/wp-content\\\/uploads\\\/2025\\\/09\\\/vz_1523_f.1___1_-removebg-preview.png&quot;,&quot;thumb_src_w&quot;:612,&quot;thumb_src_h&quot;:408,&quot;src_w&quot;:612,&quot;src_h&quot;:408},&quot;image_id&quot;:19462,&quot;is_downloadable&quot;:false,&quot;is_in_stock&quot;:true,&quot;is_purchasable&quot;:true,&quot;is_sold_individually&quot;:&quot;no&quot;,&quot;is_virtual&quot;:false,&quot;max_qty&quot;:&quot;&quot;,&quot;min_qty&quot;:1,&quot;price_html&quot;:&quot;&quot;,&quot;sku&quot;:&quot;&quot;,&quot;variation_description&quot;:&quot;&quot;,&quot;variation_id&quot;:19482,&quot;variation_is_active&quot;:true,&quot;variation_is_visible&quot;:true,&quot;weight&quot;:&quot;&quot;,&quot;weight_html&quot;:&quot;-&quot;},{&quot;attributes&quot;:{&quot;attribute_pa_color&quot;:&quot;cierna&quot;,&quot;attribute_pa_size&quot;:&quot;38&quot;},&quot;availability_html&quot;:&quot;&lt;p class=\\&quot;stock available-on-backorder\\&quot;&gt;Dostupn\\u00e9 na objedn\\u00e1vku&lt;\\\/p&gt;\\n&quot;,&quot;backorders_allowed&quot;:false,&quot;dimensions&quot;:{&quot;length&quot;:&quot;&quot;,&quot;width&quot;:&quot;&quot;,&quot;height&quot;:&quot;&quot;},&quot;dimensions_html&quot;:&quot;-&quot;,&quot;display_price&quot;:74.9899999999999948840923025272786617279052734375,&quot;display_regular_price&quot;:74.9899999999999948840923025272786617279052734375,&quot;image&quot;:{&quot;title&quot;:&quot;vz_1523_f.1___1_-removebg-preview&quot;,&quot;caption&quot;:&quot;&quot;,&quot;url&quot;:&quot;https:\\\/\\\/www.topobuv.eu\\\/wp-content\\\/uploads\\\/2025\\\/09\\\/vz_1523_f.1___1_-removebg-preview.png&quot;,&quot;alt&quot;:&quot;vz_1523_f.1___1_-removebg-preview&quot;,&quot;src&quot;:&quot;https:\\\/\\\/www.topobuv.eu\\\/wp-content\\\/uploads\\\/2025\\\/09\\\/vz_1523_f.1___1_-removebg-preview.png&quot;,&quot;srcset&quot;:&quot;https:\\\/\\\/www.topobuv.eu\\\/wp-content\\\/uploads\\\/2025\\\/09\\\/vz_1523_f.1___1_-removebg-preview.png 612w, https:\\\/\\\/www.topobuv.eu\\\/wp-content\\\/uploads\\\/2025\\\/09\\\/vz_1523_f.1___1_-removebg-preview-300x200.png 300w, https:\\\/\\\/www.topobuv.eu\\\/wp-content\\\/uploads\\\/2025\\\/09\\\/vz_1523_f.1___1_-removebg-preview-150x100.png 150w, https:\\\/\\\/www.topobuv.eu\\\/wp-content\\\/uploads\\\/2025\\\/09\\\/vz_1523_f.1___1_-removebg-preview-18x12.png 18w, https:\\\/\\\/www.topobuv.eu\\\/wp-content\\\/uploads\\\/2025\\\/09\\\/vz_1523_f.1___1_-removebg-preview-64x43.png 64w&quot;,&quot;sizes&quot;:&quot;(max-width: 612px) 100vw, 612px&quot;,&quot;full_src&quot;:&quot;https:\\\/\\\/www.topobuv.eu\\\/wp-content\\\/uploads\\\/2025\\\/09\\\/vz_1523_f.1___1_-removebg-preview.png&quot;,&quot;full_src_w&quot;:612,&quot;full_src_h&quot;:408,&quot;gallery_thumbnail_src&quot;:&quot;https:\\\/\\\/www.topobuv.eu\\\/wp-content\\\/uploads\\\/2025\\\/09\\\/vz_1523_f.1___1_-removebg-preview-100x100.png&quot;,&quot;gallery_thumbnail_src_w&quot;:100,&quot;gallery_thumbnail_src_h&quot;:100,&quot;thumb_src&quot;:&quot;https:\\\/\\\/www.topobuv.eu\\\/wp-content\\\/uploads\\\/2025\\\/09\\\/vz_1523_f.1___1_-removebg-preview.png&quot;,&quot;thumb_src_w&quot;:612,&quot;thumb_src_h&quot;:408,&quot;src_w&quot;:612,&quot;src_h&quot;:408},&quot;image_id&quot;:19462,&quot;is_downloadable&quot;:false,&quot;is_in_stock&quot;:true,&quot;is_purchasable&quot;:true,&quot;is_sold_individually&quot;:&quot;no&quot;,&quot;is_virtual&quot;:false,&quot;max_qty&quot;:&quot;&quot;,&quot;min_qty&quot;:1,&quot;price_html&quot;:&quot;&quot;,&quot;sku&quot;:&quot;&quot;,&quot;variation_description&quot;:&quot;&quot;,&quot;variation_id&quot;:19483,&quot;variation_is_active&quot;:true,&quot;variation_is_visible&quot;:true,&quot;weight&quot;:&quot;&quot;,&quot;weight_html&quot;:&quot;-&quot;},{&quot;attributes&quot;:{&quot;attribute_pa_color&quot;:&quot;cierna&quot;,&quot;attribute_pa_size&quot;:&quot;39&quot;},&quot;availability_html&quot;:&quot;&lt;p class=\\&quot;stock available-on-backorder\\&quot;&gt;Dostupn\\u00e9 na objedn\\u00e1vku&lt;\\\/p&gt;\\n&quot;,&quot;backorders_allowed&quot;:false,&quot;dimensions&quot;:{&quot;length&quot;:&quot;&quot;,&quot;width&quot;:&quot;&quot;,&quot;height&quot;:&quot;&quot;},&quot;dimensions_html&quot;:&quot;-&quot;,&quot;display_price&quot;:74.9899999999999948840923025272786617279052734375,&quot;display_regular_price&quot;:74.9899999999999948840923025272786617279052734375,&quot;image&quot;:{&quot;title&quot;:&quot;vz_1523_f.1___1_-removebg-preview&quot;,&quot;caption&quot;:&quot;&quot;,&quot;url&quot;:&quot;https:\\\/\\\/www.topobuv.eu\\\/wp-content\\\/uploads\\\/2025\\\/09\\\/vz_1523_f.1___1_-removebg-preview.png&quot;,&quot;alt&quot;:&quot;vz_1523_f.1___1_-removebg-preview&quot;,&quot;src&quot;:&quot;https:\\\/\\\/www.topobuv.eu\\\/wp-content\\\/uploads\\\/2025\\\/09\\\/vz_1523_f.1___1_-removebg-preview.png&quot;,&quot;srcset&quot;:&quot;https:\\\/\\\/www.topobuv.eu\\\/wp-content\\\/uploads\\\/2025\\\/09\\\/vz_1523_f.1___1_-removebg-preview.png 612w, https:\\\/\\\/www.topobuv.eu\\\/wp-content\\\/uploads\\\/2025\\\/09\\\/vz_1523_f.1___1_-removebg-preview-300x200.png 300w, https:\\\/\\\/www.topobuv.eu\\\/wp-content\\\/uploads\\\/2025\\\/09\\\/vz_1523_f.1___1_-removebg-preview-150x100.png 150w, https:\\\/\\\/www.topobuv.eu\\\/wp-content\\\/uploads\\\/2025\\\/09\\\/vz_1523_f.1___1_-removebg-preview-18x12.png 18w, https:\\\/\\\/www.topobuv.eu\\\/wp-content\\\/uploads\\\/2025\\\/09\\\/vz_1523_f.1___1_-removebg-preview-64x43.png 64w&quot;,&quot;sizes&quot;:&quot;(max-width: 612px) 100vw, 612px&quot;,&quot;full_src&quot;:&quot;https:\\\/\\\/www.topobuv.eu\\\/wp-content\\\/uploads\\\/2025\\\/09\\\/vz_1523_f.1___1_-removebg-preview.png&quot;,&quot;full_src_w&quot;:612,&quot;full_src_h&quot;:408,&quot;gallery_thumbnail_src&quot;:&quot;https:\\\/\\\/www.topobuv.eu\\\/wp-content\\\/uploads\\\/2025\\\/09\\\/vz_1523_f.1___1_-removebg-preview-100x100.png&quot;,&quot;gallery_thumbnail_src_w&quot;:100,&quot;gallery_thumbnail_src_h&quot;:100,&quot;thumb_src&quot;:&quot;https:\\\/\\\/www.topobuv.eu\\\/wp-content\\\/uploads\\\/2025\\\/09\\\/vz_1523_f.1___1_-removebg-preview.png&quot;,&quot;thumb_src_w&quot;:612,&quot;thumb_src_h&quot;:408,&quot;src_w&quot;:612,&quot;src_h&quot;:408},&quot;image_id&quot;:19462,&quot;is_downloadable&quot;:false,&quot;is_in_stock&quot;:true,&quot;is_purchasable&quot;:true,&quot;is_sold_individually&quot;:&quot;no&quot;,&quot;is_virtual&quot;:false,&quot;max_qty&quot;:&quot;&quot;,&quot;min_qty&quot;:1,&quot;price_html&quot;:&quot;&quot;,&quot;sku&quot;:&quot;&quot;,&quot;variation_description&quot;:&quot;&quot;,&quot;variation_id&quot;:19484,&quot;variation_is_active&quot;:true,&quot;variation_is_visible&quot;:true,&quot;weight&quot;:&quot;&quot;,&quot;weight_html&quot;:&quot;-&quot;},{&quot;attributes&quot;:{&quot;attribute_pa_color&quot;:&quot;cierna&quot;,&quot;attribute_pa_size&quot;:&quot;40&quot;},&quot;availability_html&quot;:&quot;&lt;p class=\\&quot;stock available-on-backorder\\&quot;&gt;Dostupn\\u00e9 na objedn\\u00e1vku&lt;\\\/p&gt;\\n&quot;,&quot;backorders_allowed&quot;:false,&quot;dimensions&quot;:{&quot;length&quot;:&quot;&quot;,&quot;width&quot;:&quot;&quot;,&quot;height&quot;:&quot;&quot;},&quot;dimensions_html&quot;:&quot;-&quot;,&quot;display_price&quot;:74.9899999999999948840923025272786617279052734375,&quot;display_regular_price&quot;:74.9899999999999948840923025272786617279052734375,&quot;image&quot;:{&quot;title&quot;:&quot;vz_1523_f.1___1_-removebg-preview&quot;,&quot;caption&quot;:&quot;&quot;,&quot;url&quot;:&quot;https:\\\/\\\/www.topobuv.eu\\\/wp-content\\\/uploads\\\/2025\\\/09\\\/vz_1523_f.1___1_-removebg-preview.png&quot;,&quot;alt&quot;:&quot;vz_1523_f.1___1_-removebg-preview&quot;,&quot;src&quot;:&quot;https:\\\/\\\/www.topobuv.eu\\\/wp-content\\\/uploads\\\/2025\\\/09\\\/vz_1523_f.1___1_-removebg-preview.png&quot;,&quot;srcset&quot;:&quot;https:\\\/\\\/www.topobuv.eu\\\/wp-content\\\/uploads\\\/2025\\\/09\\\/vz_1523_f.1___1_-removebg-preview.png 612w, https:\\\/\\\/www.topobuv.eu\\\/wp-content\\\/uploads\\\/2025\\\/09\\\/vz_1523_f.1___1_-removebg-preview-300x200.png 300w, https:\\\/\\\/www.topobuv.eu\\\/wp-content\\\/uploads\\\/2025\\\/09\\\/vz_1523_f.1___1_-removebg-preview-150x100.png 150w, https:\\\/\\\/www.topobuv.eu\\\/wp-content\\\/uploads\\\/2025\\\/09\\\/vz_1523_f.1___1_-removebg-preview-18x12.png 18w, https:\\\/\\\/www.topobuv.eu\\\/wp-content\\\/uploads\\\/2025\\\/09\\\/vz_1523_f.1___1_-removebg-preview-64x43.png 64w&quot;,&quot;sizes&quot;:&quot;(max-width: 612px) 100vw, 612px&quot;,&quot;full_src&quot;:&quot;https:\\\/\\\/www.topobuv.eu\\\/wp-content\\\/uploads\\\/2025\\\/09\\\/vz_1523_f.1___1_-removebg-preview.png&quot;,&quot;full_src_w&quot;:612,&quot;full_src_h&quot;:408,&quot;gallery_thumbnail_src&quot;:&quot;https:\\\/\\\/www.topobuv.eu\\\/wp-content\\\/uploads\\\/2025\\\/09\\\/vz_1523_f.1___1_-removebg-preview-100x100.png&quot;,&quot;gallery_thumbnail_src_w&quot;:100,&quot;gallery_thumbnail_src_h&quot;:100,&quot;thumb_src&quot;:&quot;https:\\\/\\\/www.topobuv.eu\\\/wp-content\\\/uploads\\\/2025\\\/09\\\/vz_1523_f.1___1_-removebg-preview.png&quot;,&quot;thumb_src_w&quot;:612,&quot;thumb_src_h&quot;:408,&quot;src_w&quot;:612,&quot;src_h&quot;:408},&quot;image_id&quot;:19462,&quot;is_downloadable&quot;:false,&quot;is_in_stock&quot;:true,&quot;is_purchasable&quot;:true,&quot;is_sold_individually&quot;:&quot;no&quot;,&quot;is_virtual&quot;:false,&quot;max_qty&quot;:&quot;&quot;,&quot;min_qty&quot;:1,&quot;price_html&quot;:&quot;&quot;,&quot;sku&quot;:&quot;&quot;,&quot;variation_description&quot;:&quot;&quot;,&quot;variation_id&quot;:19485,&quot;variation_is_active&quot;:true,&quot;variation_is_visible&quot;:true,&quot;weight&quot;:&quot;&quot;,&quot;weight_html&quot;:&quot;-&quot;},{&quot;attributes&quot;:{&quot;attribute_pa_color&quot;:&quot;cierna&quot;,&quot;attribute_pa_size&quot;:&quot;41&quot;},&quot;availability_html&quot;:&quot;&lt;p class=\\&quot;stock available-on-backorder\\&quot;&gt;Dostupn\\u00e9 na objedn\\u00e1vku&lt;\\\/p&gt;\\n&quot;,&quot;backorders_allowed&quot;:false,&quot;dimensions&quot;:{&quot;length&quot;:&quot;&quot;,&quot;width&quot;:&quot;&quot;,&quot;height&quot;:&quot;&quot;},&quot;dimensions_html&quot;:&quot;-&quot;,&quot;display_price&quot;:74.9899999999999948840923025272786617279052734375,&quot;display_regular_price&quot;:74.9899999999999948840923025272786617279052734375,&quot;image&quot;:{&quot;title&quot;:&quot;vz_1523_f.1___1_-removebg-preview&quot;,&quot;caption&quot;:&quot;&quot;,&quot;url&quot;:&quot;https:\\\/\\\/www.topobuv.eu\\\/wp-content\\\/uploads\\\/2025\\\/09\\\/vz_1523_f.1___1_-removebg-preview.png&quot;,&quot;alt&quot;:&quot;vz_1523_f.1___1_-removebg-preview&quot;,&quot;src&quot;:&quot;https:\\\/\\\/www.topobuv.eu\\\/wp-content\\\/uploads\\\/2025\\\/09\\\/vz_1523_f.1___1_-removebg-preview.png&quot;,&quot;srcset&quot;:&quot;https:\\\/\\\/www.topobuv.eu\\\/wp-content\\\/uploads\\\/2025\\\/09\\\/vz_1523_f.1___1_-removebg-preview.png 612w, https:\\\/\\\/www.topobuv.eu\\\/wp-content\\\/uploads\\\/2025\\\/09\\\/vz_1523_f.1___1_-removebg-preview-300x200.png 300w, https:\\\/\\\/www.topobuv.eu\\\/wp-content\\\/uploads\\\/2025\\\/09\\\/vz_1523_f.1___1_-removebg-preview-150x100.png 150w, https:\\\/\\\/www.topobuv.eu\\\/wp-content\\\/uploads\\\/2025\\\/09\\\/vz_1523_f.1___1_-removebg-preview-18x12.png 18w, https:\\\/\\\/www.topobuv.eu\\\/wp-content\\\/uploads\\\/2025\\\/09\\\/vz_1523_f.1___1_-removebg-preview-64x43.png 64w&quot;,&quot;sizes&quot;:&quot;(max-width: 612px) 100vw, 612px&quot;,&quot;full_src&quot;:&quot;https:\\\/\\\/www.topobuv.eu\\\/wp-content\\\/uploads\\\/2025\\\/09\\\/vz_1523_f.1___1_-removebg-preview.png&quot;,&quot;full_src_w&quot;:612,&quot;full_src_h&quot;:408,&quot;gallery_thumbnail_src&quot;:&quot;https:\\\/\\\/www.topobuv.eu\\\/wp-content\\\/uploads\\\/2025\\\/09\\\/vz_1523_f.1___1_-removebg-preview-100x100.png&quot;,&quot;gallery_thumbnail_src_w&quot;:100,&quot;gallery_thumbnail_src_h&quot;:100,&quot;thumb_src&quot;:&quot;https:\\\/\\\/www.topobuv.eu\\\/wp-content\\\/uploads\\\/2025\\\/09\\\/vz_1523_f.1___1_-removebg-preview.png&quot;,&quot;thumb_src_w&quot;:612,&quot;thumb_src_h&quot;:408,&quot;src_w&quot;:612,&quot;src_h&quot;:408},&quot;image_id&quot;:19462,&quot;is_downloadable&quot;:false,&quot;is_in_stock&quot;:true,&quot;is_purchasable&quot;:true,&quot;is_sold_individually&quot;:&quot;no&quot;,&quot;is_virtual&quot;:false,&quot;max_qty&quot;:&quot;&quot;,&quot;min_qty&quot;:1,&quot;price_html&quot;:&quot;&quot;,&quot;sku&quot;:&quot;&quot;,&quot;variation_description&quot;:&quot;&quot;,&quot;variation_id&quot;:19486,&quot;variation_is_active&quot;:true,&quot;variation_is_visible&quot;:true,&quot;weight&quot;:&quot;&quot;,&quot;weight_html&quot;:&quot;-&quot;}]\">\n<div data-product_id=\"19480\" data-threshold_min=\"30\" data-threshold_max=\"100\" data-total=\"6\"><\/div>\n<\/form>\n","protected":false},"featured_media":19628,"comment_status":"open","ping_status":"closed","template":"","meta":{"site-sidebar-layout":"default","site-content-layout":"","ast-site-content-layout":"default","site-content-style":"default","site-sidebar-style":"default","ast-global-header-display":"","ast-banner-title-visibility":"","ast-main-header-display":"","ast-hfb-above-header-display":"","ast-hfb-below-header-display":"","ast-hfb-mobile-header-display":"","site-post-title":"","ast-breadcrumbs-content":"","ast-featured-img":"","footer-sml-layout":"","ast-disable-related-posts":"","theme-transparent-header-meta":"default","adv-header-id-meta":"","stick-header-meta":"","header-above-stick-meta":"","header-main-stick-meta":"","header-below-stick-meta":"","astra-migrate-meta-layouts":"set","ast-page-background-enabled":"default","ast-page-background-meta":{"desktop":{"background-color":"","background-image":"","background-repeat":"repeat","background-position":"center center","background-size":"auto","background-attachment":"scroll","background-type":"","background-media":"","overlay-type":"","overlay-color":"","overlay-opacity":"","overlay-gradient":""},"tablet":{"background-color":"","background-image":"","background-repeat":"repeat","background-position":"center center","background-size":"auto","background-attachment":"scroll","background-type":"","background-media":"","overlay-type":"","overlay-color":"","overlay-opacity":"","overlay-gradient":""},"mobile":{"background-color":"","background-image":"","background-repeat":"repeat","background-position":"center center","background-size":"auto","background-attachment":"scroll","background-type":"","background-media":"","overlay-type":"","overlay-color":"","overlay-opacity":"","overlay-gradient":""}},"ast-content-background-meta":{"desktop":{"background-color":"var(--ast-global-color-5)","background-image":"","background-repeat":"repeat","background-position":"center center","background-size":"auto","background-attachment":"scroll","background-type":"","background-media":"","overlay-type":"","overlay-color":"","overlay-opacity":"","overlay-gradient":""},"tablet":{"background-color":"var(--ast-global-color-5)","background-image":"","background-repeat":"repeat","background-position":"center center","background-size":"auto","background-attachment":"scroll","background-type":"","background-media":"","overlay-type":"","overlay-color":"","overlay-opacity":"","overlay-gradient":""},"mobile":{"background-color":"var(--ast-global-color-5)","background-image":"","background-repeat":"repeat","background-position":"center center","background-size":"auto","background-attachment":"scroll","background-type":"","background-media":"","overlay-type":"","overlay-color":"","overlay-opacity":"","overlay-gradient":""}}},"product_brand":[],"product_cat":[50,92],"product_tag":[],"class_list":{"0":"post-19646","1":"product","2":"type-product","3":"status-publish","4":"has-post-thumbnail","6":"product_cat-zeny","7":"product_cat-sandale","8":"desktop-align-center","9":"tablet-align-left","10":"mobile-align-left","12":"first","13":"onbackorder","14":"taxable","15":"shipping-taxable","16":"purchasable","17":"product-type-variable"},"_links":{"self":[{"href":"https:\/\/www.topobuv.eu\/sk\/wp-json\/wp\/v2\/product\/19646","targetHints":{"allow":["GET"]}}],"collection":[{"href":"https:\/\/www.topobuv.eu\/sk\/wp-json\/wp\/v2\/product"}],"about":[{"href":"https:\/\/www.topobuv.eu\/sk\/wp-json\/wp\/v2\/types\/product"}],"replies":[{"embeddable":true,"href":"https:\/\/www.topobuv.eu\/sk\/wp-json\/wp\/v2\/comments?post=19646"}],"version-history":[{"count":1,"href":"https:\/\/www.topobuv.eu\/sk\/wp-json\/wp\/v2\/product\/19646\/revisions"}],"predecessor-version":[{"id":19653,"href":"https:\/\/www.topobuv.eu\/sk\/wp-json\/wp\/v2\/product\/19646\/revisions\/19653"}],"wp:featuredmedia":[{"embeddable":true,"href":"https:\/\/www.topobuv.eu\/sk\/wp-json\/wp\/v2\/media\/19628"}],"wp:attachment":[{"href":"https:\/\/www.topobuv.eu\/sk\/wp-json\/wp\/v2\/media?parent=19646"}],"wp:term":[{"taxonomy":"product_brand","embeddable":true,"href":"https:\/\/www.topobuv.eu\/sk\/wp-json\/wp\/v2\/product_brand?post=19646"},{"taxonomy":"product_cat","embeddable":true,"href":"https:\/\/www.topobuv.eu\/sk\/wp-json\/wp\/v2\/product_cat?post=19646"},{"taxonomy":"product_tag","embeddable":true,"href":"https:\/\/www.topobuv.eu\/sk\/wp-json\/wp\/v2\/product_tag?post=19646"}],"curies":[{"name":"wp","href":"https:\/\/api.w.org\/{rel}","templated":true}]}}