{"id":19280,"date":"2025-09-10T08:55:05","date_gmt":"2025-09-10T07:55:05","guid":{"rendered":"https:\/\/www.topobuv.eu\/?post_type=product&#038;p=19280"},"modified":"2025-09-10T08:55:05","modified_gmt":"2025-09-10T07:55:05","slug":"damska-obuv-1-23","status":"publish","type":"product","link":"https:\/\/www.topobuv.eu\/sk\/produkt\/damska-obuv-1-23\/","title":{"rendered":"D\u00e1mska Obuv 1.23"},"content":{"rendered":"","protected":false},"excerpt":{"rendered":"<div class=\"woocommerce-product-details__short-description\">\n<p><span style=\"font-size: 16px;\">Tieto \u0161t\u00fdlov\u00e9 d\u00e1mske poltop\u00e1nky s\u00fa vyroben\u00e9 z prvotriednej hladkej ko\u017ee, ktor\u00e1 sa vyzna\u010duje prirodzenou eleganciou. Zvr\u0161ok so <\/span><span style=\"font-size: 16px;\">such\u00fd zipsom cez n\u00e1rt napom\u00e1ha k lep\u0161iemu ob\u00favaniu dod\u00e1va klasick\u00fd vzh\u013ead, ktor\u00fd sa hod\u00ed k klasick\u00fdm outfitom. Pevn\u00e1, no z\u00e1rove\u0148 pohodln\u00e1 podr\u00e1\u017eka na podp\u00e4tku 4 cm poskytuje stabilitu pri ch\u00f4dzi, zatia\u013e \u010do kvalitn\u00e9 spracovanie zaru\u010duje dlhodob\u00fa trv\u00e1cnos\u0165. Ide\u00e1lne na ka\u017edodenn\u00e9 nosenie.<\/span><\/p>\n<\/div>\n<form class=\"variations_form cart wvs-loaded\" action=\"https:\/\/www.topobuv.eu\/sk\/produkt\/damska-obuv-16-25\/\" enctype=\"multipart\/form-data\" method=\"post\" data-product_id=\"9546\" data-product_variations=\"[{&quot;attributes&quot;:{&quot;attribute_pa_color&quot;:&quot;fialova&quot;,&quot;attribute_pa_size&quot;:&quot;36&quot;},&quot;availability_html&quot;:&quot;&lt;p class=\\&quot;stock available-on-backorder\\&quot;&gt;Dostupn\\u00e9 na objedn\\u00e1vku&lt;\\\/p&gt;\\n&quot;,&quot;backorders_allowed&quot;:false,&quot;dimensions&quot;:{&quot;length&quot;:&quot;&quot;,&quot;width&quot;:&quot;&quot;,&quot;height&quot;:&quot;&quot;},&quot;dimensions_html&quot;:&quot;-&quot;,&quot;display_price&quot;:84.9899999999999948840923025272786617279052734375,&quot;display_regular_price&quot;:84.9899999999999948840923025272786617279052734375,&quot;image&quot;:{&quot;title&quot;:&quot;16.25_B31-fialov\\u00e1__1_-removebg-preview&quot;,&quot;caption&quot;:&quot;&quot;,&quot;url&quot;:&quot;https:\\\/\\\/www.topobuv.eu\\\/wp-content\\\/uploads\\\/2025\\\/02\\\/16.25_B31-fialova__1_-removebg-preview.png&quot;,&quot;alt&quot;:&quot;16.25_B31-fialov\\u00e1__1_-removebg-preview&quot;,&quot;src&quot;:&quot;https:\\\/\\\/www.topobuv.eu\\\/wp-content\\\/uploads\\\/2025\\\/02\\\/16.25_B31-fialova__1_-removebg-preview.png&quot;,&quot;srcset&quot;:&quot;https:\\\/\\\/www.topobuv.eu\\\/wp-content\\\/uploads\\\/2025\\\/02\\\/16.25_B31-fialova__1_-removebg-preview.png 600w, https:\\\/\\\/www.topobuv.eu\\\/wp-content\\\/uploads\\\/2025\\\/02\\\/16.25_B31-fialova__1_-removebg-preview-64x43.png 64w&quot;,&quot;sizes&quot;:&quot;(max-width: 600px) 100vw, 600px&quot;,&quot;full_src&quot;:&quot;https:\\\/\\\/www.topobuv.eu\\\/wp-content\\\/uploads\\\/2025\\\/02\\\/16.25_B31-fialova__1_-removebg-preview.png&quot;,&quot;full_src_w&quot;:600,&quot;full_src_h&quot;:400,&quot;gallery_thumbnail_src&quot;:&quot;https:\\\/\\\/www.topobuv.eu\\\/wp-content\\\/uploads\\\/2025\\\/02\\\/16.25_B31-fialova__1_-removebg-preview-100x100.png&quot;,&quot;gallery_thumbnail_src_w&quot;:100,&quot;gallery_thumbnail_src_h&quot;:100,&quot;thumb_src&quot;:&quot;https:\\\/\\\/www.topobuv.eu\\\/wp-content\\\/uploads\\\/2025\\\/02\\\/16.25_B31-fialova__1_-removebg-preview.png&quot;,&quot;thumb_src_w&quot;:600,&quot;thumb_src_h&quot;:400,&quot;src_w&quot;:600,&quot;src_h&quot;:400},&quot;image_id&quot;:9547,&quot;is_downloadable&quot;:false,&quot;is_in_stock&quot;:true,&quot;is_purchasable&quot;:true,&quot;is_sold_individually&quot;:&quot;no&quot;,&quot;is_virtual&quot;:false,&quot;max_qty&quot;:&quot;&quot;,&quot;min_qty&quot;:1,&quot;price_html&quot;:&quot;&quot;,&quot;sku&quot;:&quot;&quot;,&quot;variation_description&quot;:&quot;&quot;,&quot;variation_id&quot;:9550,&quot;variation_is_active&quot;:true,&quot;variation_is_visible&quot;:true,&quot;weight&quot;:&quot;&quot;,&quot;weight_html&quot;:&quot;-&quot;},{&quot;attributes&quot;:{&quot;attribute_pa_color&quot;:&quot;fialova&quot;,&quot;attribute_pa_size&quot;:&quot;37&quot;},&quot;availability_html&quot;:&quot;&lt;p class=\\&quot;stock available-on-backorder\\&quot;&gt;Dostupn\\u00e9 na objedn\\u00e1vku&lt;\\\/p&gt;\\n&quot;,&quot;backorders_allowed&quot;:false,&quot;dimensions&quot;:{&quot;length&quot;:&quot;&quot;,&quot;width&quot;:&quot;&quot;,&quot;height&quot;:&quot;&quot;},&quot;dimensions_html&quot;:&quot;-&quot;,&quot;display_price&quot;:84.9899999999999948840923025272786617279052734375,&quot;display_regular_price&quot;:84.9899999999999948840923025272786617279052734375,&quot;image&quot;:{&quot;title&quot;:&quot;16.25_B31-fialov\\u00e1__1_-removebg-preview&quot;,&quot;caption&quot;:&quot;&quot;,&quot;url&quot;:&quot;https:\\\/\\\/www.topobuv.eu\\\/wp-content\\\/uploads\\\/2025\\\/02\\\/16.25_B31-fialova__1_-removebg-preview.png&quot;,&quot;alt&quot;:&quot;16.25_B31-fialov\\u00e1__1_-removebg-preview&quot;,&quot;src&quot;:&quot;https:\\\/\\\/www.topobuv.eu\\\/wp-content\\\/uploads\\\/2025\\\/02\\\/16.25_B31-fialova__1_-removebg-preview.png&quot;,&quot;srcset&quot;:&quot;https:\\\/\\\/www.topobuv.eu\\\/wp-content\\\/uploads\\\/2025\\\/02\\\/16.25_B31-fialova__1_-removebg-preview.png 600w, https:\\\/\\\/www.topobuv.eu\\\/wp-content\\\/uploads\\\/2025\\\/02\\\/16.25_B31-fialova__1_-removebg-preview-64x43.png 64w&quot;,&quot;sizes&quot;:&quot;(max-width: 600px) 100vw, 600px&quot;,&quot;full_src&quot;:&quot;https:\\\/\\\/www.topobuv.eu\\\/wp-content\\\/uploads\\\/2025\\\/02\\\/16.25_B31-fialova__1_-removebg-preview.png&quot;,&quot;full_src_w&quot;:600,&quot;full_src_h&quot;:400,&quot;gallery_thumbnail_src&quot;:&quot;https:\\\/\\\/www.topobuv.eu\\\/wp-content\\\/uploads\\\/2025\\\/02\\\/16.25_B31-fialova__1_-removebg-preview-100x100.png&quot;,&quot;gallery_thumbnail_src_w&quot;:100,&quot;gallery_thumbnail_src_h&quot;:100,&quot;thumb_src&quot;:&quot;https:\\\/\\\/www.topobuv.eu\\\/wp-content\\\/uploads\\\/2025\\\/02\\\/16.25_B31-fialova__1_-removebg-preview.png&quot;,&quot;thumb_src_w&quot;:600,&quot;thumb_src_h&quot;:400,&quot;src_w&quot;:600,&quot;src_h&quot;:400},&quot;image_id&quot;:9547,&quot;is_downloadable&quot;:false,&quot;is_in_stock&quot;:true,&quot;is_purchasable&quot;:true,&quot;is_sold_individually&quot;:&quot;no&quot;,&quot;is_virtual&quot;:false,&quot;max_qty&quot;:&quot;&quot;,&quot;min_qty&quot;:1,&quot;price_html&quot;:&quot;&quot;,&quot;sku&quot;:&quot;&quot;,&quot;variation_description&quot;:&quot;&quot;,&quot;variation_id&quot;:9551,&quot;variation_is_active&quot;:true,&quot;variation_is_visible&quot;:true,&quot;weight&quot;:&quot;&quot;,&quot;weight_html&quot;:&quot;-&quot;},{&quot;attributes&quot;:{&quot;attribute_pa_color&quot;:&quot;fialova&quot;,&quot;attribute_pa_size&quot;:&quot;38&quot;},&quot;availability_html&quot;:&quot;&lt;p class=\\&quot;stock available-on-backorder\\&quot;&gt;Dostupn\\u00e9 na objedn\\u00e1vku&lt;\\\/p&gt;\\n&quot;,&quot;backorders_allowed&quot;:false,&quot;dimensions&quot;:{&quot;length&quot;:&quot;&quot;,&quot;width&quot;:&quot;&quot;,&quot;height&quot;:&quot;&quot;},&quot;dimensions_html&quot;:&quot;-&quot;,&quot;display_price&quot;:84.9899999999999948840923025272786617279052734375,&quot;display_regular_price&quot;:84.9899999999999948840923025272786617279052734375,&quot;image&quot;:{&quot;title&quot;:&quot;16.25_B31-fialov\\u00e1__1_-removebg-preview&quot;,&quot;caption&quot;:&quot;&quot;,&quot;url&quot;:&quot;https:\\\/\\\/www.topobuv.eu\\\/wp-content\\\/uploads\\\/2025\\\/02\\\/16.25_B31-fialova__1_-removebg-preview.png&quot;,&quot;alt&quot;:&quot;16.25_B31-fialov\\u00e1__1_-removebg-preview&quot;,&quot;src&quot;:&quot;https:\\\/\\\/www.topobuv.eu\\\/wp-content\\\/uploads\\\/2025\\\/02\\\/16.25_B31-fialova__1_-removebg-preview.png&quot;,&quot;srcset&quot;:&quot;https:\\\/\\\/www.topobuv.eu\\\/wp-content\\\/uploads\\\/2025\\\/02\\\/16.25_B31-fialova__1_-removebg-preview.png 600w, https:\\\/\\\/www.topobuv.eu\\\/wp-content\\\/uploads\\\/2025\\\/02\\\/16.25_B31-fialova__1_-removebg-preview-64x43.png 64w&quot;,&quot;sizes&quot;:&quot;(max-width: 600px) 100vw, 600px&quot;,&quot;full_src&quot;:&quot;https:\\\/\\\/www.topobuv.eu\\\/wp-content\\\/uploads\\\/2025\\\/02\\\/16.25_B31-fialova__1_-removebg-preview.png&quot;,&quot;full_src_w&quot;:600,&quot;full_src_h&quot;:400,&quot;gallery_thumbnail_src&quot;:&quot;https:\\\/\\\/www.topobuv.eu\\\/wp-content\\\/uploads\\\/2025\\\/02\\\/16.25_B31-fialova__1_-removebg-preview-100x100.png&quot;,&quot;gallery_thumbnail_src_w&quot;:100,&quot;gallery_thumbnail_src_h&quot;:100,&quot;thumb_src&quot;:&quot;https:\\\/\\\/www.topobuv.eu\\\/wp-content\\\/uploads\\\/2025\\\/02\\\/16.25_B31-fialova__1_-removebg-preview.png&quot;,&quot;thumb_src_w&quot;:600,&quot;thumb_src_h&quot;:400,&quot;src_w&quot;:600,&quot;src_h&quot;:400},&quot;image_id&quot;:9547,&quot;is_downloadable&quot;:false,&quot;is_in_stock&quot;:true,&quot;is_purchasable&quot;:true,&quot;is_sold_individually&quot;:&quot;no&quot;,&quot;is_virtual&quot;:false,&quot;max_qty&quot;:&quot;&quot;,&quot;min_qty&quot;:1,&quot;price_html&quot;:&quot;&quot;,&quot;sku&quot;:&quot;&quot;,&quot;variation_description&quot;:&quot;&quot;,&quot;variation_id&quot;:9552,&quot;variation_is_active&quot;:true,&quot;variation_is_visible&quot;:true,&quot;weight&quot;:&quot;&quot;,&quot;weight_html&quot;:&quot;-&quot;},{&quot;attributes&quot;:{&quot;attribute_pa_color&quot;:&quot;fialova&quot;,&quot;attribute_pa_size&quot;:&quot;39&quot;},&quot;availability_html&quot;:&quot;&lt;p class=\\&quot;stock available-on-backorder\\&quot;&gt;Dostupn\\u00e9 na objedn\\u00e1vku&lt;\\\/p&gt;\\n&quot;,&quot;backorders_allowed&quot;:false,&quot;dimensions&quot;:{&quot;length&quot;:&quot;&quot;,&quot;width&quot;:&quot;&quot;,&quot;height&quot;:&quot;&quot;},&quot;dimensions_html&quot;:&quot;-&quot;,&quot;display_price&quot;:84.9899999999999948840923025272786617279052734375,&quot;display_regular_price&quot;:84.9899999999999948840923025272786617279052734375,&quot;image&quot;:{&quot;title&quot;:&quot;16.25_B31-fialov\\u00e1__1_-removebg-preview&quot;,&quot;caption&quot;:&quot;&quot;,&quot;url&quot;:&quot;https:\\\/\\\/www.topobuv.eu\\\/wp-content\\\/uploads\\\/2025\\\/02\\\/16.25_B31-fialova__1_-removebg-preview.png&quot;,&quot;alt&quot;:&quot;16.25_B31-fialov\\u00e1__1_-removebg-preview&quot;,&quot;src&quot;:&quot;https:\\\/\\\/www.topobuv.eu\\\/wp-content\\\/uploads\\\/2025\\\/02\\\/16.25_B31-fialova__1_-removebg-preview.png&quot;,&quot;srcset&quot;:&quot;https:\\\/\\\/www.topobuv.eu\\\/wp-content\\\/uploads\\\/2025\\\/02\\\/16.25_B31-fialova__1_-removebg-preview.png 600w, https:\\\/\\\/www.topobuv.eu\\\/wp-content\\\/uploads\\\/2025\\\/02\\\/16.25_B31-fialova__1_-removebg-preview-64x43.png 64w&quot;,&quot;sizes&quot;:&quot;(max-width: 600px) 100vw, 600px&quot;,&quot;full_src&quot;:&quot;https:\\\/\\\/www.topobuv.eu\\\/wp-content\\\/uploads\\\/2025\\\/02\\\/16.25_B31-fialova__1_-removebg-preview.png&quot;,&quot;full_src_w&quot;:600,&quot;full_src_h&quot;:400,&quot;gallery_thumbnail_src&quot;:&quot;https:\\\/\\\/www.topobuv.eu\\\/wp-content\\\/uploads\\\/2025\\\/02\\\/16.25_B31-fialova__1_-removebg-preview-100x100.png&quot;,&quot;gallery_thumbnail_src_w&quot;:100,&quot;gallery_thumbnail_src_h&quot;:100,&quot;thumb_src&quot;:&quot;https:\\\/\\\/www.topobuv.eu\\\/wp-content\\\/uploads\\\/2025\\\/02\\\/16.25_B31-fialova__1_-removebg-preview.png&quot;,&quot;thumb_src_w&quot;:600,&quot;thumb_src_h&quot;:400,&quot;src_w&quot;:600,&quot;src_h&quot;:400},&quot;image_id&quot;:9547,&quot;is_downloadable&quot;:false,&quot;is_in_stock&quot;:true,&quot;is_purchasable&quot;:true,&quot;is_sold_individually&quot;:&quot;no&quot;,&quot;is_virtual&quot;:false,&quot;max_qty&quot;:&quot;&quot;,&quot;min_qty&quot;:1,&quot;price_html&quot;:&quot;&quot;,&quot;sku&quot;:&quot;&quot;,&quot;variation_description&quot;:&quot;&quot;,&quot;variation_id&quot;:9553,&quot;variation_is_active&quot;:true,&quot;variation_is_visible&quot;:true,&quot;weight&quot;:&quot;&quot;,&quot;weight_html&quot;:&quot;-&quot;},{&quot;attributes&quot;:{&quot;attribute_pa_color&quot;:&quot;fialova&quot;,&quot;attribute_pa_size&quot;:&quot;40&quot;},&quot;availability_html&quot;:&quot;&lt;p class=\\&quot;stock available-on-backorder\\&quot;&gt;Dostupn\\u00e9 na objedn\\u00e1vku&lt;\\\/p&gt;\\n&quot;,&quot;backorders_allowed&quot;:false,&quot;dimensions&quot;:{&quot;length&quot;:&quot;&quot;,&quot;width&quot;:&quot;&quot;,&quot;height&quot;:&quot;&quot;},&quot;dimensions_html&quot;:&quot;-&quot;,&quot;display_price&quot;:84.9899999999999948840923025272786617279052734375,&quot;display_regular_price&quot;:84.9899999999999948840923025272786617279052734375,&quot;image&quot;:{&quot;title&quot;:&quot;16.25_B31-fialov\\u00e1__1_-removebg-preview&quot;,&quot;caption&quot;:&quot;&quot;,&quot;url&quot;:&quot;https:\\\/\\\/www.topobuv.eu\\\/wp-content\\\/uploads\\\/2025\\\/02\\\/16.25_B31-fialova__1_-removebg-preview.png&quot;,&quot;alt&quot;:&quot;16.25_B31-fialov\\u00e1__1_-removebg-preview&quot;,&quot;src&quot;:&quot;https:\\\/\\\/www.topobuv.eu\\\/wp-content\\\/uploads\\\/2025\\\/02\\\/16.25_B31-fialova__1_-removebg-preview.png&quot;,&quot;srcset&quot;:&quot;https:\\\/\\\/www.topobuv.eu\\\/wp-content\\\/uploads\\\/2025\\\/02\\\/16.25_B31-fialova__1_-removebg-preview.png 600w, https:\\\/\\\/www.topobuv.eu\\\/wp-content\\\/uploads\\\/2025\\\/02\\\/16.25_B31-fialova__1_-removebg-preview-64x43.png 64w&quot;,&quot;sizes&quot;:&quot;(max-width: 600px) 100vw, 600px&quot;,&quot;full_src&quot;:&quot;https:\\\/\\\/www.topobuv.eu\\\/wp-content\\\/uploads\\\/2025\\\/02\\\/16.25_B31-fialova__1_-removebg-preview.png&quot;,&quot;full_src_w&quot;:600,&quot;full_src_h&quot;:400,&quot;gallery_thumbnail_src&quot;:&quot;https:\\\/\\\/www.topobuv.eu\\\/wp-content\\\/uploads\\\/2025\\\/02\\\/16.25_B31-fialova__1_-removebg-preview-100x100.png&quot;,&quot;gallery_thumbnail_src_w&quot;:100,&quot;gallery_thumbnail_src_h&quot;:100,&quot;thumb_src&quot;:&quot;https:\\\/\\\/www.topobuv.eu\\\/wp-content\\\/uploads\\\/2025\\\/02\\\/16.25_B31-fialova__1_-removebg-preview.png&quot;,&quot;thumb_src_w&quot;:600,&quot;thumb_src_h&quot;:400,&quot;src_w&quot;:600,&quot;src_h&quot;:400},&quot;image_id&quot;:9547,&quot;is_downloadable&quot;:false,&quot;is_in_stock&quot;:true,&quot;is_purchasable&quot;:true,&quot;is_sold_individually&quot;:&quot;no&quot;,&quot;is_virtual&quot;:false,&quot;max_qty&quot;:&quot;&quot;,&quot;min_qty&quot;:1,&quot;price_html&quot;:&quot;&quot;,&quot;sku&quot;:&quot;&quot;,&quot;variation_description&quot;:&quot;&quot;,&quot;variation_id&quot;:9554,&quot;variation_is_active&quot;:true,&quot;variation_is_visible&quot;:true,&quot;weight&quot;:&quot;&quot;,&quot;weight_html&quot;:&quot;-&quot;},{&quot;attributes&quot;:{&quot;attribute_pa_color&quot;:&quot;fialova&quot;,&quot;attribute_pa_size&quot;:&quot;41&quot;},&quot;availability_html&quot;:&quot;&lt;p class=\\&quot;stock available-on-backorder\\&quot;&gt;Dostupn\\u00e9 na objedn\\u00e1vku&lt;\\\/p&gt;\\n&quot;,&quot;backorders_allowed&quot;:false,&quot;dimensions&quot;:{&quot;length&quot;:&quot;&quot;,&quot;width&quot;:&quot;&quot;,&quot;height&quot;:&quot;&quot;},&quot;dimensions_html&quot;:&quot;-&quot;,&quot;display_price&quot;:84.9899999999999948840923025272786617279052734375,&quot;display_regular_price&quot;:84.9899999999999948840923025272786617279052734375,&quot;image&quot;:{&quot;title&quot;:&quot;16.25_B31-fialov\\u00e1__1_-removebg-preview&quot;,&quot;caption&quot;:&quot;&quot;,&quot;url&quot;:&quot;https:\\\/\\\/www.topobuv.eu\\\/wp-content\\\/uploads\\\/2025\\\/02\\\/16.25_B31-fialova__1_-removebg-preview.png&quot;,&quot;alt&quot;:&quot;16.25_B31-fialov\\u00e1__1_-removebg-preview&quot;,&quot;src&quot;:&quot;https:\\\/\\\/www.topobuv.eu\\\/wp-content\\\/uploads\\\/2025\\\/02\\\/16.25_B31-fialova__1_-removebg-preview.png&quot;,&quot;srcset&quot;:&quot;https:\\\/\\\/www.topobuv.eu\\\/wp-content\\\/uploads\\\/2025\\\/02\\\/16.25_B31-fialova__1_-removebg-preview.png 600w, https:\\\/\\\/www.topobuv.eu\\\/wp-content\\\/uploads\\\/2025\\\/02\\\/16.25_B31-fialova__1_-removebg-preview-64x43.png 64w&quot;,&quot;sizes&quot;:&quot;(max-width: 600px) 100vw, 600px&quot;,&quot;full_src&quot;:&quot;https:\\\/\\\/www.topobuv.eu\\\/wp-content\\\/uploads\\\/2025\\\/02\\\/16.25_B31-fialova__1_-removebg-preview.png&quot;,&quot;full_src_w&quot;:600,&quot;full_src_h&quot;:400,&quot;gallery_thumbnail_src&quot;:&quot;https:\\\/\\\/www.topobuv.eu\\\/wp-content\\\/uploads\\\/2025\\\/02\\\/16.25_B31-fialova__1_-removebg-preview-100x100.png&quot;,&quot;gallery_thumbnail_src_w&quot;:100,&quot;gallery_thumbnail_src_h&quot;:100,&quot;thumb_src&quot;:&quot;https:\\\/\\\/www.topobuv.eu\\\/wp-content\\\/uploads\\\/2025\\\/02\\\/16.25_B31-fialova__1_-removebg-preview.png&quot;,&quot;thumb_src_w&quot;:600,&quot;thumb_src_h&quot;:400,&quot;src_w&quot;:600,&quot;src_h&quot;:400},&quot;image_id&quot;:9547,&quot;is_downloadable&quot;:false,&quot;is_in_stock&quot;:true,&quot;is_purchasable&quot;:true,&quot;is_sold_individually&quot;:&quot;no&quot;,&quot;is_virtual&quot;:false,&quot;max_qty&quot;:&quot;&quot;,&quot;min_qty&quot;:1,&quot;price_html&quot;:&quot;&quot;,&quot;sku&quot;:&quot;&quot;,&quot;variation_description&quot;:&quot;&quot;,&quot;variation_id&quot;:9555,&quot;variation_is_active&quot;:true,&quot;variation_is_visible&quot;:true,&quot;weight&quot;:&quot;&quot;,&quot;weight_html&quot;:&quot;-&quot;}]\">\n<div data-product_id=\"9546\" data-threshold_min=\"30\" data-threshold_max=\"100\" data-total=\"6\"><\/div>\n<\/form>\n","protected":false},"featured_media":19261,"comment_status":"open","ping_status":"closed","template":"","meta":{"site-sidebar-layout":"default","site-content-layout":"","ast-site-content-layout":"default","site-content-style":"default","site-sidebar-style":"default","ast-global-header-display":"","ast-banner-title-visibility":"","ast-main-header-display":"","ast-hfb-above-header-display":"","ast-hfb-below-header-display":"","ast-hfb-mobile-header-display":"","site-post-title":"","ast-breadcrumbs-content":"","ast-featured-img":"","footer-sml-layout":"","ast-disable-related-posts":"","theme-transparent-header-meta":"default","adv-header-id-meta":"","stick-header-meta":"","header-above-stick-meta":"","header-main-stick-meta":"","header-below-stick-meta":"","astra-migrate-meta-layouts":"set","ast-page-background-enabled":"default","ast-page-background-meta":{"desktop":{"background-color":"","background-image":"","background-repeat":"repeat","background-position":"center center","background-size":"auto","background-attachment":"scroll","background-type":"","background-media":"","overlay-type":"","overlay-color":"","overlay-opacity":"","overlay-gradient":""},"tablet":{"background-color":"","background-image":"","background-repeat":"repeat","background-position":"center center","background-size":"auto","background-attachment":"scroll","background-type":"","background-media":"","overlay-type":"","overlay-color":"","overlay-opacity":"","overlay-gradient":""},"mobile":{"background-color":"","background-image":"","background-repeat":"repeat","background-position":"center center","background-size":"auto","background-attachment":"scroll","background-type":"","background-media":"","overlay-type":"","overlay-color":"","overlay-opacity":"","overlay-gradient":""}},"ast-content-background-meta":{"desktop":{"background-color":"var(--ast-global-color-5)","background-image":"","background-repeat":"repeat","background-position":"center center","background-size":"auto","background-attachment":"scroll","background-type":"","background-media":"","overlay-type":"","overlay-color":"","overlay-opacity":"","overlay-gradient":""},"tablet":{"background-color":"var(--ast-global-color-5)","background-image":"","background-repeat":"repeat","background-position":"center center","background-size":"auto","background-attachment":"scroll","background-type":"","background-media":"","overlay-type":"","overlay-color":"","overlay-opacity":"","overlay-gradient":""},"mobile":{"background-color":"var(--ast-global-color-5)","background-image":"","background-repeat":"repeat","background-position":"center center","background-size":"auto","background-attachment":"scroll","background-type":"","background-media":"","overlay-type":"","overlay-color":"","overlay-opacity":"","overlay-gradient":""}}},"product_brand":[],"product_cat":[50,94],"product_tag":[],"class_list":{"0":"post-19280","1":"product","2":"type-product","3":"status-publish","4":"has-post-thumbnail","6":"product_cat-zeny","7":"product_cat-poltopanky-zeny","8":"desktop-align-center","9":"tablet-align-left","10":"mobile-align-left","12":"first","13":"onbackorder","14":"taxable","15":"shipping-taxable","16":"purchasable","17":"product-type-variable"},"_links":{"self":[{"href":"https:\/\/www.topobuv.eu\/sk\/wp-json\/wp\/v2\/product\/19280","targetHints":{"allow":["GET"]}}],"collection":[{"href":"https:\/\/www.topobuv.eu\/sk\/wp-json\/wp\/v2\/product"}],"about":[{"href":"https:\/\/www.topobuv.eu\/sk\/wp-json\/wp\/v2\/types\/product"}],"replies":[{"embeddable":true,"href":"https:\/\/www.topobuv.eu\/sk\/wp-json\/wp\/v2\/comments?post=19280"}],"version-history":[{"count":1,"href":"https:\/\/www.topobuv.eu\/sk\/wp-json\/wp\/v2\/product\/19280\/revisions"}],"predecessor-version":[{"id":19287,"href":"https:\/\/www.topobuv.eu\/sk\/wp-json\/wp\/v2\/product\/19280\/revisions\/19287"}],"wp:featuredmedia":[{"embeddable":true,"href":"https:\/\/www.topobuv.eu\/sk\/wp-json\/wp\/v2\/media\/19261"}],"wp:attachment":[{"href":"https:\/\/www.topobuv.eu\/sk\/wp-json\/wp\/v2\/media?parent=19280"}],"wp:term":[{"taxonomy":"product_brand","embeddable":true,"href":"https:\/\/www.topobuv.eu\/sk\/wp-json\/wp\/v2\/product_brand?post=19280"},{"taxonomy":"product_cat","embeddable":true,"href":"https:\/\/www.topobuv.eu\/sk\/wp-json\/wp\/v2\/product_cat?post=19280"},{"taxonomy":"product_tag","embeddable":true,"href":"https:\/\/www.topobuv.eu\/sk\/wp-json\/wp\/v2\/product_tag?post=19280"}],"curies":[{"name":"wp","href":"https:\/\/api.w.org\/{rel}","templated":true}]}}