{"id":18347,"date":"2025-09-09T11:58:06","date_gmt":"2025-09-09T10:58:06","guid":{"rendered":"https:\/\/www.topobuv.eu\/?post_type=product&#038;p=18347"},"modified":"2025-09-09T11:58:06","modified_gmt":"2025-09-09T10:58:06","slug":"damska-obuv-1807","status":"publish","type":"product","link":"https:\/\/www.topobuv.eu\/sk\/produkt\/damska-obuv-1807\/","title":{"rendered":"D\u00e1mska Obuv 1807"},"content":{"rendered":"","protected":false},"excerpt":{"rendered":"<div class=\"woocommerce-product-details__short-description\">\n<p>Tieto \u0161t\u00fdlov\u00e9 d\u00e1mske tenisky s\u00fa vyroben\u00e9 z prvotriednej hladkej ko\u017ee, ktor\u00e1 sa vyzna\u010duje prirodzenou eleganciou. Zvr\u0161ok dod\u00e1va klasick\u00fd vzh\u013ead, ktor\u00fd sa hod\u00ed k be\u017en\u00fdm outfitom. Pevn\u00e1, no z\u00e1rove\u0148 pohodln\u00e1 podr\u00e1\u017eka na platforme 4 cm vzadu a 3 cm vpredu poskytuje stabilitu pri ch\u00f4dzi, zatia\u013e \u010do kvalitn\u00e9 spracovanie zaru\u010duje dlhodob\u00fa trv\u00e1cnos\u0165. Ide\u00e1lne na ka\u017edodenn\u00e9 nosenie.<\/p>\n<\/div>\n<form class=\"variations_form cart wvs-loaded\" action=\"https:\/\/www.topobuv.eu\/sk\/produkt\/damska-obuv-4168\/\" enctype=\"multipart\/form-data\" method=\"post\" data-product_id=\"17863\" data-product_variations=\"[{&quot;attributes&quot;:{&quot;attribute_pa_color&quot;:&quot;biela&quot;,&quot;attribute_pa_size&quot;:&quot;36&quot;},&quot;availability_html&quot;:&quot;&lt;p class=\\&quot;stock available-on-backorder\\&quot;&gt;Dostupn\\u00e9 na objedn\\u00e1vku&lt;\\\/p&gt;\\n&quot;,&quot;backorders_allowed&quot;:false,&quot;dimensions&quot;:{&quot;length&quot;:&quot;&quot;,&quot;width&quot;:&quot;&quot;,&quot;height&quot;:&quot;&quot;},&quot;dimensions_html&quot;:&quot;-&quot;,&quot;display_price&quot;:89.9899999999999948840923025272786617279052734375,&quot;display_regular_price&quot;:89.9899999999999948840923025272786617279052734375,&quot;image&quot;:{&quot;title&quot;:&quot;4168_1487_biela___1_-min-removebg-preview&quot;,&quot;caption&quot;:&quot;&quot;,&quot;url&quot;:&quot;https:\\\/\\\/www.topobuv.eu\\\/wp-content\\\/uploads\\\/2025\\\/09\\\/4168_1487_biela___1_-min-removebg-preview.png&quot;,&quot;alt&quot;:&quot;4168_1487_biela___1_-min-removebg-preview&quot;,&quot;src&quot;:&quot;https:\\\/\\\/www.topobuv.eu\\\/wp-content\\\/uploads\\\/2025\\\/09\\\/4168_1487_biela___1_-min-removebg-preview.png&quot;,&quot;srcset&quot;:&quot;https:\\\/\\\/www.topobuv.eu\\\/wp-content\\\/uploads\\\/2025\\\/09\\\/4168_1487_biela___1_-min-removebg-preview.png 611w, https:\\\/\\\/www.topobuv.eu\\\/wp-content\\\/uploads\\\/2025\\\/09\\\/4168_1487_biela___1_-min-removebg-preview-300x200.png 300w, https:\\\/\\\/www.topobuv.eu\\\/wp-content\\\/uploads\\\/2025\\\/09\\\/4168_1487_biela___1_-min-removebg-preview-150x100.png 150w, https:\\\/\\\/www.topobuv.eu\\\/wp-content\\\/uploads\\\/2025\\\/09\\\/4168_1487_biela___1_-min-removebg-preview-18x12.png 18w, https:\\\/\\\/www.topobuv.eu\\\/wp-content\\\/uploads\\\/2025\\\/09\\\/4168_1487_biela___1_-min-removebg-preview-64x43.png 64w&quot;,&quot;sizes&quot;:&quot;(max-width: 611px) 100vw, 611px&quot;,&quot;full_src&quot;:&quot;https:\\\/\\\/www.topobuv.eu\\\/wp-content\\\/uploads\\\/2025\\\/09\\\/4168_1487_biela___1_-min-removebg-preview.png&quot;,&quot;full_src_w&quot;:611,&quot;full_src_h&quot;:408,&quot;gallery_thumbnail_src&quot;:&quot;https:\\\/\\\/www.topobuv.eu\\\/wp-content\\\/uploads\\\/2025\\\/09\\\/4168_1487_biela___1_-min-removebg-preview-100x100.png&quot;,&quot;gallery_thumbnail_src_w&quot;:100,&quot;gallery_thumbnail_src_h&quot;:100,&quot;thumb_src&quot;:&quot;https:\\\/\\\/www.topobuv.eu\\\/wp-content\\\/uploads\\\/2025\\\/09\\\/4168_1487_biela___1_-min-removebg-preview.png&quot;,&quot;thumb_src_w&quot;:611,&quot;thumb_src_h&quot;:408,&quot;src_w&quot;:611,&quot;src_h&quot;:408},&quot;image_id&quot;:17864,&quot;is_downloadable&quot;:false,&quot;is_in_stock&quot;:true,&quot;is_purchasable&quot;:true,&quot;is_sold_individually&quot;:&quot;no&quot;,&quot;is_virtual&quot;:false,&quot;max_qty&quot;:&quot;&quot;,&quot;min_qty&quot;:1,&quot;price_html&quot;:&quot;&quot;,&quot;sku&quot;:&quot;&quot;,&quot;variation_description&quot;:&quot;&quot;,&quot;variation_id&quot;:17873,&quot;variation_is_active&quot;:true,&quot;variation_is_visible&quot;:true,&quot;weight&quot;:&quot;&quot;,&quot;weight_html&quot;:&quot;-&quot;},{&quot;attributes&quot;:{&quot;attribute_pa_color&quot;:&quot;biela&quot;,&quot;attribute_pa_size&quot;:&quot;37&quot;},&quot;availability_html&quot;:&quot;&lt;p class=\\&quot;stock available-on-backorder\\&quot;&gt;Dostupn\\u00e9 na objedn\\u00e1vku&lt;\\\/p&gt;\\n&quot;,&quot;backorders_allowed&quot;:false,&quot;dimensions&quot;:{&quot;length&quot;:&quot;&quot;,&quot;width&quot;:&quot;&quot;,&quot;height&quot;:&quot;&quot;},&quot;dimensions_html&quot;:&quot;-&quot;,&quot;display_price&quot;:89.9899999999999948840923025272786617279052734375,&quot;display_regular_price&quot;:89.9899999999999948840923025272786617279052734375,&quot;image&quot;:{&quot;title&quot;:&quot;4168_1487_biela___1_-min-removebg-preview&quot;,&quot;caption&quot;:&quot;&quot;,&quot;url&quot;:&quot;https:\\\/\\\/www.topobuv.eu\\\/wp-content\\\/uploads\\\/2025\\\/09\\\/4168_1487_biela___1_-min-removebg-preview.png&quot;,&quot;alt&quot;:&quot;4168_1487_biela___1_-min-removebg-preview&quot;,&quot;src&quot;:&quot;https:\\\/\\\/www.topobuv.eu\\\/wp-content\\\/uploads\\\/2025\\\/09\\\/4168_1487_biela___1_-min-removebg-preview.png&quot;,&quot;srcset&quot;:&quot;https:\\\/\\\/www.topobuv.eu\\\/wp-content\\\/uploads\\\/2025\\\/09\\\/4168_1487_biela___1_-min-removebg-preview.png 611w, https:\\\/\\\/www.topobuv.eu\\\/wp-content\\\/uploads\\\/2025\\\/09\\\/4168_1487_biela___1_-min-removebg-preview-300x200.png 300w, https:\\\/\\\/www.topobuv.eu\\\/wp-content\\\/uploads\\\/2025\\\/09\\\/4168_1487_biela___1_-min-removebg-preview-150x100.png 150w, https:\\\/\\\/www.topobuv.eu\\\/wp-content\\\/uploads\\\/2025\\\/09\\\/4168_1487_biela___1_-min-removebg-preview-18x12.png 18w, https:\\\/\\\/www.topobuv.eu\\\/wp-content\\\/uploads\\\/2025\\\/09\\\/4168_1487_biela___1_-min-removebg-preview-64x43.png 64w&quot;,&quot;sizes&quot;:&quot;(max-width: 611px) 100vw, 611px&quot;,&quot;full_src&quot;:&quot;https:\\\/\\\/www.topobuv.eu\\\/wp-content\\\/uploads\\\/2025\\\/09\\\/4168_1487_biela___1_-min-removebg-preview.png&quot;,&quot;full_src_w&quot;:611,&quot;full_src_h&quot;:408,&quot;gallery_thumbnail_src&quot;:&quot;https:\\\/\\\/www.topobuv.eu\\\/wp-content\\\/uploads\\\/2025\\\/09\\\/4168_1487_biela___1_-min-removebg-preview-100x100.png&quot;,&quot;gallery_thumbnail_src_w&quot;:100,&quot;gallery_thumbnail_src_h&quot;:100,&quot;thumb_src&quot;:&quot;https:\\\/\\\/www.topobuv.eu\\\/wp-content\\\/uploads\\\/2025\\\/09\\\/4168_1487_biela___1_-min-removebg-preview.png&quot;,&quot;thumb_src_w&quot;:611,&quot;thumb_src_h&quot;:408,&quot;src_w&quot;:611,&quot;src_h&quot;:408},&quot;image_id&quot;:17864,&quot;is_downloadable&quot;:false,&quot;is_in_stock&quot;:true,&quot;is_purchasable&quot;:true,&quot;is_sold_individually&quot;:&quot;no&quot;,&quot;is_virtual&quot;:false,&quot;max_qty&quot;:&quot;&quot;,&quot;min_qty&quot;:1,&quot;price_html&quot;:&quot;&quot;,&quot;sku&quot;:&quot;&quot;,&quot;variation_description&quot;:&quot;&quot;,&quot;variation_id&quot;:17874,&quot;variation_is_active&quot;:true,&quot;variation_is_visible&quot;:true,&quot;weight&quot;:&quot;&quot;,&quot;weight_html&quot;:&quot;-&quot;},{&quot;attributes&quot;:{&quot;attribute_pa_color&quot;:&quot;biela&quot;,&quot;attribute_pa_size&quot;:&quot;38&quot;},&quot;availability_html&quot;:&quot;&lt;p class=\\&quot;stock available-on-backorder\\&quot;&gt;Dostupn\\u00e9 na objedn\\u00e1vku&lt;\\\/p&gt;\\n&quot;,&quot;backorders_allowed&quot;:false,&quot;dimensions&quot;:{&quot;length&quot;:&quot;&quot;,&quot;width&quot;:&quot;&quot;,&quot;height&quot;:&quot;&quot;},&quot;dimensions_html&quot;:&quot;-&quot;,&quot;display_price&quot;:89.9899999999999948840923025272786617279052734375,&quot;display_regular_price&quot;:89.9899999999999948840923025272786617279052734375,&quot;image&quot;:{&quot;title&quot;:&quot;4168_1487_biela___1_-min-removebg-preview&quot;,&quot;caption&quot;:&quot;&quot;,&quot;url&quot;:&quot;https:\\\/\\\/www.topobuv.eu\\\/wp-content\\\/uploads\\\/2025\\\/09\\\/4168_1487_biela___1_-min-removebg-preview.png&quot;,&quot;alt&quot;:&quot;4168_1487_biela___1_-min-removebg-preview&quot;,&quot;src&quot;:&quot;https:\\\/\\\/www.topobuv.eu\\\/wp-content\\\/uploads\\\/2025\\\/09\\\/4168_1487_biela___1_-min-removebg-preview.png&quot;,&quot;srcset&quot;:&quot;https:\\\/\\\/www.topobuv.eu\\\/wp-content\\\/uploads\\\/2025\\\/09\\\/4168_1487_biela___1_-min-removebg-preview.png 611w, https:\\\/\\\/www.topobuv.eu\\\/wp-content\\\/uploads\\\/2025\\\/09\\\/4168_1487_biela___1_-min-removebg-preview-300x200.png 300w, https:\\\/\\\/www.topobuv.eu\\\/wp-content\\\/uploads\\\/2025\\\/09\\\/4168_1487_biela___1_-min-removebg-preview-150x100.png 150w, https:\\\/\\\/www.topobuv.eu\\\/wp-content\\\/uploads\\\/2025\\\/09\\\/4168_1487_biela___1_-min-removebg-preview-18x12.png 18w, https:\\\/\\\/www.topobuv.eu\\\/wp-content\\\/uploads\\\/2025\\\/09\\\/4168_1487_biela___1_-min-removebg-preview-64x43.png 64w&quot;,&quot;sizes&quot;:&quot;(max-width: 611px) 100vw, 611px&quot;,&quot;full_src&quot;:&quot;https:\\\/\\\/www.topobuv.eu\\\/wp-content\\\/uploads\\\/2025\\\/09\\\/4168_1487_biela___1_-min-removebg-preview.png&quot;,&quot;full_src_w&quot;:611,&quot;full_src_h&quot;:408,&quot;gallery_thumbnail_src&quot;:&quot;https:\\\/\\\/www.topobuv.eu\\\/wp-content\\\/uploads\\\/2025\\\/09\\\/4168_1487_biela___1_-min-removebg-preview-100x100.png&quot;,&quot;gallery_thumbnail_src_w&quot;:100,&quot;gallery_thumbnail_src_h&quot;:100,&quot;thumb_src&quot;:&quot;https:\\\/\\\/www.topobuv.eu\\\/wp-content\\\/uploads\\\/2025\\\/09\\\/4168_1487_biela___1_-min-removebg-preview.png&quot;,&quot;thumb_src_w&quot;:611,&quot;thumb_src_h&quot;:408,&quot;src_w&quot;:611,&quot;src_h&quot;:408},&quot;image_id&quot;:17864,&quot;is_downloadable&quot;:false,&quot;is_in_stock&quot;:true,&quot;is_purchasable&quot;:true,&quot;is_sold_individually&quot;:&quot;no&quot;,&quot;is_virtual&quot;:false,&quot;max_qty&quot;:&quot;&quot;,&quot;min_qty&quot;:1,&quot;price_html&quot;:&quot;&quot;,&quot;sku&quot;:&quot;&quot;,&quot;variation_description&quot;:&quot;&quot;,&quot;variation_id&quot;:17875,&quot;variation_is_active&quot;:true,&quot;variation_is_visible&quot;:true,&quot;weight&quot;:&quot;&quot;,&quot;weight_html&quot;:&quot;-&quot;},{&quot;attributes&quot;:{&quot;attribute_pa_color&quot;:&quot;biela&quot;,&quot;attribute_pa_size&quot;:&quot;39&quot;},&quot;availability_html&quot;:&quot;&lt;p class=\\&quot;stock available-on-backorder\\&quot;&gt;Dostupn\\u00e9 na objedn\\u00e1vku&lt;\\\/p&gt;\\n&quot;,&quot;backorders_allowed&quot;:false,&quot;dimensions&quot;:{&quot;length&quot;:&quot;&quot;,&quot;width&quot;:&quot;&quot;,&quot;height&quot;:&quot;&quot;},&quot;dimensions_html&quot;:&quot;-&quot;,&quot;display_price&quot;:89.9899999999999948840923025272786617279052734375,&quot;display_regular_price&quot;:89.9899999999999948840923025272786617279052734375,&quot;image&quot;:{&quot;title&quot;:&quot;4168_1487_biela___1_-min-removebg-preview&quot;,&quot;caption&quot;:&quot;&quot;,&quot;url&quot;:&quot;https:\\\/\\\/www.topobuv.eu\\\/wp-content\\\/uploads\\\/2025\\\/09\\\/4168_1487_biela___1_-min-removebg-preview.png&quot;,&quot;alt&quot;:&quot;4168_1487_biela___1_-min-removebg-preview&quot;,&quot;src&quot;:&quot;https:\\\/\\\/www.topobuv.eu\\\/wp-content\\\/uploads\\\/2025\\\/09\\\/4168_1487_biela___1_-min-removebg-preview.png&quot;,&quot;srcset&quot;:&quot;https:\\\/\\\/www.topobuv.eu\\\/wp-content\\\/uploads\\\/2025\\\/09\\\/4168_1487_biela___1_-min-removebg-preview.png 611w, https:\\\/\\\/www.topobuv.eu\\\/wp-content\\\/uploads\\\/2025\\\/09\\\/4168_1487_biela___1_-min-removebg-preview-300x200.png 300w, https:\\\/\\\/www.topobuv.eu\\\/wp-content\\\/uploads\\\/2025\\\/09\\\/4168_1487_biela___1_-min-removebg-preview-150x100.png 150w, https:\\\/\\\/www.topobuv.eu\\\/wp-content\\\/uploads\\\/2025\\\/09\\\/4168_1487_biela___1_-min-removebg-preview-18x12.png 18w, https:\\\/\\\/www.topobuv.eu\\\/wp-content\\\/uploads\\\/2025\\\/09\\\/4168_1487_biela___1_-min-removebg-preview-64x43.png 64w&quot;,&quot;sizes&quot;:&quot;(max-width: 611px) 100vw, 611px&quot;,&quot;full_src&quot;:&quot;https:\\\/\\\/www.topobuv.eu\\\/wp-content\\\/uploads\\\/2025\\\/09\\\/4168_1487_biela___1_-min-removebg-preview.png&quot;,&quot;full_src_w&quot;:611,&quot;full_src_h&quot;:408,&quot;gallery_thumbnail_src&quot;:&quot;https:\\\/\\\/www.topobuv.eu\\\/wp-content\\\/uploads\\\/2025\\\/09\\\/4168_1487_biela___1_-min-removebg-preview-100x100.png&quot;,&quot;gallery_thumbnail_src_w&quot;:100,&quot;gallery_thumbnail_src_h&quot;:100,&quot;thumb_src&quot;:&quot;https:\\\/\\\/www.topobuv.eu\\\/wp-content\\\/uploads\\\/2025\\\/09\\\/4168_1487_biela___1_-min-removebg-preview.png&quot;,&quot;thumb_src_w&quot;:611,&quot;thumb_src_h&quot;:408,&quot;src_w&quot;:611,&quot;src_h&quot;:408},&quot;image_id&quot;:17864,&quot;is_downloadable&quot;:false,&quot;is_in_stock&quot;:true,&quot;is_purchasable&quot;:true,&quot;is_sold_individually&quot;:&quot;no&quot;,&quot;is_virtual&quot;:false,&quot;max_qty&quot;:&quot;&quot;,&quot;min_qty&quot;:1,&quot;price_html&quot;:&quot;&quot;,&quot;sku&quot;:&quot;&quot;,&quot;variation_description&quot;:&quot;&quot;,&quot;variation_id&quot;:17876,&quot;variation_is_active&quot;:true,&quot;variation_is_visible&quot;:true,&quot;weight&quot;:&quot;&quot;,&quot;weight_html&quot;:&quot;-&quot;},{&quot;attributes&quot;:{&quot;attribute_pa_color&quot;:&quot;biela&quot;,&quot;attribute_pa_size&quot;:&quot;40&quot;},&quot;availability_html&quot;:&quot;&lt;p class=\\&quot;stock available-on-backorder\\&quot;&gt;Dostupn\\u00e9 na objedn\\u00e1vku&lt;\\\/p&gt;\\n&quot;,&quot;backorders_allowed&quot;:false,&quot;dimensions&quot;:{&quot;length&quot;:&quot;&quot;,&quot;width&quot;:&quot;&quot;,&quot;height&quot;:&quot;&quot;},&quot;dimensions_html&quot;:&quot;-&quot;,&quot;display_price&quot;:89.9899999999999948840923025272786617279052734375,&quot;display_regular_price&quot;:89.9899999999999948840923025272786617279052734375,&quot;image&quot;:{&quot;title&quot;:&quot;4168_1487_biela___1_-min-removebg-preview&quot;,&quot;caption&quot;:&quot;&quot;,&quot;url&quot;:&quot;https:\\\/\\\/www.topobuv.eu\\\/wp-content\\\/uploads\\\/2025\\\/09\\\/4168_1487_biela___1_-min-removebg-preview.png&quot;,&quot;alt&quot;:&quot;4168_1487_biela___1_-min-removebg-preview&quot;,&quot;src&quot;:&quot;https:\\\/\\\/www.topobuv.eu\\\/wp-content\\\/uploads\\\/2025\\\/09\\\/4168_1487_biela___1_-min-removebg-preview.png&quot;,&quot;srcset&quot;:&quot;https:\\\/\\\/www.topobuv.eu\\\/wp-content\\\/uploads\\\/2025\\\/09\\\/4168_1487_biela___1_-min-removebg-preview.png 611w, https:\\\/\\\/www.topobuv.eu\\\/wp-content\\\/uploads\\\/2025\\\/09\\\/4168_1487_biela___1_-min-removebg-preview-300x200.png 300w, https:\\\/\\\/www.topobuv.eu\\\/wp-content\\\/uploads\\\/2025\\\/09\\\/4168_1487_biela___1_-min-removebg-preview-150x100.png 150w, https:\\\/\\\/www.topobuv.eu\\\/wp-content\\\/uploads\\\/2025\\\/09\\\/4168_1487_biela___1_-min-removebg-preview-18x12.png 18w, https:\\\/\\\/www.topobuv.eu\\\/wp-content\\\/uploads\\\/2025\\\/09\\\/4168_1487_biela___1_-min-removebg-preview-64x43.png 64w&quot;,&quot;sizes&quot;:&quot;(max-width: 611px) 100vw, 611px&quot;,&quot;full_src&quot;:&quot;https:\\\/\\\/www.topobuv.eu\\\/wp-content\\\/uploads\\\/2025\\\/09\\\/4168_1487_biela___1_-min-removebg-preview.png&quot;,&quot;full_src_w&quot;:611,&quot;full_src_h&quot;:408,&quot;gallery_thumbnail_src&quot;:&quot;https:\\\/\\\/www.topobuv.eu\\\/wp-content\\\/uploads\\\/2025\\\/09\\\/4168_1487_biela___1_-min-removebg-preview-100x100.png&quot;,&quot;gallery_thumbnail_src_w&quot;:100,&quot;gallery_thumbnail_src_h&quot;:100,&quot;thumb_src&quot;:&quot;https:\\\/\\\/www.topobuv.eu\\\/wp-content\\\/uploads\\\/2025\\\/09\\\/4168_1487_biela___1_-min-removebg-preview.png&quot;,&quot;thumb_src_w&quot;:611,&quot;thumb_src_h&quot;:408,&quot;src_w&quot;:611,&quot;src_h&quot;:408},&quot;image_id&quot;:17864,&quot;is_downloadable&quot;:false,&quot;is_in_stock&quot;:true,&quot;is_purchasable&quot;:true,&quot;is_sold_individually&quot;:&quot;no&quot;,&quot;is_virtual&quot;:false,&quot;max_qty&quot;:&quot;&quot;,&quot;min_qty&quot;:1,&quot;price_html&quot;:&quot;&quot;,&quot;sku&quot;:&quot;&quot;,&quot;variation_description&quot;:&quot;&quot;,&quot;variation_id&quot;:17877,&quot;variation_is_active&quot;:true,&quot;variation_is_visible&quot;:true,&quot;weight&quot;:&quot;&quot;,&quot;weight_html&quot;:&quot;-&quot;},{&quot;attributes&quot;:{&quot;attribute_pa_color&quot;:&quot;biela&quot;,&quot;attribute_pa_size&quot;:&quot;41&quot;},&quot;availability_html&quot;:&quot;&lt;p class=\\&quot;stock available-on-backorder\\&quot;&gt;Dostupn\\u00e9 na objedn\\u00e1vku&lt;\\\/p&gt;\\n&quot;,&quot;backorders_allowed&quot;:false,&quot;dimensions&quot;:{&quot;length&quot;:&quot;&quot;,&quot;width&quot;:&quot;&quot;,&quot;height&quot;:&quot;&quot;},&quot;dimensions_html&quot;:&quot;-&quot;,&quot;display_price&quot;:89.9899999999999948840923025272786617279052734375,&quot;display_regular_price&quot;:89.9899999999999948840923025272786617279052734375,&quot;image&quot;:{&quot;title&quot;:&quot;4168_1487_biela___1_-min-removebg-preview&quot;,&quot;caption&quot;:&quot;&quot;,&quot;url&quot;:&quot;https:\\\/\\\/www.topobuv.eu\\\/wp-content\\\/uploads\\\/2025\\\/09\\\/4168_1487_biela___1_-min-removebg-preview.png&quot;,&quot;alt&quot;:&quot;4168_1487_biela___1_-min-removebg-preview&quot;,&quot;src&quot;:&quot;https:\\\/\\\/www.topobuv.eu\\\/wp-content\\\/uploads\\\/2025\\\/09\\\/4168_1487_biela___1_-min-removebg-preview.png&quot;,&quot;srcset&quot;:&quot;https:\\\/\\\/www.topobuv.eu\\\/wp-content\\\/uploads\\\/2025\\\/09\\\/4168_1487_biela___1_-min-removebg-preview.png 611w, https:\\\/\\\/www.topobuv.eu\\\/wp-content\\\/uploads\\\/2025\\\/09\\\/4168_1487_biela___1_-min-removebg-preview-300x200.png 300w, https:\\\/\\\/www.topobuv.eu\\\/wp-content\\\/uploads\\\/2025\\\/09\\\/4168_1487_biela___1_-min-removebg-preview-150x100.png 150w, https:\\\/\\\/www.topobuv.eu\\\/wp-content\\\/uploads\\\/2025\\\/09\\\/4168_1487_biela___1_-min-removebg-preview-18x12.png 18w, https:\\\/\\\/www.topobuv.eu\\\/wp-content\\\/uploads\\\/2025\\\/09\\\/4168_1487_biela___1_-min-removebg-preview-64x43.png 64w&quot;,&quot;sizes&quot;:&quot;(max-width: 611px) 100vw, 611px&quot;,&quot;full_src&quot;:&quot;https:\\\/\\\/www.topobuv.eu\\\/wp-content\\\/uploads\\\/2025\\\/09\\\/4168_1487_biela___1_-min-removebg-preview.png&quot;,&quot;full_src_w&quot;:611,&quot;full_src_h&quot;:408,&quot;gallery_thumbnail_src&quot;:&quot;https:\\\/\\\/www.topobuv.eu\\\/wp-content\\\/uploads\\\/2025\\\/09\\\/4168_1487_biela___1_-min-removebg-preview-100x100.png&quot;,&quot;gallery_thumbnail_src_w&quot;:100,&quot;gallery_thumbnail_src_h&quot;:100,&quot;thumb_src&quot;:&quot;https:\\\/\\\/www.topobuv.eu\\\/wp-content\\\/uploads\\\/2025\\\/09\\\/4168_1487_biela___1_-min-removebg-preview.png&quot;,&quot;thumb_src_w&quot;:611,&quot;thumb_src_h&quot;:408,&quot;src_w&quot;:611,&quot;src_h&quot;:408},&quot;image_id&quot;:17864,&quot;is_downloadable&quot;:false,&quot;is_in_stock&quot;:true,&quot;is_purchasable&quot;:true,&quot;is_sold_individually&quot;:&quot;no&quot;,&quot;is_virtual&quot;:false,&quot;max_qty&quot;:&quot;&quot;,&quot;min_qty&quot;:1,&quot;price_html&quot;:&quot;&quot;,&quot;sku&quot;:&quot;&quot;,&quot;variation_description&quot;:&quot;&quot;,&quot;variation_id&quot;:17878,&quot;variation_is_active&quot;:true,&quot;variation_is_visible&quot;:true,&quot;weight&quot;:&quot;&quot;,&quot;weight_html&quot;:&quot;-&quot;}]\">\n<div data-product_id=\"17863\" data-threshold_min=\"30\" data-threshold_max=\"100\" data-total=\"6\"><\/div>\n<\/form>\n","protected":false},"featured_media":18369,"comment_status":"open","ping_status":"closed","template":"","meta":{"site-sidebar-layout":"default","site-content-layout":"","ast-site-content-layout":"default","site-content-style":"default","site-sidebar-style":"default","ast-global-header-display":"","ast-banner-title-visibility":"","ast-main-header-display":"","ast-hfb-above-header-display":"","ast-hfb-below-header-display":"","ast-hfb-mobile-header-display":"","site-post-title":"","ast-breadcrumbs-content":"","ast-featured-img":"","footer-sml-layout":"","ast-disable-related-posts":"","theme-transparent-header-meta":"default","adv-header-id-meta":"","stick-header-meta":"","header-above-stick-meta":"","header-main-stick-meta":"","header-below-stick-meta":"","astra-migrate-meta-layouts":"set","ast-page-background-enabled":"default","ast-page-background-meta":{"desktop":{"background-color":"","background-image":"","background-repeat":"repeat","background-position":"center center","background-size":"auto","background-attachment":"scroll","background-type":"","background-media":"","overlay-type":"","overlay-color":"","overlay-opacity":"","overlay-gradient":""},"tablet":{"background-color":"","background-image":"","background-repeat":"repeat","background-position":"center center","background-size":"auto","background-attachment":"scroll","background-type":"","background-media":"","overlay-type":"","overlay-color":"","overlay-opacity":"","overlay-gradient":""},"mobile":{"background-color":"","background-image":"","background-repeat":"repeat","background-position":"center center","background-size":"auto","background-attachment":"scroll","background-type":"","background-media":"","overlay-type":"","overlay-color":"","overlay-opacity":"","overlay-gradient":""}},"ast-content-background-meta":{"desktop":{"background-color":"var(--ast-global-color-5)","background-image":"","background-repeat":"repeat","background-position":"center center","background-size":"auto","background-attachment":"scroll","background-type":"","background-media":"","overlay-type":"","overlay-color":"","overlay-opacity":"","overlay-gradient":""},"tablet":{"background-color":"var(--ast-global-color-5)","background-image":"","background-repeat":"repeat","background-position":"center center","background-size":"auto","background-attachment":"scroll","background-type":"","background-media":"","overlay-type":"","overlay-color":"","overlay-opacity":"","overlay-gradient":""},"mobile":{"background-color":"var(--ast-global-color-5)","background-image":"","background-repeat":"repeat","background-position":"center center","background-size":"auto","background-attachment":"scroll","background-type":"","background-media":"","overlay-type":"","overlay-color":"","overlay-opacity":"","overlay-gradient":""}}},"product_brand":[],"product_cat":[50,168],"product_tag":[],"class_list":{"0":"post-18347","1":"product","2":"type-product","3":"status-publish","4":"has-post-thumbnail","6":"product_cat-zeny","7":"product_cat-damske_tenisky","8":"desktop-align-center","9":"tablet-align-left","10":"mobile-align-left","12":"first","13":"onbackorder","14":"taxable","15":"shipping-taxable","16":"purchasable","17":"product-type-variable"},"_links":{"self":[{"href":"https:\/\/www.topobuv.eu\/sk\/wp-json\/wp\/v2\/product\/18347","targetHints":{"allow":["GET"]}}],"collection":[{"href":"https:\/\/www.topobuv.eu\/sk\/wp-json\/wp\/v2\/product"}],"about":[{"href":"https:\/\/www.topobuv.eu\/sk\/wp-json\/wp\/v2\/types\/product"}],"replies":[{"embeddable":true,"href":"https:\/\/www.topobuv.eu\/sk\/wp-json\/wp\/v2\/comments?post=18347"}],"version-history":[{"count":1,"href":"https:\/\/www.topobuv.eu\/sk\/wp-json\/wp\/v2\/product\/18347\/revisions"}],"predecessor-version":[{"id":18376,"href":"https:\/\/www.topobuv.eu\/sk\/wp-json\/wp\/v2\/product\/18347\/revisions\/18376"}],"wp:featuredmedia":[{"embeddable":true,"href":"https:\/\/www.topobuv.eu\/sk\/wp-json\/wp\/v2\/media\/18369"}],"wp:attachment":[{"href":"https:\/\/www.topobuv.eu\/sk\/wp-json\/wp\/v2\/media?parent=18347"}],"wp:term":[{"taxonomy":"product_brand","embeddable":true,"href":"https:\/\/www.topobuv.eu\/sk\/wp-json\/wp\/v2\/product_brand?post=18347"},{"taxonomy":"product_cat","embeddable":true,"href":"https:\/\/www.topobuv.eu\/sk\/wp-json\/wp\/v2\/product_cat?post=18347"},{"taxonomy":"product_tag","embeddable":true,"href":"https:\/\/www.topobuv.eu\/sk\/wp-json\/wp\/v2\/product_tag?post=18347"}],"curies":[{"name":"wp","href":"https:\/\/api.w.org\/{rel}","templated":true}]}}