{"id":17625,"date":"2025-09-09T09:01:45","date_gmt":"2025-09-09T08:01:45","guid":{"rendered":"https:\/\/www.topobuv.eu\/?post_type=product&#038;p=17625"},"modified":"2025-09-09T09:01:45","modified_gmt":"2025-09-09T08:01:45","slug":"damska-obuv-3138","status":"publish","type":"product","link":"https:\/\/www.topobuv.eu\/sk\/produkt\/damska-obuv-3138\/","title":{"rendered":"D\u00e1mska Obuv 3138"},"content":{"rendered":"","protected":false},"excerpt":{"rendered":"<div class=\"woocommerce-product-details__short-description\">\n<p>Tieto \u0161t\u00fdlov\u00e9 d\u00e1mske \u010di\u017emy s\u00fa vyroben\u00e9 z prvotriednej hladkej ko\u017ee, ktor\u00e1 sa vyzna\u010duje odolnos\u0165ou a prirodzenou eleganciou. Vysok\u00fd zvr\u0161ok 45 cm chr\u00e1ni nohu a dod\u00e1va obuvi klasick\u00fd vzh\u013ead, ktor\u00fd sa hod\u00ed k elegantn\u00fdm aj le\u017e\u00e9rnym outfitom. Pevn\u00e1, no z\u00e1rove\u0148 pohodln\u00e1 podr\u00e1\u017eka na podp\u00e4tku 2.5 cm poskytuje stabilitu pri ch\u00f4dzi, zatia\u013e \u010do kvalitn\u00e9 spracovanie zaru\u010duje dlhodob\u00fa trv\u00e1cnos\u0165. Ide\u00e1lne na ka\u017edodenn\u00e9 nosenie po\u010das chladnej\u0161\u00edch mesiacov.<\/p>\n<\/div>\n<form class=\"variations_form cart wvs-loaded\" action=\"https:\/\/www.topobuv.eu\/sk\/produkt\/damska-obuv-4456\/\" enctype=\"multipart\/form-data\" method=\"post\" data-product_id=\"16812\" data-product_variations=\"[{&quot;attributes&quot;:{&quot;attribute_pa_color&quot;:&quot;hneda&quot;,&quot;attribute_pa_size&quot;:&quot;36&quot;},&quot;availability_html&quot;:&quot;&lt;p class=\\&quot;stock available-on-backorder\\&quot;&gt;Dostupn\\u00e9 na objedn\\u00e1vku&lt;\\\/p&gt;\\n&quot;,&quot;backorders_allowed&quot;:false,&quot;dimensions&quot;:{&quot;length&quot;:&quot;&quot;,&quot;width&quot;:&quot;&quot;,&quot;height&quot;:&quot;&quot;},&quot;dimensions_html&quot;:&quot;-&quot;,&quot;display_price&quot;:149.990000000000009094947017729282379150390625,&quot;display_regular_price&quot;:149.990000000000009094947017729282379150390625,&quot;image&quot;:{&quot;title&quot;:&quot;4456-1787-1787 hned\\u00e1 (1)&quot;,&quot;caption&quot;:&quot;&quot;,&quot;url&quot;:&quot;https:\\\/\\\/www.topobuv.eu\\\/wp-content\\\/uploads\\\/2025\\\/09\\\/4456-1787-1787-hneda-1-scaled.png&quot;,&quot;alt&quot;:&quot;4456-1787-1787 hned\\u00e1 (1)&quot;,&quot;src&quot;:&quot;https:\\\/\\\/www.topobuv.eu\\\/wp-content\\\/uploads\\\/2025\\\/09\\\/4456-1787-1787-hneda-1-800x1197.png&quot;,&quot;srcset&quot;:&quot;https:\\\/\\\/www.topobuv.eu\\\/wp-content\\\/uploads\\\/2025\\\/09\\\/4456-1787-1787-hneda-1-800x1197.png 800w, https:\\\/\\\/www.topobuv.eu\\\/wp-content\\\/uploads\\\/2025\\\/09\\\/4456-1787-1787-hneda-1-201x300.png 201w, https:\\\/\\\/www.topobuv.eu\\\/wp-content\\\/uploads\\\/2025\\\/09\\\/4456-1787-1787-hneda-1-684x1024.png 684w, https:\\\/\\\/www.topobuv.eu\\\/wp-content\\\/uploads\\\/2025\\\/09\\\/4456-1787-1787-hneda-1-100x150.png 100w, https:\\\/\\\/www.topobuv.eu\\\/wp-content\\\/uploads\\\/2025\\\/09\\\/4456-1787-1787-hneda-1-768x1149.png 768w, https:\\\/\\\/www.topobuv.eu\\\/wp-content\\\/uploads\\\/2025\\\/09\\\/4456-1787-1787-hneda-1-1027x1536.png 1027w, https:\\\/\\\/www.topobuv.eu\\\/wp-content\\\/uploads\\\/2025\\\/09\\\/4456-1787-1787-hneda-1-1369x2048.png 1369w, https:\\\/\\\/www.topobuv.eu\\\/wp-content\\\/uploads\\\/2025\\\/09\\\/4456-1787-1787-hneda-1-8x12.png 8w, https:\\\/\\\/www.topobuv.eu\\\/wp-content\\\/uploads\\\/2025\\\/09\\\/4456-1787-1787-hneda-1-64x96.png 64w, https:\\\/\\\/www.topobuv.eu\\\/wp-content\\\/uploads\\\/2025\\\/09\\\/4456-1787-1787-hneda-1-scaled.png 1711w&quot;,&quot;sizes&quot;:&quot;(max-width: 800px) 100vw, 800px&quot;,&quot;full_src&quot;:&quot;https:\\\/\\\/www.topobuv.eu\\\/wp-content\\\/uploads\\\/2025\\\/09\\\/4456-1787-1787-hneda-1-scaled.png&quot;,&quot;full_src_w&quot;:1711,&quot;full_src_h&quot;:2560,&quot;gallery_thumbnail_src&quot;:&quot;https:\\\/\\\/www.topobuv.eu\\\/wp-content\\\/uploads\\\/2025\\\/09\\\/4456-1787-1787-hneda-1-100x100.png&quot;,&quot;gallery_thumbnail_src_w&quot;:100,&quot;gallery_thumbnail_src_h&quot;:100,&quot;thumb_src&quot;:&quot;https:\\\/\\\/www.topobuv.eu\\\/wp-content\\\/uploads\\\/2025\\\/09\\\/4456-1787-1787-hneda-1-800x1197.png&quot;,&quot;thumb_src_w&quot;:800,&quot;thumb_src_h&quot;:1197,&quot;src_w&quot;:800,&quot;src_h&quot;:1197},&quot;image_id&quot;:16813,&quot;is_downloadable&quot;:false,&quot;is_in_stock&quot;:true,&quot;is_purchasable&quot;:true,&quot;is_sold_individually&quot;:&quot;no&quot;,&quot;is_virtual&quot;:false,&quot;max_qty&quot;:&quot;&quot;,&quot;min_qty&quot;:1,&quot;price_html&quot;:&quot;&quot;,&quot;sku&quot;:&quot;&quot;,&quot;variation_description&quot;:&quot;&quot;,&quot;variation_id&quot;:16817,&quot;variation_is_active&quot;:true,&quot;variation_is_visible&quot;:true,&quot;weight&quot;:&quot;&quot;,&quot;weight_html&quot;:&quot;-&quot;},{&quot;attributes&quot;:{&quot;attribute_pa_color&quot;:&quot;hneda&quot;,&quot;attribute_pa_size&quot;:&quot;37&quot;},&quot;availability_html&quot;:&quot;&lt;p class=\\&quot;stock available-on-backorder\\&quot;&gt;Dostupn\\u00e9 na objedn\\u00e1vku&lt;\\\/p&gt;\\n&quot;,&quot;backorders_allowed&quot;:false,&quot;dimensions&quot;:{&quot;length&quot;:&quot;&quot;,&quot;width&quot;:&quot;&quot;,&quot;height&quot;:&quot;&quot;},&quot;dimensions_html&quot;:&quot;-&quot;,&quot;display_price&quot;:149.990000000000009094947017729282379150390625,&quot;display_regular_price&quot;:149.990000000000009094947017729282379150390625,&quot;image&quot;:{&quot;title&quot;:&quot;4456-1787-1787 hned\\u00e1 (1)&quot;,&quot;caption&quot;:&quot;&quot;,&quot;url&quot;:&quot;https:\\\/\\\/www.topobuv.eu\\\/wp-content\\\/uploads\\\/2025\\\/09\\\/4456-1787-1787-hneda-1-scaled.png&quot;,&quot;alt&quot;:&quot;4456-1787-1787 hned\\u00e1 (1)&quot;,&quot;src&quot;:&quot;https:\\\/\\\/www.topobuv.eu\\\/wp-content\\\/uploads\\\/2025\\\/09\\\/4456-1787-1787-hneda-1-800x1197.png&quot;,&quot;srcset&quot;:&quot;https:\\\/\\\/www.topobuv.eu\\\/wp-content\\\/uploads\\\/2025\\\/09\\\/4456-1787-1787-hneda-1-800x1197.png 800w, https:\\\/\\\/www.topobuv.eu\\\/wp-content\\\/uploads\\\/2025\\\/09\\\/4456-1787-1787-hneda-1-201x300.png 201w, https:\\\/\\\/www.topobuv.eu\\\/wp-content\\\/uploads\\\/2025\\\/09\\\/4456-1787-1787-hneda-1-684x1024.png 684w, https:\\\/\\\/www.topobuv.eu\\\/wp-content\\\/uploads\\\/2025\\\/09\\\/4456-1787-1787-hneda-1-100x150.png 100w, https:\\\/\\\/www.topobuv.eu\\\/wp-content\\\/uploads\\\/2025\\\/09\\\/4456-1787-1787-hneda-1-768x1149.png 768w, https:\\\/\\\/www.topobuv.eu\\\/wp-content\\\/uploads\\\/2025\\\/09\\\/4456-1787-1787-hneda-1-1027x1536.png 1027w, https:\\\/\\\/www.topobuv.eu\\\/wp-content\\\/uploads\\\/2025\\\/09\\\/4456-1787-1787-hneda-1-1369x2048.png 1369w, https:\\\/\\\/www.topobuv.eu\\\/wp-content\\\/uploads\\\/2025\\\/09\\\/4456-1787-1787-hneda-1-8x12.png 8w, https:\\\/\\\/www.topobuv.eu\\\/wp-content\\\/uploads\\\/2025\\\/09\\\/4456-1787-1787-hneda-1-64x96.png 64w, https:\\\/\\\/www.topobuv.eu\\\/wp-content\\\/uploads\\\/2025\\\/09\\\/4456-1787-1787-hneda-1-scaled.png 1711w&quot;,&quot;sizes&quot;:&quot;(max-width: 800px) 100vw, 800px&quot;,&quot;full_src&quot;:&quot;https:\\\/\\\/www.topobuv.eu\\\/wp-content\\\/uploads\\\/2025\\\/09\\\/4456-1787-1787-hneda-1-scaled.png&quot;,&quot;full_src_w&quot;:1711,&quot;full_src_h&quot;:2560,&quot;gallery_thumbnail_src&quot;:&quot;https:\\\/\\\/www.topobuv.eu\\\/wp-content\\\/uploads\\\/2025\\\/09\\\/4456-1787-1787-hneda-1-100x100.png&quot;,&quot;gallery_thumbnail_src_w&quot;:100,&quot;gallery_thumbnail_src_h&quot;:100,&quot;thumb_src&quot;:&quot;https:\\\/\\\/www.topobuv.eu\\\/wp-content\\\/uploads\\\/2025\\\/09\\\/4456-1787-1787-hneda-1-800x1197.png&quot;,&quot;thumb_src_w&quot;:800,&quot;thumb_src_h&quot;:1197,&quot;src_w&quot;:800,&quot;src_h&quot;:1197},&quot;image_id&quot;:16813,&quot;is_downloadable&quot;:false,&quot;is_in_stock&quot;:true,&quot;is_purchasable&quot;:true,&quot;is_sold_individually&quot;:&quot;no&quot;,&quot;is_virtual&quot;:false,&quot;max_qty&quot;:&quot;&quot;,&quot;min_qty&quot;:1,&quot;price_html&quot;:&quot;&quot;,&quot;sku&quot;:&quot;&quot;,&quot;variation_description&quot;:&quot;&quot;,&quot;variation_id&quot;:16818,&quot;variation_is_active&quot;:true,&quot;variation_is_visible&quot;:true,&quot;weight&quot;:&quot;&quot;,&quot;weight_html&quot;:&quot;-&quot;},{&quot;attributes&quot;:{&quot;attribute_pa_color&quot;:&quot;hneda&quot;,&quot;attribute_pa_size&quot;:&quot;38&quot;},&quot;availability_html&quot;:&quot;&lt;p class=\\&quot;stock available-on-backorder\\&quot;&gt;Dostupn\\u00e9 na objedn\\u00e1vku&lt;\\\/p&gt;\\n&quot;,&quot;backorders_allowed&quot;:false,&quot;dimensions&quot;:{&quot;length&quot;:&quot;&quot;,&quot;width&quot;:&quot;&quot;,&quot;height&quot;:&quot;&quot;},&quot;dimensions_html&quot;:&quot;-&quot;,&quot;display_price&quot;:149.990000000000009094947017729282379150390625,&quot;display_regular_price&quot;:149.990000000000009094947017729282379150390625,&quot;image&quot;:{&quot;title&quot;:&quot;4456-1787-1787 hned\\u00e1 (1)&quot;,&quot;caption&quot;:&quot;&quot;,&quot;url&quot;:&quot;https:\\\/\\\/www.topobuv.eu\\\/wp-content\\\/uploads\\\/2025\\\/09\\\/4456-1787-1787-hneda-1-scaled.png&quot;,&quot;alt&quot;:&quot;4456-1787-1787 hned\\u00e1 (1)&quot;,&quot;src&quot;:&quot;https:\\\/\\\/www.topobuv.eu\\\/wp-content\\\/uploads\\\/2025\\\/09\\\/4456-1787-1787-hneda-1-800x1197.png&quot;,&quot;srcset&quot;:&quot;https:\\\/\\\/www.topobuv.eu\\\/wp-content\\\/uploads\\\/2025\\\/09\\\/4456-1787-1787-hneda-1-800x1197.png 800w, https:\\\/\\\/www.topobuv.eu\\\/wp-content\\\/uploads\\\/2025\\\/09\\\/4456-1787-1787-hneda-1-201x300.png 201w, https:\\\/\\\/www.topobuv.eu\\\/wp-content\\\/uploads\\\/2025\\\/09\\\/4456-1787-1787-hneda-1-684x1024.png 684w, https:\\\/\\\/www.topobuv.eu\\\/wp-content\\\/uploads\\\/2025\\\/09\\\/4456-1787-1787-hneda-1-100x150.png 100w, https:\\\/\\\/www.topobuv.eu\\\/wp-content\\\/uploads\\\/2025\\\/09\\\/4456-1787-1787-hneda-1-768x1149.png 768w, https:\\\/\\\/www.topobuv.eu\\\/wp-content\\\/uploads\\\/2025\\\/09\\\/4456-1787-1787-hneda-1-1027x1536.png 1027w, https:\\\/\\\/www.topobuv.eu\\\/wp-content\\\/uploads\\\/2025\\\/09\\\/4456-1787-1787-hneda-1-1369x2048.png 1369w, https:\\\/\\\/www.topobuv.eu\\\/wp-content\\\/uploads\\\/2025\\\/09\\\/4456-1787-1787-hneda-1-8x12.png 8w, https:\\\/\\\/www.topobuv.eu\\\/wp-content\\\/uploads\\\/2025\\\/09\\\/4456-1787-1787-hneda-1-64x96.png 64w, https:\\\/\\\/www.topobuv.eu\\\/wp-content\\\/uploads\\\/2025\\\/09\\\/4456-1787-1787-hneda-1-scaled.png 1711w&quot;,&quot;sizes&quot;:&quot;(max-width: 800px) 100vw, 800px&quot;,&quot;full_src&quot;:&quot;https:\\\/\\\/www.topobuv.eu\\\/wp-content\\\/uploads\\\/2025\\\/09\\\/4456-1787-1787-hneda-1-scaled.png&quot;,&quot;full_src_w&quot;:1711,&quot;full_src_h&quot;:2560,&quot;gallery_thumbnail_src&quot;:&quot;https:\\\/\\\/www.topobuv.eu\\\/wp-content\\\/uploads\\\/2025\\\/09\\\/4456-1787-1787-hneda-1-100x100.png&quot;,&quot;gallery_thumbnail_src_w&quot;:100,&quot;gallery_thumbnail_src_h&quot;:100,&quot;thumb_src&quot;:&quot;https:\\\/\\\/www.topobuv.eu\\\/wp-content\\\/uploads\\\/2025\\\/09\\\/4456-1787-1787-hneda-1-800x1197.png&quot;,&quot;thumb_src_w&quot;:800,&quot;thumb_src_h&quot;:1197,&quot;src_w&quot;:800,&quot;src_h&quot;:1197},&quot;image_id&quot;:16813,&quot;is_downloadable&quot;:false,&quot;is_in_stock&quot;:true,&quot;is_purchasable&quot;:true,&quot;is_sold_individually&quot;:&quot;no&quot;,&quot;is_virtual&quot;:false,&quot;max_qty&quot;:&quot;&quot;,&quot;min_qty&quot;:1,&quot;price_html&quot;:&quot;&quot;,&quot;sku&quot;:&quot;&quot;,&quot;variation_description&quot;:&quot;&quot;,&quot;variation_id&quot;:16819,&quot;variation_is_active&quot;:true,&quot;variation_is_visible&quot;:true,&quot;weight&quot;:&quot;&quot;,&quot;weight_html&quot;:&quot;-&quot;},{&quot;attributes&quot;:{&quot;attribute_pa_color&quot;:&quot;hneda&quot;,&quot;attribute_pa_size&quot;:&quot;39&quot;},&quot;availability_html&quot;:&quot;&lt;p class=\\&quot;stock available-on-backorder\\&quot;&gt;Dostupn\\u00e9 na objedn\\u00e1vku&lt;\\\/p&gt;\\n&quot;,&quot;backorders_allowed&quot;:false,&quot;dimensions&quot;:{&quot;length&quot;:&quot;&quot;,&quot;width&quot;:&quot;&quot;,&quot;height&quot;:&quot;&quot;},&quot;dimensions_html&quot;:&quot;-&quot;,&quot;display_price&quot;:149.990000000000009094947017729282379150390625,&quot;display_regular_price&quot;:149.990000000000009094947017729282379150390625,&quot;image&quot;:{&quot;title&quot;:&quot;4456-1787-1787 hned\\u00e1 (1)&quot;,&quot;caption&quot;:&quot;&quot;,&quot;url&quot;:&quot;https:\\\/\\\/www.topobuv.eu\\\/wp-content\\\/uploads\\\/2025\\\/09\\\/4456-1787-1787-hneda-1-scaled.png&quot;,&quot;alt&quot;:&quot;4456-1787-1787 hned\\u00e1 (1)&quot;,&quot;src&quot;:&quot;https:\\\/\\\/www.topobuv.eu\\\/wp-content\\\/uploads\\\/2025\\\/09\\\/4456-1787-1787-hneda-1-800x1197.png&quot;,&quot;srcset&quot;:&quot;https:\\\/\\\/www.topobuv.eu\\\/wp-content\\\/uploads\\\/2025\\\/09\\\/4456-1787-1787-hneda-1-800x1197.png 800w, https:\\\/\\\/www.topobuv.eu\\\/wp-content\\\/uploads\\\/2025\\\/09\\\/4456-1787-1787-hneda-1-201x300.png 201w, https:\\\/\\\/www.topobuv.eu\\\/wp-content\\\/uploads\\\/2025\\\/09\\\/4456-1787-1787-hneda-1-684x1024.png 684w, https:\\\/\\\/www.topobuv.eu\\\/wp-content\\\/uploads\\\/2025\\\/09\\\/4456-1787-1787-hneda-1-100x150.png 100w, https:\\\/\\\/www.topobuv.eu\\\/wp-content\\\/uploads\\\/2025\\\/09\\\/4456-1787-1787-hneda-1-768x1149.png 768w, https:\\\/\\\/www.topobuv.eu\\\/wp-content\\\/uploads\\\/2025\\\/09\\\/4456-1787-1787-hneda-1-1027x1536.png 1027w, https:\\\/\\\/www.topobuv.eu\\\/wp-content\\\/uploads\\\/2025\\\/09\\\/4456-1787-1787-hneda-1-1369x2048.png 1369w, https:\\\/\\\/www.topobuv.eu\\\/wp-content\\\/uploads\\\/2025\\\/09\\\/4456-1787-1787-hneda-1-8x12.png 8w, https:\\\/\\\/www.topobuv.eu\\\/wp-content\\\/uploads\\\/2025\\\/09\\\/4456-1787-1787-hneda-1-64x96.png 64w, https:\\\/\\\/www.topobuv.eu\\\/wp-content\\\/uploads\\\/2025\\\/09\\\/4456-1787-1787-hneda-1-scaled.png 1711w&quot;,&quot;sizes&quot;:&quot;(max-width: 800px) 100vw, 800px&quot;,&quot;full_src&quot;:&quot;https:\\\/\\\/www.topobuv.eu\\\/wp-content\\\/uploads\\\/2025\\\/09\\\/4456-1787-1787-hneda-1-scaled.png&quot;,&quot;full_src_w&quot;:1711,&quot;full_src_h&quot;:2560,&quot;gallery_thumbnail_src&quot;:&quot;https:\\\/\\\/www.topobuv.eu\\\/wp-content\\\/uploads\\\/2025\\\/09\\\/4456-1787-1787-hneda-1-100x100.png&quot;,&quot;gallery_thumbnail_src_w&quot;:100,&quot;gallery_thumbnail_src_h&quot;:100,&quot;thumb_src&quot;:&quot;https:\\\/\\\/www.topobuv.eu\\\/wp-content\\\/uploads\\\/2025\\\/09\\\/4456-1787-1787-hneda-1-800x1197.png&quot;,&quot;thumb_src_w&quot;:800,&quot;thumb_src_h&quot;:1197,&quot;src_w&quot;:800,&quot;src_h&quot;:1197},&quot;image_id&quot;:16813,&quot;is_downloadable&quot;:false,&quot;is_in_stock&quot;:true,&quot;is_purchasable&quot;:true,&quot;is_sold_individually&quot;:&quot;no&quot;,&quot;is_virtual&quot;:false,&quot;max_qty&quot;:&quot;&quot;,&quot;min_qty&quot;:1,&quot;price_html&quot;:&quot;&quot;,&quot;sku&quot;:&quot;&quot;,&quot;variation_description&quot;:&quot;&quot;,&quot;variation_id&quot;:16820,&quot;variation_is_active&quot;:true,&quot;variation_is_visible&quot;:true,&quot;weight&quot;:&quot;&quot;,&quot;weight_html&quot;:&quot;-&quot;},{&quot;attributes&quot;:{&quot;attribute_pa_color&quot;:&quot;hneda&quot;,&quot;attribute_pa_size&quot;:&quot;40&quot;},&quot;availability_html&quot;:&quot;&lt;p class=\\&quot;stock available-on-backorder\\&quot;&gt;Dostupn\\u00e9 na objedn\\u00e1vku&lt;\\\/p&gt;\\n&quot;,&quot;backorders_allowed&quot;:false,&quot;dimensions&quot;:{&quot;length&quot;:&quot;&quot;,&quot;width&quot;:&quot;&quot;,&quot;height&quot;:&quot;&quot;},&quot;dimensions_html&quot;:&quot;-&quot;,&quot;display_price&quot;:149.990000000000009094947017729282379150390625,&quot;display_regular_price&quot;:149.990000000000009094947017729282379150390625,&quot;image&quot;:{&quot;title&quot;:&quot;4456-1787-1787 hned\\u00e1 (1)&quot;,&quot;caption&quot;:&quot;&quot;,&quot;url&quot;:&quot;https:\\\/\\\/www.topobuv.eu\\\/wp-content\\\/uploads\\\/2025\\\/09\\\/4456-1787-1787-hneda-1-scaled.png&quot;,&quot;alt&quot;:&quot;4456-1787-1787 hned\\u00e1 (1)&quot;,&quot;src&quot;:&quot;https:\\\/\\\/www.topobuv.eu\\\/wp-content\\\/uploads\\\/2025\\\/09\\\/4456-1787-1787-hneda-1-800x1197.png&quot;,&quot;srcset&quot;:&quot;https:\\\/\\\/www.topobuv.eu\\\/wp-content\\\/uploads\\\/2025\\\/09\\\/4456-1787-1787-hneda-1-800x1197.png 800w, https:\\\/\\\/www.topobuv.eu\\\/wp-content\\\/uploads\\\/2025\\\/09\\\/4456-1787-1787-hneda-1-201x300.png 201w, https:\\\/\\\/www.topobuv.eu\\\/wp-content\\\/uploads\\\/2025\\\/09\\\/4456-1787-1787-hneda-1-684x1024.png 684w, https:\\\/\\\/www.topobuv.eu\\\/wp-content\\\/uploads\\\/2025\\\/09\\\/4456-1787-1787-hneda-1-100x150.png 100w, https:\\\/\\\/www.topobuv.eu\\\/wp-content\\\/uploads\\\/2025\\\/09\\\/4456-1787-1787-hneda-1-768x1149.png 768w, https:\\\/\\\/www.topobuv.eu\\\/wp-content\\\/uploads\\\/2025\\\/09\\\/4456-1787-1787-hneda-1-1027x1536.png 1027w, https:\\\/\\\/www.topobuv.eu\\\/wp-content\\\/uploads\\\/2025\\\/09\\\/4456-1787-1787-hneda-1-1369x2048.png 1369w, https:\\\/\\\/www.topobuv.eu\\\/wp-content\\\/uploads\\\/2025\\\/09\\\/4456-1787-1787-hneda-1-8x12.png 8w, https:\\\/\\\/www.topobuv.eu\\\/wp-content\\\/uploads\\\/2025\\\/09\\\/4456-1787-1787-hneda-1-64x96.png 64w, https:\\\/\\\/www.topobuv.eu\\\/wp-content\\\/uploads\\\/2025\\\/09\\\/4456-1787-1787-hneda-1-scaled.png 1711w&quot;,&quot;sizes&quot;:&quot;(max-width: 800px) 100vw, 800px&quot;,&quot;full_src&quot;:&quot;https:\\\/\\\/www.topobuv.eu\\\/wp-content\\\/uploads\\\/2025\\\/09\\\/4456-1787-1787-hneda-1-scaled.png&quot;,&quot;full_src_w&quot;:1711,&quot;full_src_h&quot;:2560,&quot;gallery_thumbnail_src&quot;:&quot;https:\\\/\\\/www.topobuv.eu\\\/wp-content\\\/uploads\\\/2025\\\/09\\\/4456-1787-1787-hneda-1-100x100.png&quot;,&quot;gallery_thumbnail_src_w&quot;:100,&quot;gallery_thumbnail_src_h&quot;:100,&quot;thumb_src&quot;:&quot;https:\\\/\\\/www.topobuv.eu\\\/wp-content\\\/uploads\\\/2025\\\/09\\\/4456-1787-1787-hneda-1-800x1197.png&quot;,&quot;thumb_src_w&quot;:800,&quot;thumb_src_h&quot;:1197,&quot;src_w&quot;:800,&quot;src_h&quot;:1197},&quot;image_id&quot;:16813,&quot;is_downloadable&quot;:false,&quot;is_in_stock&quot;:true,&quot;is_purchasable&quot;:true,&quot;is_sold_individually&quot;:&quot;no&quot;,&quot;is_virtual&quot;:false,&quot;max_qty&quot;:&quot;&quot;,&quot;min_qty&quot;:1,&quot;price_html&quot;:&quot;&quot;,&quot;sku&quot;:&quot;&quot;,&quot;variation_description&quot;:&quot;&quot;,&quot;variation_id&quot;:16821,&quot;variation_is_active&quot;:true,&quot;variation_is_visible&quot;:true,&quot;weight&quot;:&quot;&quot;,&quot;weight_html&quot;:&quot;-&quot;},{&quot;attributes&quot;:{&quot;attribute_pa_color&quot;:&quot;hneda&quot;,&quot;attribute_pa_size&quot;:&quot;41&quot;},&quot;availability_html&quot;:&quot;&lt;p class=\\&quot;stock available-on-backorder\\&quot;&gt;Dostupn\\u00e9 na objedn\\u00e1vku&lt;\\\/p&gt;\\n&quot;,&quot;backorders_allowed&quot;:false,&quot;dimensions&quot;:{&quot;length&quot;:&quot;&quot;,&quot;width&quot;:&quot;&quot;,&quot;height&quot;:&quot;&quot;},&quot;dimensions_html&quot;:&quot;-&quot;,&quot;display_price&quot;:149.990000000000009094947017729282379150390625,&quot;display_regular_price&quot;:149.990000000000009094947017729282379150390625,&quot;image&quot;:{&quot;title&quot;:&quot;4456-1787-1787 hned\\u00e1 (1)&quot;,&quot;caption&quot;:&quot;&quot;,&quot;url&quot;:&quot;https:\\\/\\\/www.topobuv.eu\\\/wp-content\\\/uploads\\\/2025\\\/09\\\/4456-1787-1787-hneda-1-scaled.png&quot;,&quot;alt&quot;:&quot;4456-1787-1787 hned\\u00e1 (1)&quot;,&quot;src&quot;:&quot;https:\\\/\\\/www.topobuv.eu\\\/wp-content\\\/uploads\\\/2025\\\/09\\\/4456-1787-1787-hneda-1-800x1197.png&quot;,&quot;srcset&quot;:&quot;https:\\\/\\\/www.topobuv.eu\\\/wp-content\\\/uploads\\\/2025\\\/09\\\/4456-1787-1787-hneda-1-800x1197.png 800w, https:\\\/\\\/www.topobuv.eu\\\/wp-content\\\/uploads\\\/2025\\\/09\\\/4456-1787-1787-hneda-1-201x300.png 201w, https:\\\/\\\/www.topobuv.eu\\\/wp-content\\\/uploads\\\/2025\\\/09\\\/4456-1787-1787-hneda-1-684x1024.png 684w, https:\\\/\\\/www.topobuv.eu\\\/wp-content\\\/uploads\\\/2025\\\/09\\\/4456-1787-1787-hneda-1-100x150.png 100w, https:\\\/\\\/www.topobuv.eu\\\/wp-content\\\/uploads\\\/2025\\\/09\\\/4456-1787-1787-hneda-1-768x1149.png 768w, https:\\\/\\\/www.topobuv.eu\\\/wp-content\\\/uploads\\\/2025\\\/09\\\/4456-1787-1787-hneda-1-1027x1536.png 1027w, https:\\\/\\\/www.topobuv.eu\\\/wp-content\\\/uploads\\\/2025\\\/09\\\/4456-1787-1787-hneda-1-1369x2048.png 1369w, https:\\\/\\\/www.topobuv.eu\\\/wp-content\\\/uploads\\\/2025\\\/09\\\/4456-1787-1787-hneda-1-8x12.png 8w, https:\\\/\\\/www.topobuv.eu\\\/wp-content\\\/uploads\\\/2025\\\/09\\\/4456-1787-1787-hneda-1-64x96.png 64w, https:\\\/\\\/www.topobuv.eu\\\/wp-content\\\/uploads\\\/2025\\\/09\\\/4456-1787-1787-hneda-1-scaled.png 1711w&quot;,&quot;sizes&quot;:&quot;(max-width: 800px) 100vw, 800px&quot;,&quot;full_src&quot;:&quot;https:\\\/\\\/www.topobuv.eu\\\/wp-content\\\/uploads\\\/2025\\\/09\\\/4456-1787-1787-hneda-1-scaled.png&quot;,&quot;full_src_w&quot;:1711,&quot;full_src_h&quot;:2560,&quot;gallery_thumbnail_src&quot;:&quot;https:\\\/\\\/www.topobuv.eu\\\/wp-content\\\/uploads\\\/2025\\\/09\\\/4456-1787-1787-hneda-1-100x100.png&quot;,&quot;gallery_thumbnail_src_w&quot;:100,&quot;gallery_thumbnail_src_h&quot;:100,&quot;thumb_src&quot;:&quot;https:\\\/\\\/www.topobuv.eu\\\/wp-content\\\/uploads\\\/2025\\\/09\\\/4456-1787-1787-hneda-1-800x1197.png&quot;,&quot;thumb_src_w&quot;:800,&quot;thumb_src_h&quot;:1197,&quot;src_w&quot;:800,&quot;src_h&quot;:1197},&quot;image_id&quot;:16813,&quot;is_downloadable&quot;:false,&quot;is_in_stock&quot;:true,&quot;is_purchasable&quot;:true,&quot;is_sold_individually&quot;:&quot;no&quot;,&quot;is_virtual&quot;:false,&quot;max_qty&quot;:&quot;&quot;,&quot;min_qty&quot;:1,&quot;price_html&quot;:&quot;&quot;,&quot;sku&quot;:&quot;&quot;,&quot;variation_description&quot;:&quot;&quot;,&quot;variation_id&quot;:16822,&quot;variation_is_active&quot;:true,&quot;variation_is_visible&quot;:true,&quot;weight&quot;:&quot;&quot;,&quot;weight_html&quot;:&quot;-&quot;}]\">\n<div data-product_id=\"16812\" data-threshold_min=\"30\" data-threshold_max=\"100\" data-total=\"6\"><\/div>\n<\/form>\n","protected":false},"featured_media":17626,"comment_status":"open","ping_status":"closed","template":"","meta":{"site-sidebar-layout":"default","site-content-layout":"","ast-site-content-layout":"default","site-content-style":"default","site-sidebar-style":"default","ast-global-header-display":"","ast-banner-title-visibility":"","ast-main-header-display":"","ast-hfb-above-header-display":"","ast-hfb-below-header-display":"","ast-hfb-mobile-header-display":"","site-post-title":"","ast-breadcrumbs-content":"","ast-featured-img":"","footer-sml-layout":"","ast-disable-related-posts":"","theme-transparent-header-meta":"default","adv-header-id-meta":"","stick-header-meta":"","header-above-stick-meta":"","header-main-stick-meta":"","header-below-stick-meta":"","astra-migrate-meta-layouts":"set","ast-page-background-enabled":"default","ast-page-background-meta":{"desktop":{"background-color":"","background-image":"","background-repeat":"repeat","background-position":"center center","background-size":"auto","background-attachment":"scroll","background-type":"","background-media":"","overlay-type":"","overlay-color":"","overlay-opacity":"","overlay-gradient":""},"tablet":{"background-color":"","background-image":"","background-repeat":"repeat","background-position":"center center","background-size":"auto","background-attachment":"scroll","background-type":"","background-media":"","overlay-type":"","overlay-color":"","overlay-opacity":"","overlay-gradient":""},"mobile":{"background-color":"","background-image":"","background-repeat":"repeat","background-position":"center center","background-size":"auto","background-attachment":"scroll","background-type":"","background-media":"","overlay-type":"","overlay-color":"","overlay-opacity":"","overlay-gradient":""}},"ast-content-background-meta":{"desktop":{"background-color":"var(--ast-global-color-5)","background-image":"","background-repeat":"repeat","background-position":"center center","background-size":"auto","background-attachment":"scroll","background-type":"","background-media":"","overlay-type":"","overlay-color":"","overlay-opacity":"","overlay-gradient":""},"tablet":{"background-color":"var(--ast-global-color-5)","background-image":"","background-repeat":"repeat","background-position":"center center","background-size":"auto","background-attachment":"scroll","background-type":"","background-media":"","overlay-type":"","overlay-color":"","overlay-opacity":"","overlay-gradient":""},"mobile":{"background-color":"var(--ast-global-color-5)","background-image":"","background-repeat":"repeat","background-position":"center center","background-size":"auto","background-attachment":"scroll","background-type":"","background-media":"","overlay-type":"","overlay-color":"","overlay-opacity":"","overlay-gradient":""}}},"product_brand":[],"product_cat":[96,50],"product_tag":[],"class_list":{"0":"post-17625","1":"product","2":"type-product","3":"status-publish","4":"has-post-thumbnail","6":"product_cat-cizmy","7":"product_cat-zeny","8":"desktop-align-center","9":"tablet-align-left","10":"mobile-align-left","12":"first","13":"onbackorder","14":"taxable","15":"shipping-taxable","16":"purchasable","17":"product-type-variable"},"_links":{"self":[{"href":"https:\/\/www.topobuv.eu\/sk\/wp-json\/wp\/v2\/product\/17625","targetHints":{"allow":["GET"]}}],"collection":[{"href":"https:\/\/www.topobuv.eu\/sk\/wp-json\/wp\/v2\/product"}],"about":[{"href":"https:\/\/www.topobuv.eu\/sk\/wp-json\/wp\/v2\/types\/product"}],"replies":[{"embeddable":true,"href":"https:\/\/www.topobuv.eu\/sk\/wp-json\/wp\/v2\/comments?post=17625"}],"version-history":[{"count":1,"href":"https:\/\/www.topobuv.eu\/sk\/wp-json\/wp\/v2\/product\/17625\/revisions"}],"predecessor-version":[{"id":17640,"href":"https:\/\/www.topobuv.eu\/sk\/wp-json\/wp\/v2\/product\/17625\/revisions\/17640"}],"wp:featuredmedia":[{"embeddable":true,"href":"https:\/\/www.topobuv.eu\/sk\/wp-json\/wp\/v2\/media\/17626"}],"wp:attachment":[{"href":"https:\/\/www.topobuv.eu\/sk\/wp-json\/wp\/v2\/media?parent=17625"}],"wp:term":[{"taxonomy":"product_brand","embeddable":true,"href":"https:\/\/www.topobuv.eu\/sk\/wp-json\/wp\/v2\/product_brand?post=17625"},{"taxonomy":"product_cat","embeddable":true,"href":"https:\/\/www.topobuv.eu\/sk\/wp-json\/wp\/v2\/product_cat?post=17625"},{"taxonomy":"product_tag","embeddable":true,"href":"https:\/\/www.topobuv.eu\/sk\/wp-json\/wp\/v2\/product_tag?post=17625"}],"curies":[{"name":"wp","href":"https:\/\/api.w.org\/{rel}","templated":true}]}}