{"id":17255,"date":"2025-09-05T11:11:26","date_gmt":"2025-09-05T10:11:26","guid":{"rendered":"https:\/\/www.topobuv.eu\/?post_type=product&#038;p=17255"},"modified":"2025-09-05T11:11:26","modified_gmt":"2025-09-05T10:11:26","slug":"panska-obuv-57-25","status":"publish","type":"product","link":"https:\/\/www.topobuv.eu\/sk\/produkt\/panska-obuv-57-25\/","title":{"rendered":"P\u00e1nska Obuv 57.25"},"content":{"rendered":"","protected":false},"excerpt":{"rendered":"<div class=\"woocommerce-product-details__short-description\">\n<div class=\"woocommerce-product-details__short-description\">\n<p>P\u00e1nske poltop\u00e1nky na \u0161nurovanie na podp\u00e4tku 2,5 cm. Obuv je vyroben\u00e1 z kvalitnej pr\u00edrodnej ko\u017ee.<\/p>\n<\/div>\n<\/div>\n<form class=\"variations_form cart wvs-loaded\" action=\"https:\/\/www.topobuv.eu\/sk\/produkt\/panska-obuv-228-20\/\" enctype=\"multipart\/form-data\" method=\"post\" data-product_id=\"9885\" data-product_variations=\"[{&quot;attributes&quot;:{&quot;attribute_pa_color&quot;:&quot;cierna&quot;,&quot;attribute_pa_size&quot;:&quot;40&quot;},&quot;availability_html&quot;:&quot;&lt;p class=\\&quot;stock available-on-backorder\\&quot;&gt;Dostupn\\u00e9 na objedn\\u00e1vku&lt;\\\/p&gt;\\n&quot;,&quot;backorders_allowed&quot;:false,&quot;dimensions&quot;:{&quot;length&quot;:&quot;&quot;,&quot;width&quot;:&quot;&quot;,&quot;height&quot;:&quot;&quot;},&quot;dimensions_html&quot;:&quot;-&quot;,&quot;display_price&quot;:89.9899999999999948840923025272786617279052734375,&quot;display_regular_price&quot;:89.9899999999999948840923025272786617279052734375,&quot;image&quot;:{&quot;title&quot;:&quot;228.20_1-\\u010dierna__1_-removebg-preview&quot;,&quot;caption&quot;:&quot;&quot;,&quot;url&quot;:&quot;https:\\\/\\\/www.topobuv.eu\\\/wp-content\\\/uploads\\\/2025\\\/02\\\/228.20_1-cierna__1_-removebg-preview.png&quot;,&quot;alt&quot;:&quot;228.20_1-\\u010dierna__1_-removebg-preview&quot;,&quot;src&quot;:&quot;https:\\\/\\\/www.topobuv.eu\\\/wp-content\\\/uploads\\\/2025\\\/02\\\/228.20_1-cierna__1_-removebg-preview.png&quot;,&quot;srcset&quot;:&quot;https:\\\/\\\/www.topobuv.eu\\\/wp-content\\\/uploads\\\/2025\\\/02\\\/228.20_1-cierna__1_-removebg-preview.png 600w, https:\\\/\\\/www.topobuv.eu\\\/wp-content\\\/uploads\\\/2025\\\/02\\\/228.20_1-cierna__1_-removebg-preview-64x43.png 64w, https:\\\/\\\/www.topobuv.eu\\\/wp-content\\\/uploads\\\/2025\\\/02\\\/228.20_1-cierna__1_-removebg-preview-400x267.png 400w, https:\\\/\\\/www.topobuv.eu\\\/wp-content\\\/uploads\\\/2025\\\/02\\\/228.20_1-cierna__1_-removebg-preview-300x200.png 300w, https:\\\/\\\/www.topobuv.eu\\\/wp-content\\\/uploads\\\/2025\\\/02\\\/228.20_1-cierna__1_-removebg-preview-150x100.png 150w, https:\\\/\\\/www.topobuv.eu\\\/wp-content\\\/uploads\\\/2025\\\/02\\\/228.20_1-cierna__1_-removebg-preview-18x12.png 18w&quot;,&quot;sizes&quot;:&quot;(max-width: 600px) 100vw, 600px&quot;,&quot;full_src&quot;:&quot;https:\\\/\\\/www.topobuv.eu\\\/wp-content\\\/uploads\\\/2025\\\/02\\\/228.20_1-cierna__1_-removebg-preview.png&quot;,&quot;full_src_w&quot;:600,&quot;full_src_h&quot;:400,&quot;gallery_thumbnail_src&quot;:&quot;https:\\\/\\\/www.topobuv.eu\\\/wp-content\\\/uploads\\\/2025\\\/02\\\/228.20_1-cierna__1_-removebg-preview-100x100.png&quot;,&quot;gallery_thumbnail_src_w&quot;:100,&quot;gallery_thumbnail_src_h&quot;:100,&quot;thumb_src&quot;:&quot;https:\\\/\\\/www.topobuv.eu\\\/wp-content\\\/uploads\\\/2025\\\/02\\\/228.20_1-cierna__1_-removebg-preview.png&quot;,&quot;thumb_src_w&quot;:600,&quot;thumb_src_h&quot;:400,&quot;src_w&quot;:600,&quot;src_h&quot;:400},&quot;image_id&quot;:9852,&quot;is_downloadable&quot;:false,&quot;is_in_stock&quot;:true,&quot;is_purchasable&quot;:true,&quot;is_sold_individually&quot;:&quot;no&quot;,&quot;is_virtual&quot;:false,&quot;max_qty&quot;:&quot;&quot;,&quot;min_qty&quot;:1,&quot;price_html&quot;:&quot;&quot;,&quot;sku&quot;:&quot;&quot;,&quot;variation_description&quot;:&quot;&quot;,&quot;variation_id&quot;:9886,&quot;variation_is_active&quot;:true,&quot;variation_is_visible&quot;:true,&quot;weight&quot;:&quot;&quot;,&quot;weight_html&quot;:&quot;-&quot;},{&quot;attributes&quot;:{&quot;attribute_pa_color&quot;:&quot;cierna&quot;,&quot;attribute_pa_size&quot;:&quot;41&quot;},&quot;availability_html&quot;:&quot;&lt;p class=\\&quot;stock available-on-backorder\\&quot;&gt;Dostupn\\u00e9 na objedn\\u00e1vku&lt;\\\/p&gt;\\n&quot;,&quot;backorders_allowed&quot;:false,&quot;dimensions&quot;:{&quot;length&quot;:&quot;&quot;,&quot;width&quot;:&quot;&quot;,&quot;height&quot;:&quot;&quot;},&quot;dimensions_html&quot;:&quot;-&quot;,&quot;display_price&quot;:89.9899999999999948840923025272786617279052734375,&quot;display_regular_price&quot;:89.9899999999999948840923025272786617279052734375,&quot;image&quot;:{&quot;title&quot;:&quot;228.20_1-\\u010dierna__1_-removebg-preview&quot;,&quot;caption&quot;:&quot;&quot;,&quot;url&quot;:&quot;https:\\\/\\\/www.topobuv.eu\\\/wp-content\\\/uploads\\\/2025\\\/02\\\/228.20_1-cierna__1_-removebg-preview.png&quot;,&quot;alt&quot;:&quot;228.20_1-\\u010dierna__1_-removebg-preview&quot;,&quot;src&quot;:&quot;https:\\\/\\\/www.topobuv.eu\\\/wp-content\\\/uploads\\\/2025\\\/02\\\/228.20_1-cierna__1_-removebg-preview.png&quot;,&quot;srcset&quot;:&quot;https:\\\/\\\/www.topobuv.eu\\\/wp-content\\\/uploads\\\/2025\\\/02\\\/228.20_1-cierna__1_-removebg-preview.png 600w, https:\\\/\\\/www.topobuv.eu\\\/wp-content\\\/uploads\\\/2025\\\/02\\\/228.20_1-cierna__1_-removebg-preview-64x43.png 64w, https:\\\/\\\/www.topobuv.eu\\\/wp-content\\\/uploads\\\/2025\\\/02\\\/228.20_1-cierna__1_-removebg-preview-400x267.png 400w, https:\\\/\\\/www.topobuv.eu\\\/wp-content\\\/uploads\\\/2025\\\/02\\\/228.20_1-cierna__1_-removebg-preview-300x200.png 300w, https:\\\/\\\/www.topobuv.eu\\\/wp-content\\\/uploads\\\/2025\\\/02\\\/228.20_1-cierna__1_-removebg-preview-150x100.png 150w, https:\\\/\\\/www.topobuv.eu\\\/wp-content\\\/uploads\\\/2025\\\/02\\\/228.20_1-cierna__1_-removebg-preview-18x12.png 18w&quot;,&quot;sizes&quot;:&quot;(max-width: 600px) 100vw, 600px&quot;,&quot;full_src&quot;:&quot;https:\\\/\\\/www.topobuv.eu\\\/wp-content\\\/uploads\\\/2025\\\/02\\\/228.20_1-cierna__1_-removebg-preview.png&quot;,&quot;full_src_w&quot;:600,&quot;full_src_h&quot;:400,&quot;gallery_thumbnail_src&quot;:&quot;https:\\\/\\\/www.topobuv.eu\\\/wp-content\\\/uploads\\\/2025\\\/02\\\/228.20_1-cierna__1_-removebg-preview-100x100.png&quot;,&quot;gallery_thumbnail_src_w&quot;:100,&quot;gallery_thumbnail_src_h&quot;:100,&quot;thumb_src&quot;:&quot;https:\\\/\\\/www.topobuv.eu\\\/wp-content\\\/uploads\\\/2025\\\/02\\\/228.20_1-cierna__1_-removebg-preview.png&quot;,&quot;thumb_src_w&quot;:600,&quot;thumb_src_h&quot;:400,&quot;src_w&quot;:600,&quot;src_h&quot;:400},&quot;image_id&quot;:9852,&quot;is_downloadable&quot;:false,&quot;is_in_stock&quot;:true,&quot;is_purchasable&quot;:true,&quot;is_sold_individually&quot;:&quot;no&quot;,&quot;is_virtual&quot;:false,&quot;max_qty&quot;:&quot;&quot;,&quot;min_qty&quot;:1,&quot;price_html&quot;:&quot;&quot;,&quot;sku&quot;:&quot;&quot;,&quot;variation_description&quot;:&quot;&quot;,&quot;variation_id&quot;:9887,&quot;variation_is_active&quot;:true,&quot;variation_is_visible&quot;:true,&quot;weight&quot;:&quot;&quot;,&quot;weight_html&quot;:&quot;-&quot;},{&quot;attributes&quot;:{&quot;attribute_pa_color&quot;:&quot;cierna&quot;,&quot;attribute_pa_size&quot;:&quot;42&quot;},&quot;availability_html&quot;:&quot;&lt;p class=\\&quot;stock available-on-backorder\\&quot;&gt;Dostupn\\u00e9 na objedn\\u00e1vku&lt;\\\/p&gt;\\n&quot;,&quot;backorders_allowed&quot;:false,&quot;dimensions&quot;:{&quot;length&quot;:&quot;&quot;,&quot;width&quot;:&quot;&quot;,&quot;height&quot;:&quot;&quot;},&quot;dimensions_html&quot;:&quot;-&quot;,&quot;display_price&quot;:89.9899999999999948840923025272786617279052734375,&quot;display_regular_price&quot;:89.9899999999999948840923025272786617279052734375,&quot;image&quot;:{&quot;title&quot;:&quot;228.20_1-\\u010dierna__1_-removebg-preview&quot;,&quot;caption&quot;:&quot;&quot;,&quot;url&quot;:&quot;https:\\\/\\\/www.topobuv.eu\\\/wp-content\\\/uploads\\\/2025\\\/02\\\/228.20_1-cierna__1_-removebg-preview.png&quot;,&quot;alt&quot;:&quot;228.20_1-\\u010dierna__1_-removebg-preview&quot;,&quot;src&quot;:&quot;https:\\\/\\\/www.topobuv.eu\\\/wp-content\\\/uploads\\\/2025\\\/02\\\/228.20_1-cierna__1_-removebg-preview.png&quot;,&quot;srcset&quot;:&quot;https:\\\/\\\/www.topobuv.eu\\\/wp-content\\\/uploads\\\/2025\\\/02\\\/228.20_1-cierna__1_-removebg-preview.png 600w, https:\\\/\\\/www.topobuv.eu\\\/wp-content\\\/uploads\\\/2025\\\/02\\\/228.20_1-cierna__1_-removebg-preview-64x43.png 64w, https:\\\/\\\/www.topobuv.eu\\\/wp-content\\\/uploads\\\/2025\\\/02\\\/228.20_1-cierna__1_-removebg-preview-400x267.png 400w, https:\\\/\\\/www.topobuv.eu\\\/wp-content\\\/uploads\\\/2025\\\/02\\\/228.20_1-cierna__1_-removebg-preview-300x200.png 300w, https:\\\/\\\/www.topobuv.eu\\\/wp-content\\\/uploads\\\/2025\\\/02\\\/228.20_1-cierna__1_-removebg-preview-150x100.png 150w, https:\\\/\\\/www.topobuv.eu\\\/wp-content\\\/uploads\\\/2025\\\/02\\\/228.20_1-cierna__1_-removebg-preview-18x12.png 18w&quot;,&quot;sizes&quot;:&quot;(max-width: 600px) 100vw, 600px&quot;,&quot;full_src&quot;:&quot;https:\\\/\\\/www.topobuv.eu\\\/wp-content\\\/uploads\\\/2025\\\/02\\\/228.20_1-cierna__1_-removebg-preview.png&quot;,&quot;full_src_w&quot;:600,&quot;full_src_h&quot;:400,&quot;gallery_thumbnail_src&quot;:&quot;https:\\\/\\\/www.topobuv.eu\\\/wp-content\\\/uploads\\\/2025\\\/02\\\/228.20_1-cierna__1_-removebg-preview-100x100.png&quot;,&quot;gallery_thumbnail_src_w&quot;:100,&quot;gallery_thumbnail_src_h&quot;:100,&quot;thumb_src&quot;:&quot;https:\\\/\\\/www.topobuv.eu\\\/wp-content\\\/uploads\\\/2025\\\/02\\\/228.20_1-cierna__1_-removebg-preview.png&quot;,&quot;thumb_src_w&quot;:600,&quot;thumb_src_h&quot;:400,&quot;src_w&quot;:600,&quot;src_h&quot;:400},&quot;image_id&quot;:9852,&quot;is_downloadable&quot;:false,&quot;is_in_stock&quot;:true,&quot;is_purchasable&quot;:true,&quot;is_sold_individually&quot;:&quot;no&quot;,&quot;is_virtual&quot;:false,&quot;max_qty&quot;:&quot;&quot;,&quot;min_qty&quot;:1,&quot;price_html&quot;:&quot;&quot;,&quot;sku&quot;:&quot;&quot;,&quot;variation_description&quot;:&quot;&quot;,&quot;variation_id&quot;:9888,&quot;variation_is_active&quot;:true,&quot;variation_is_visible&quot;:true,&quot;weight&quot;:&quot;&quot;,&quot;weight_html&quot;:&quot;-&quot;},{&quot;attributes&quot;:{&quot;attribute_pa_color&quot;:&quot;cierna&quot;,&quot;attribute_pa_size&quot;:&quot;43&quot;},&quot;availability_html&quot;:&quot;&lt;p class=\\&quot;stock available-on-backorder\\&quot;&gt;Dostupn\\u00e9 na objedn\\u00e1vku&lt;\\\/p&gt;\\n&quot;,&quot;backorders_allowed&quot;:false,&quot;dimensions&quot;:{&quot;length&quot;:&quot;&quot;,&quot;width&quot;:&quot;&quot;,&quot;height&quot;:&quot;&quot;},&quot;dimensions_html&quot;:&quot;-&quot;,&quot;display_price&quot;:89.9899999999999948840923025272786617279052734375,&quot;display_regular_price&quot;:89.9899999999999948840923025272786617279052734375,&quot;image&quot;:{&quot;title&quot;:&quot;228.20_1-\\u010dierna__1_-removebg-preview&quot;,&quot;caption&quot;:&quot;&quot;,&quot;url&quot;:&quot;https:\\\/\\\/www.topobuv.eu\\\/wp-content\\\/uploads\\\/2025\\\/02\\\/228.20_1-cierna__1_-removebg-preview.png&quot;,&quot;alt&quot;:&quot;228.20_1-\\u010dierna__1_-removebg-preview&quot;,&quot;src&quot;:&quot;https:\\\/\\\/www.topobuv.eu\\\/wp-content\\\/uploads\\\/2025\\\/02\\\/228.20_1-cierna__1_-removebg-preview.png&quot;,&quot;srcset&quot;:&quot;https:\\\/\\\/www.topobuv.eu\\\/wp-content\\\/uploads\\\/2025\\\/02\\\/228.20_1-cierna__1_-removebg-preview.png 600w, https:\\\/\\\/www.topobuv.eu\\\/wp-content\\\/uploads\\\/2025\\\/02\\\/228.20_1-cierna__1_-removebg-preview-64x43.png 64w, https:\\\/\\\/www.topobuv.eu\\\/wp-content\\\/uploads\\\/2025\\\/02\\\/228.20_1-cierna__1_-removebg-preview-400x267.png 400w, https:\\\/\\\/www.topobuv.eu\\\/wp-content\\\/uploads\\\/2025\\\/02\\\/228.20_1-cierna__1_-removebg-preview-300x200.png 300w, https:\\\/\\\/www.topobuv.eu\\\/wp-content\\\/uploads\\\/2025\\\/02\\\/228.20_1-cierna__1_-removebg-preview-150x100.png 150w, https:\\\/\\\/www.topobuv.eu\\\/wp-content\\\/uploads\\\/2025\\\/02\\\/228.20_1-cierna__1_-removebg-preview-18x12.png 18w&quot;,&quot;sizes&quot;:&quot;(max-width: 600px) 100vw, 600px&quot;,&quot;full_src&quot;:&quot;https:\\\/\\\/www.topobuv.eu\\\/wp-content\\\/uploads\\\/2025\\\/02\\\/228.20_1-cierna__1_-removebg-preview.png&quot;,&quot;full_src_w&quot;:600,&quot;full_src_h&quot;:400,&quot;gallery_thumbnail_src&quot;:&quot;https:\\\/\\\/www.topobuv.eu\\\/wp-content\\\/uploads\\\/2025\\\/02\\\/228.20_1-cierna__1_-removebg-preview-100x100.png&quot;,&quot;gallery_thumbnail_src_w&quot;:100,&quot;gallery_thumbnail_src_h&quot;:100,&quot;thumb_src&quot;:&quot;https:\\\/\\\/www.topobuv.eu\\\/wp-content\\\/uploads\\\/2025\\\/02\\\/228.20_1-cierna__1_-removebg-preview.png&quot;,&quot;thumb_src_w&quot;:600,&quot;thumb_src_h&quot;:400,&quot;src_w&quot;:600,&quot;src_h&quot;:400},&quot;image_id&quot;:9852,&quot;is_downloadable&quot;:false,&quot;is_in_stock&quot;:true,&quot;is_purchasable&quot;:true,&quot;is_sold_individually&quot;:&quot;no&quot;,&quot;is_virtual&quot;:false,&quot;max_qty&quot;:&quot;&quot;,&quot;min_qty&quot;:1,&quot;price_html&quot;:&quot;&quot;,&quot;sku&quot;:&quot;&quot;,&quot;variation_description&quot;:&quot;&quot;,&quot;variation_id&quot;:9889,&quot;variation_is_active&quot;:true,&quot;variation_is_visible&quot;:true,&quot;weight&quot;:&quot;&quot;,&quot;weight_html&quot;:&quot;-&quot;},{&quot;attributes&quot;:{&quot;attribute_pa_color&quot;:&quot;cierna&quot;,&quot;attribute_pa_size&quot;:&quot;44&quot;},&quot;availability_html&quot;:&quot;&lt;p class=\\&quot;stock available-on-backorder\\&quot;&gt;Dostupn\\u00e9 na objedn\\u00e1vku&lt;\\\/p&gt;\\n&quot;,&quot;backorders_allowed&quot;:false,&quot;dimensions&quot;:{&quot;length&quot;:&quot;&quot;,&quot;width&quot;:&quot;&quot;,&quot;height&quot;:&quot;&quot;},&quot;dimensions_html&quot;:&quot;-&quot;,&quot;display_price&quot;:89.9899999999999948840923025272786617279052734375,&quot;display_regular_price&quot;:89.9899999999999948840923025272786617279052734375,&quot;image&quot;:{&quot;title&quot;:&quot;228.20_1-\\u010dierna__1_-removebg-preview&quot;,&quot;caption&quot;:&quot;&quot;,&quot;url&quot;:&quot;https:\\\/\\\/www.topobuv.eu\\\/wp-content\\\/uploads\\\/2025\\\/02\\\/228.20_1-cierna__1_-removebg-preview.png&quot;,&quot;alt&quot;:&quot;228.20_1-\\u010dierna__1_-removebg-preview&quot;,&quot;src&quot;:&quot;https:\\\/\\\/www.topobuv.eu\\\/wp-content\\\/uploads\\\/2025\\\/02\\\/228.20_1-cierna__1_-removebg-preview.png&quot;,&quot;srcset&quot;:&quot;https:\\\/\\\/www.topobuv.eu\\\/wp-content\\\/uploads\\\/2025\\\/02\\\/228.20_1-cierna__1_-removebg-preview.png 600w, https:\\\/\\\/www.topobuv.eu\\\/wp-content\\\/uploads\\\/2025\\\/02\\\/228.20_1-cierna__1_-removebg-preview-64x43.png 64w, https:\\\/\\\/www.topobuv.eu\\\/wp-content\\\/uploads\\\/2025\\\/02\\\/228.20_1-cierna__1_-removebg-preview-400x267.png 400w, https:\\\/\\\/www.topobuv.eu\\\/wp-content\\\/uploads\\\/2025\\\/02\\\/228.20_1-cierna__1_-removebg-preview-300x200.png 300w, https:\\\/\\\/www.topobuv.eu\\\/wp-content\\\/uploads\\\/2025\\\/02\\\/228.20_1-cierna__1_-removebg-preview-150x100.png 150w, https:\\\/\\\/www.topobuv.eu\\\/wp-content\\\/uploads\\\/2025\\\/02\\\/228.20_1-cierna__1_-removebg-preview-18x12.png 18w&quot;,&quot;sizes&quot;:&quot;(max-width: 600px) 100vw, 600px&quot;,&quot;full_src&quot;:&quot;https:\\\/\\\/www.topobuv.eu\\\/wp-content\\\/uploads\\\/2025\\\/02\\\/228.20_1-cierna__1_-removebg-preview.png&quot;,&quot;full_src_w&quot;:600,&quot;full_src_h&quot;:400,&quot;gallery_thumbnail_src&quot;:&quot;https:\\\/\\\/www.topobuv.eu\\\/wp-content\\\/uploads\\\/2025\\\/02\\\/228.20_1-cierna__1_-removebg-preview-100x100.png&quot;,&quot;gallery_thumbnail_src_w&quot;:100,&quot;gallery_thumbnail_src_h&quot;:100,&quot;thumb_src&quot;:&quot;https:\\\/\\\/www.topobuv.eu\\\/wp-content\\\/uploads\\\/2025\\\/02\\\/228.20_1-cierna__1_-removebg-preview.png&quot;,&quot;thumb_src_w&quot;:600,&quot;thumb_src_h&quot;:400,&quot;src_w&quot;:600,&quot;src_h&quot;:400},&quot;image_id&quot;:9852,&quot;is_downloadable&quot;:false,&quot;is_in_stock&quot;:true,&quot;is_purchasable&quot;:true,&quot;is_sold_individually&quot;:&quot;no&quot;,&quot;is_virtual&quot;:false,&quot;max_qty&quot;:&quot;&quot;,&quot;min_qty&quot;:1,&quot;price_html&quot;:&quot;&quot;,&quot;sku&quot;:&quot;&quot;,&quot;variation_description&quot;:&quot;&quot;,&quot;variation_id&quot;:9890,&quot;variation_is_active&quot;:true,&quot;variation_is_visible&quot;:true,&quot;weight&quot;:&quot;&quot;,&quot;weight_html&quot;:&quot;-&quot;},{&quot;attributes&quot;:{&quot;attribute_pa_color&quot;:&quot;cierna&quot;,&quot;attribute_pa_size&quot;:&quot;45&quot;},&quot;availability_html&quot;:&quot;&lt;p class=\\&quot;stock available-on-backorder\\&quot;&gt;Dostupn\\u00e9 na objedn\\u00e1vku&lt;\\\/p&gt;\\n&quot;,&quot;backorders_allowed&quot;:false,&quot;dimensions&quot;:{&quot;length&quot;:&quot;&quot;,&quot;width&quot;:&quot;&quot;,&quot;height&quot;:&quot;&quot;},&quot;dimensions_html&quot;:&quot;-&quot;,&quot;display_price&quot;:89.9899999999999948840923025272786617279052734375,&quot;display_regular_price&quot;:89.9899999999999948840923025272786617279052734375,&quot;image&quot;:{&quot;title&quot;:&quot;228.20_1-\\u010dierna__1_-removebg-preview&quot;,&quot;caption&quot;:&quot;&quot;,&quot;url&quot;:&quot;https:\\\/\\\/www.topobuv.eu\\\/wp-content\\\/uploads\\\/2025\\\/02\\\/228.20_1-cierna__1_-removebg-preview.png&quot;,&quot;alt&quot;:&quot;228.20_1-\\u010dierna__1_-removebg-preview&quot;,&quot;src&quot;:&quot;https:\\\/\\\/www.topobuv.eu\\\/wp-content\\\/uploads\\\/2025\\\/02\\\/228.20_1-cierna__1_-removebg-preview.png&quot;,&quot;srcset&quot;:&quot;https:\\\/\\\/www.topobuv.eu\\\/wp-content\\\/uploads\\\/2025\\\/02\\\/228.20_1-cierna__1_-removebg-preview.png 600w, https:\\\/\\\/www.topobuv.eu\\\/wp-content\\\/uploads\\\/2025\\\/02\\\/228.20_1-cierna__1_-removebg-preview-64x43.png 64w, https:\\\/\\\/www.topobuv.eu\\\/wp-content\\\/uploads\\\/2025\\\/02\\\/228.20_1-cierna__1_-removebg-preview-400x267.png 400w, https:\\\/\\\/www.topobuv.eu\\\/wp-content\\\/uploads\\\/2025\\\/02\\\/228.20_1-cierna__1_-removebg-preview-300x200.png 300w, https:\\\/\\\/www.topobuv.eu\\\/wp-content\\\/uploads\\\/2025\\\/02\\\/228.20_1-cierna__1_-removebg-preview-150x100.png 150w, https:\\\/\\\/www.topobuv.eu\\\/wp-content\\\/uploads\\\/2025\\\/02\\\/228.20_1-cierna__1_-removebg-preview-18x12.png 18w&quot;,&quot;sizes&quot;:&quot;(max-width: 600px) 100vw, 600px&quot;,&quot;full_src&quot;:&quot;https:\\\/\\\/www.topobuv.eu\\\/wp-content\\\/uploads\\\/2025\\\/02\\\/228.20_1-cierna__1_-removebg-preview.png&quot;,&quot;full_src_w&quot;:600,&quot;full_src_h&quot;:400,&quot;gallery_thumbnail_src&quot;:&quot;https:\\\/\\\/www.topobuv.eu\\\/wp-content\\\/uploads\\\/2025\\\/02\\\/228.20_1-cierna__1_-removebg-preview-100x100.png&quot;,&quot;gallery_thumbnail_src_w&quot;:100,&quot;gallery_thumbnail_src_h&quot;:100,&quot;thumb_src&quot;:&quot;https:\\\/\\\/www.topobuv.eu\\\/wp-content\\\/uploads\\\/2025\\\/02\\\/228.20_1-cierna__1_-removebg-preview.png&quot;,&quot;thumb_src_w&quot;:600,&quot;thumb_src_h&quot;:400,&quot;src_w&quot;:600,&quot;src_h&quot;:400},&quot;image_id&quot;:9852,&quot;is_downloadable&quot;:false,&quot;is_in_stock&quot;:true,&quot;is_purchasable&quot;:true,&quot;is_sold_individually&quot;:&quot;no&quot;,&quot;is_virtual&quot;:false,&quot;max_qty&quot;:&quot;&quot;,&quot;min_qty&quot;:1,&quot;price_html&quot;:&quot;&quot;,&quot;sku&quot;:&quot;&quot;,&quot;variation_description&quot;:&quot;&quot;,&quot;variation_id&quot;:9891,&quot;variation_is_active&quot;:true,&quot;variation_is_visible&quot;:true,&quot;weight&quot;:&quot;&quot;,&quot;weight_html&quot;:&quot;-&quot;},{&quot;attributes&quot;:{&quot;attribute_pa_color&quot;:&quot;cierna&quot;,&quot;attribute_pa_size&quot;:&quot;46&quot;},&quot;availability_html&quot;:&quot;&lt;p class=\\&quot;stock available-on-backorder\\&quot;&gt;Dostupn\\u00e9 na objedn\\u00e1vku&lt;\\\/p&gt;\\n&quot;,&quot;backorders_allowed&quot;:false,&quot;dimensions&quot;:{&quot;length&quot;:&quot;&quot;,&quot;width&quot;:&quot;&quot;,&quot;height&quot;:&quot;&quot;},&quot;dimensions_html&quot;:&quot;-&quot;,&quot;display_price&quot;:89.9899999999999948840923025272786617279052734375,&quot;display_regular_price&quot;:89.9899999999999948840923025272786617279052734375,&quot;image&quot;:{&quot;title&quot;:&quot;228.20_1-\\u010dierna__1_-removebg-preview&quot;,&quot;caption&quot;:&quot;&quot;,&quot;url&quot;:&quot;https:\\\/\\\/www.topobuv.eu\\\/wp-content\\\/uploads\\\/2025\\\/02\\\/228.20_1-cierna__1_-removebg-preview.png&quot;,&quot;alt&quot;:&quot;228.20_1-\\u010dierna__1_-removebg-preview&quot;,&quot;src&quot;:&quot;https:\\\/\\\/www.topobuv.eu\\\/wp-content\\\/uploads\\\/2025\\\/02\\\/228.20_1-cierna__1_-removebg-preview.png&quot;,&quot;srcset&quot;:&quot;https:\\\/\\\/www.topobuv.eu\\\/wp-content\\\/uploads\\\/2025\\\/02\\\/228.20_1-cierna__1_-removebg-preview.png 600w, https:\\\/\\\/www.topobuv.eu\\\/wp-content\\\/uploads\\\/2025\\\/02\\\/228.20_1-cierna__1_-removebg-preview-64x43.png 64w, https:\\\/\\\/www.topobuv.eu\\\/wp-content\\\/uploads\\\/2025\\\/02\\\/228.20_1-cierna__1_-removebg-preview-400x267.png 400w, https:\\\/\\\/www.topobuv.eu\\\/wp-content\\\/uploads\\\/2025\\\/02\\\/228.20_1-cierna__1_-removebg-preview-300x200.png 300w, https:\\\/\\\/www.topobuv.eu\\\/wp-content\\\/uploads\\\/2025\\\/02\\\/228.20_1-cierna__1_-removebg-preview-150x100.png 150w, https:\\\/\\\/www.topobuv.eu\\\/wp-content\\\/uploads\\\/2025\\\/02\\\/228.20_1-cierna__1_-removebg-preview-18x12.png 18w&quot;,&quot;sizes&quot;:&quot;(max-width: 600px) 100vw, 600px&quot;,&quot;full_src&quot;:&quot;https:\\\/\\\/www.topobuv.eu\\\/wp-content\\\/uploads\\\/2025\\\/02\\\/228.20_1-cierna__1_-removebg-preview.png&quot;,&quot;full_src_w&quot;:600,&quot;full_src_h&quot;:400,&quot;gallery_thumbnail_src&quot;:&quot;https:\\\/\\\/www.topobuv.eu\\\/wp-content\\\/uploads\\\/2025\\\/02\\\/228.20_1-cierna__1_-removebg-preview-100x100.png&quot;,&quot;gallery_thumbnail_src_w&quot;:100,&quot;gallery_thumbnail_src_h&quot;:100,&quot;thumb_src&quot;:&quot;https:\\\/\\\/www.topobuv.eu\\\/wp-content\\\/uploads\\\/2025\\\/02\\\/228.20_1-cierna__1_-removebg-preview.png&quot;,&quot;thumb_src_w&quot;:600,&quot;thumb_src_h&quot;:400,&quot;src_w&quot;:600,&quot;src_h&quot;:400},&quot;image_id&quot;:9852,&quot;is_downloadable&quot;:false,&quot;is_in_stock&quot;:true,&quot;is_purchasable&quot;:true,&quot;is_sold_individually&quot;:&quot;no&quot;,&quot;is_virtual&quot;:false,&quot;max_qty&quot;:&quot;&quot;,&quot;min_qty&quot;:1,&quot;price_html&quot;:&quot;&quot;,&quot;sku&quot;:&quot;&quot;,&quot;variation_description&quot;:&quot;&quot;,&quot;variation_id&quot;:9892,&quot;variation_is_active&quot;:true,&quot;variation_is_visible&quot;:true,&quot;weight&quot;:&quot;&quot;,&quot;weight_html&quot;:&quot;-&quot;}]\">\n<div data-product_id=\"9885\" data-threshold_min=\"30\" data-threshold_max=\"100\" data-total=\"7\"><\/div>\n<\/form>\n","protected":false},"featured_media":17256,"comment_status":"open","ping_status":"closed","template":"","meta":{"site-sidebar-layout":"default","site-content-layout":"","ast-site-content-layout":"default","site-content-style":"default","site-sidebar-style":"default","ast-global-header-display":"","ast-banner-title-visibility":"","ast-main-header-display":"","ast-hfb-above-header-display":"","ast-hfb-below-header-display":"","ast-hfb-mobile-header-display":"","site-post-title":"","ast-breadcrumbs-content":"","ast-featured-img":"","footer-sml-layout":"","ast-disable-related-posts":"","theme-transparent-header-meta":"default","adv-header-id-meta":"","stick-header-meta":"","header-above-stick-meta":"","header-main-stick-meta":"","header-below-stick-meta":"","astra-migrate-meta-layouts":"set","ast-page-background-enabled":"default","ast-page-background-meta":{"desktop":{"background-color":"","background-image":"","background-repeat":"repeat","background-position":"center center","background-size":"auto","background-attachment":"scroll","background-type":"","background-media":"","overlay-type":"","overlay-color":"","overlay-opacity":"","overlay-gradient":""},"tablet":{"background-color":"","background-image":"","background-repeat":"repeat","background-position":"center center","background-size":"auto","background-attachment":"scroll","background-type":"","background-media":"","overlay-type":"","overlay-color":"","overlay-opacity":"","overlay-gradient":""},"mobile":{"background-color":"","background-image":"","background-repeat":"repeat","background-position":"center center","background-size":"auto","background-attachment":"scroll","background-type":"","background-media":"","overlay-type":"","overlay-color":"","overlay-opacity":"","overlay-gradient":""}},"ast-content-background-meta":{"desktop":{"background-color":"var(--ast-global-color-5)","background-image":"","background-repeat":"repeat","background-position":"center center","background-size":"auto","background-attachment":"scroll","background-type":"","background-media":"","overlay-type":"","overlay-color":"","overlay-opacity":"","overlay-gradient":""},"tablet":{"background-color":"var(--ast-global-color-5)","background-image":"","background-repeat":"repeat","background-position":"center center","background-size":"auto","background-attachment":"scroll","background-type":"","background-media":"","overlay-type":"","overlay-color":"","overlay-opacity":"","overlay-gradient":""},"mobile":{"background-color":"var(--ast-global-color-5)","background-image":"","background-repeat":"repeat","background-position":"center center","background-size":"auto","background-attachment":"scroll","background-type":"","background-media":"","overlay-type":"","overlay-color":"","overlay-opacity":"","overlay-gradient":""}}},"product_brand":[],"product_cat":[51,54,81,86],"product_tag":[],"class_list":{"0":"post-17255","1":"product","2":"type-product","3":"status-publish","4":"has-post-thumbnail","6":"product_cat-novinky","7":"product_cat-muzi","8":"product_cat-poltopanky","9":"product_cat-spolocenske-snurovacie","10":"desktop-align-center","11":"tablet-align-left","12":"mobile-align-left","14":"first","15":"onbackorder","16":"taxable","17":"shipping-taxable","18":"purchasable","19":"product-type-variable"},"_links":{"self":[{"href":"https:\/\/www.topobuv.eu\/sk\/wp-json\/wp\/v2\/product\/17255","targetHints":{"allow":["GET"]}}],"collection":[{"href":"https:\/\/www.topobuv.eu\/sk\/wp-json\/wp\/v2\/product"}],"about":[{"href":"https:\/\/www.topobuv.eu\/sk\/wp-json\/wp\/v2\/types\/product"}],"replies":[{"embeddable":true,"href":"https:\/\/www.topobuv.eu\/sk\/wp-json\/wp\/v2\/comments?post=17255"}],"version-history":[{"count":1,"href":"https:\/\/www.topobuv.eu\/sk\/wp-json\/wp\/v2\/product\/17255\/revisions"}],"predecessor-version":[{"id":17266,"href":"https:\/\/www.topobuv.eu\/sk\/wp-json\/wp\/v2\/product\/17255\/revisions\/17266"}],"wp:featuredmedia":[{"embeddable":true,"href":"https:\/\/www.topobuv.eu\/sk\/wp-json\/wp\/v2\/media\/17256"}],"wp:attachment":[{"href":"https:\/\/www.topobuv.eu\/sk\/wp-json\/wp\/v2\/media?parent=17255"}],"wp:term":[{"taxonomy":"product_brand","embeddable":true,"href":"https:\/\/www.topobuv.eu\/sk\/wp-json\/wp\/v2\/product_brand?post=17255"},{"taxonomy":"product_cat","embeddable":true,"href":"https:\/\/www.topobuv.eu\/sk\/wp-json\/wp\/v2\/product_cat?post=17255"},{"taxonomy":"product_tag","embeddable":true,"href":"https:\/\/www.topobuv.eu\/sk\/wp-json\/wp\/v2\/product_tag?post=17255"}],"curies":[{"name":"wp","href":"https:\/\/api.w.org\/{rel}","templated":true}]}}