{"id":16993,"date":"2025-09-05T09:09:43","date_gmt":"2025-09-05T08:09:43","guid":{"rendered":"https:\/\/www.topobuv.eu\/?post_type=product&#038;p=16993"},"modified":"2025-09-05T09:34:09","modified_gmt":"2025-09-05T08:34:09","slug":"damska-obuv-1853","status":"publish","type":"product","link":"https:\/\/www.topobuv.eu\/sk\/produkt\/damska-obuv-1853\/","title":{"rendered":"D\u00e1mska Obuv 1853"},"content":{"rendered":"","protected":false},"excerpt":{"rendered":"<p>Tieto \u0161t\u00fdlov\u00e9 d\u00e1mske kotn\u00edky s\u00fa vyroben\u00e9 z prvotriednej hladkej ko\u017ee, ktor\u00e1 sa vyzna\u010duje odolnos\u0165ou a prirodzenou eleganciou. Vy\u0161\u0161\u00ed zvr\u0161ok 22 cm chr\u00e1ni nohu a dod\u00e1va obuvi klasick\u00fd vzh\u013ead, ktor\u00fd sa hod\u00ed k elegantn\u00fdm aj le\u017e\u00e9rnym outfitom. Pevn\u00e1, no z\u00e1rove\u0148 pohodln\u00e1 podr\u00e1\u017eka na podp\u00e4tku 5 cm poskytuje stabilitu pri ch\u00f4dzi, zatia\u013e \u010do kvalitn\u00e9 spracovanie zaru\u010duje dlhodob\u00fa trv\u00e1cnos\u0165. Ide\u00e1lne na ka\u017edodenn\u00e9 nosenie po\u010das chladnej\u0161\u00edch mesiacov aj na be\u017en\u00fd de\u0148.<\/p>\n","protected":false},"featured_media":16994,"comment_status":"open","ping_status":"closed","template":"","meta":{"site-sidebar-layout":"default","site-content-layout":"","ast-site-content-layout":"default","site-content-style":"default","site-sidebar-style":"default","ast-global-header-display":"","ast-banner-title-visibility":"","ast-main-header-display":"","ast-hfb-above-header-display":"","ast-hfb-below-header-display":"","ast-hfb-mobile-header-display":"","site-post-title":"","ast-breadcrumbs-content":"","ast-featured-img":"","footer-sml-layout":"","ast-disable-related-posts":"","theme-transparent-header-meta":"default","adv-header-id-meta":"","stick-header-meta":"","header-above-stick-meta":"","header-main-stick-meta":"","header-below-stick-meta":"","astra-migrate-meta-layouts":"set","ast-page-background-enabled":"default","ast-page-background-meta":{"desktop":{"background-color":"","background-image":"","background-repeat":"repeat","background-position":"center center","background-size":"auto","background-attachment":"scroll","background-type":"","background-media":"","overlay-type":"","overlay-color":"","overlay-opacity":"","overlay-gradient":""},"tablet":{"background-color":"","background-image":"","background-repeat":"repeat","background-position":"center center","background-size":"auto","background-attachment":"scroll","background-type":"","background-media":"","overlay-type":"","overlay-color":"","overlay-opacity":"","overlay-gradient":""},"mobile":{"background-color":"","background-image":"","background-repeat":"repeat","background-position":"center center","background-size":"auto","background-attachment":"scroll","background-type":"","background-media":"","overlay-type":"","overlay-color":"","overlay-opacity":"","overlay-gradient":""}},"ast-content-background-meta":{"desktop":{"background-color":"var(--ast-global-color-5)","background-image":"","background-repeat":"repeat","background-position":"center center","background-size":"auto","background-attachment":"scroll","background-type":"","background-media":"","overlay-type":"","overlay-color":"","overlay-opacity":"","overlay-gradient":""},"tablet":{"background-color":"var(--ast-global-color-5)","background-image":"","background-repeat":"repeat","background-position":"center center","background-size":"auto","background-attachment":"scroll","background-type":"","background-media":"","overlay-type":"","overlay-color":"","overlay-opacity":"","overlay-gradient":""},"mobile":{"background-color":"var(--ast-global-color-5)","background-image":"","background-repeat":"repeat","background-position":"center center","background-size":"auto","background-attachment":"scroll","background-type":"","background-media":"","overlay-type":"","overlay-color":"","overlay-opacity":"","overlay-gradient":""}}},"product_brand":[],"product_cat":[50,93,51],"product_tag":[],"class_list":{"0":"post-16993","1":"product","2":"type-product","3":"status-publish","4":"has-post-thumbnail","6":"product_cat-zeny","7":"product_cat-kotniky","8":"product_cat-novinky","9":"desktop-align-center","10":"tablet-align-left","11":"mobile-align-left","13":"first","14":"onbackorder","15":"taxable","16":"shipping-taxable","17":"purchasable","18":"product-type-variable"},"_links":{"self":[{"href":"https:\/\/www.topobuv.eu\/sk\/wp-json\/wp\/v2\/product\/16993","targetHints":{"allow":["GET"]}}],"collection":[{"href":"https:\/\/www.topobuv.eu\/sk\/wp-json\/wp\/v2\/product"}],"about":[{"href":"https:\/\/www.topobuv.eu\/sk\/wp-json\/wp\/v2\/types\/product"}],"replies":[{"embeddable":true,"href":"https:\/\/www.topobuv.eu\/sk\/wp-json\/wp\/v2\/comments?post=16993"}],"version-history":[{"count":0,"href":"https:\/\/www.topobuv.eu\/sk\/wp-json\/wp\/v2\/product\/16993\/revisions"}],"wp:featuredmedia":[{"embeddable":true,"href":"https:\/\/www.topobuv.eu\/sk\/wp-json\/wp\/v2\/media\/16994"}],"wp:attachment":[{"href":"https:\/\/www.topobuv.eu\/sk\/wp-json\/wp\/v2\/media?parent=16993"}],"wp:term":[{"taxonomy":"product_brand","embeddable":true,"href":"https:\/\/www.topobuv.eu\/sk\/wp-json\/wp\/v2\/product_brand?post=16993"},{"taxonomy":"product_cat","embeddable":true,"href":"https:\/\/www.topobuv.eu\/sk\/wp-json\/wp\/v2\/product_cat?post=16993"},{"taxonomy":"product_tag","embeddable":true,"href":"https:\/\/www.topobuv.eu\/sk\/wp-json\/wp\/v2\/product_tag?post=16993"}],"curies":[{"name":"wp","href":"https:\/\/api.w.org\/{rel}","templated":true}]}}