{"id":13320,"date":"2025-04-09T17:48:31","date_gmt":"2025-04-09T16:48:31","guid":{"rendered":"https:\/\/www.topobuv.eu\/?post_type=product&#038;p=13320"},"modified":"2025-04-09T17:48:31","modified_gmt":"2025-04-09T16:48:31","slug":"panska-obuv-445p-91-granata","status":"publish","type":"product","link":"https:\/\/www.topobuv.eu\/sk\/produkt\/panska-obuv-445p-91-granata\/","title":{"rendered":"P\u00e1nska Obuv 445P\/91 Granata"},"content":{"rendered":"","protected":false},"excerpt":{"rendered":"<p>Tieto \u0161t\u00fdlov\u00e9 mokas\u00edny v modrom preveden\u00ed s\u00fa ide\u00e1lnou vo\u013ebou pre mu\u017eov, ktor\u00ed h\u013eadaj\u00fa pohodlie a vkus z\u00e1rove\u0148. Vyroben\u00e9 z kvalitnej pr\u00edrodnej ko\u017ee, ktor\u00e9 pon\u00fakaj\u00fa tradi\u010dn\u00fd vzh\u013ead s modern\u00fdm n\u00e1dychom. V\u010faka nas\u00favaciemu dizajnu s\u00fa mimoriadne praktick\u00e9 a vhodn\u00e9 na ka\u017edodenn\u00e9 nosenie \u2013 \u010di u\u017e do pr\u00e1ce, na vo\u013en\u00fd \u010das alebo letn\u00e9 prech\u00e1dzky mestom. M\u00e4kk\u00e1 podr\u00e1\u017eka zaru\u010duje pohodlie pri ka\u017edom kroku.<\/p>\n","protected":false},"featured_media":13285,"comment_status":"open","ping_status":"closed","template":"","meta":{"site-sidebar-layout":"default","site-content-layout":"","ast-site-content-layout":"default","site-content-style":"default","site-sidebar-style":"default","ast-global-header-display":"","ast-banner-title-visibility":"","ast-main-header-display":"","ast-hfb-above-header-display":"","ast-hfb-below-header-display":"","ast-hfb-mobile-header-display":"","site-post-title":"","ast-breadcrumbs-content":"","ast-featured-img":"","footer-sml-layout":"","ast-disable-related-posts":"","theme-transparent-header-meta":"default","adv-header-id-meta":"","stick-header-meta":"","header-above-stick-meta":"","header-main-stick-meta":"","header-below-stick-meta":"","astra-migrate-meta-layouts":"set","ast-page-background-enabled":"default","ast-page-background-meta":{"desktop":{"background-color":"","background-image":"","background-repeat":"repeat","background-position":"center center","background-size":"auto","background-attachment":"scroll","background-type":"","background-media":"","overlay-type":"","overlay-color":"","overlay-opacity":"","overlay-gradient":""},"tablet":{"background-color":"","background-image":"","background-repeat":"repeat","background-position":"center center","background-size":"auto","background-attachment":"scroll","background-type":"","background-media":"","overlay-type":"","overlay-color":"","overlay-opacity":"","overlay-gradient":""},"mobile":{"background-color":"","background-image":"","background-repeat":"repeat","background-position":"center center","background-size":"auto","background-attachment":"scroll","background-type":"","background-media":"","overlay-type":"","overlay-color":"","overlay-opacity":"","overlay-gradient":""}},"ast-content-background-meta":{"desktop":{"background-color":"var(--ast-global-color-5)","background-image":"","background-repeat":"repeat","background-position":"center center","background-size":"auto","background-attachment":"scroll","background-type":"","background-media":"","overlay-type":"","overlay-color":"","overlay-opacity":"","overlay-gradient":""},"tablet":{"background-color":"var(--ast-global-color-5)","background-image":"","background-repeat":"repeat","background-position":"center center","background-size":"auto","background-attachment":"scroll","background-type":"","background-media":"","overlay-type":"","overlay-color":"","overlay-opacity":"","overlay-gradient":""},"mobile":{"background-color":"var(--ast-global-color-5)","background-image":"","background-repeat":"repeat","background-position":"center center","background-size":"auto","background-attachment":"scroll","background-type":"","background-media":"","overlay-type":"","overlay-color":"","overlay-opacity":"","overlay-gradient":""}}},"product_brand":[],"product_cat":[82,54],"product_tag":[],"class_list":{"0":"post-13320","1":"product","2":"type-product","3":"status-publish","4":"has-post-thumbnail","6":"product_cat-mokasiny","7":"product_cat-muzi","8":"desktop-align-center","9":"tablet-align-left","10":"mobile-align-left","12":"first","13":"onbackorder","14":"taxable","15":"shipping-taxable","16":"purchasable","17":"product-type-variable"},"_links":{"self":[{"href":"https:\/\/www.topobuv.eu\/sk\/wp-json\/wp\/v2\/product\/13320","targetHints":{"allow":["GET"]}}],"collection":[{"href":"https:\/\/www.topobuv.eu\/sk\/wp-json\/wp\/v2\/product"}],"about":[{"href":"https:\/\/www.topobuv.eu\/sk\/wp-json\/wp\/v2\/types\/product"}],"replies":[{"embeddable":true,"href":"https:\/\/www.topobuv.eu\/sk\/wp-json\/wp\/v2\/comments?post=13320"}],"version-history":[{"count":0,"href":"https:\/\/www.topobuv.eu\/sk\/wp-json\/wp\/v2\/product\/13320\/revisions"}],"wp:featuredmedia":[{"embeddable":true,"href":"https:\/\/www.topobuv.eu\/sk\/wp-json\/wp\/v2\/media\/13285"}],"wp:attachment":[{"href":"https:\/\/www.topobuv.eu\/sk\/wp-json\/wp\/v2\/media?parent=13320"}],"wp:term":[{"taxonomy":"product_brand","embeddable":true,"href":"https:\/\/www.topobuv.eu\/sk\/wp-json\/wp\/v2\/product_brand?post=13320"},{"taxonomy":"product_cat","embeddable":true,"href":"https:\/\/www.topobuv.eu\/sk\/wp-json\/wp\/v2\/product_cat?post=13320"},{"taxonomy":"product_tag","embeddable":true,"href":"https:\/\/www.topobuv.eu\/sk\/wp-json\/wp\/v2\/product_tag?post=13320"}],"curies":[{"name":"wp","href":"https:\/\/api.w.org\/{rel}","templated":true}]}}