{"id":10543,"date":"2025-02-25T14:55:22","date_gmt":"2025-02-25T13:55:22","guid":{"rendered":"https:\/\/www.topobuv.eu\/?post_type=product&#038;p=10543"},"modified":"2025-02-25T14:55:22","modified_gmt":"2025-02-25T13:55:22","slug":"panska-obuv-211-01-82-nero-riva-camoscio","status":"publish","type":"product","link":"https:\/\/www.topobuv.eu\/sk\/produkt\/panska-obuv-211-01-82-nero-riva-camoscio\/","title":{"rendered":"P\u00e1nska Obuv 211\/01\/82 Nero riva\/camoscio"},"content":{"rendered":"","protected":false},"excerpt":{"rendered":"<div class=\"woocommerce-product-details__short-description\">\n<p>P\u00e1nske spolo\u010densk\u00e9 poltop\u00e1nky na \u0161nurovanie. Obuv je vyroben\u00e1 z kvalitnej pr\u00edrodnej lakovanej ko\u017ee a br\u00fasenej ko\u017ee.<\/p>\n<\/div>\n<form class=\"variations_form cart wvs-loaded\" style=\"box-sizing: inherit; zoom: 1; color: #312e39; font-family: Montserrat, sans-serif; font-size: 16px; font-style: normal; font-variant-ligatures: normal; font-variant-caps: normal; font-weight: 400; letter-spacing: normal; orphans: 2; text-align: start; text-indent: 0px; text-transform: none; widows: 2; word-spacing: 0px; -webkit-text-stroke-width: 0px; white-space: normal; background-color: #ffffff; text-decoration-thickness: initial; text-decoration-style: initial; text-decoration-color: initial;\" action=\"https:\/\/www.topobuv.eu\/sk\/produkt\/panska-obuv-070-01-nero-cayman\/\" enctype=\"multipart\/form-data\" method=\"post\" data-product_id=\"10429\" data-product_variations=\"[{&quot;attributes&quot;:{&quot;attribute_pa_color&quot;:&quot;cierna-lakovana&quot;,&quot;attribute_pa_size&quot;:&quot;39&quot;},&quot;availability_html&quot;:&quot;&lt;p class=\\&quot;stock available-on-backorder\\&quot;&gt;Dostupn\\u00e9 na objedn\\u00e1vku&lt;\\\/p&gt;\\n&quot;,&quot;backorders_allowed&quot;:false,&quot;dimensions&quot;:{&quot;length&quot;:&quot;&quot;,&quot;width&quot;:&quot;&quot;,&quot;height&quot;:&quot;&quot;},&quot;dimensions_html&quot;:&quot;-&quot;,&quot;display_price&quot;:99.9899999999999948840923025272786617279052734375,&quot;display_regular_price&quot;:99.9899999999999948840923025272786617279052734375,&quot;image&quot;:{&quot;title&quot;:&quot;318(1)&quot;,&quot;caption&quot;:&quot;&quot;,&quot;url&quot;:&quot;https:\\\/\\\/www.topobuv.eu\\\/wp-content\\\/uploads\\\/2025\\\/02\\\/3181.jpg&quot;,&quot;alt&quot;:&quot;318(1)&quot;,&quot;src&quot;:&quot;https:\\\/\\\/www.topobuv.eu\\\/wp-content\\\/uploads\\\/2025\\\/02\\\/3181-800x582.jpg&quot;,&quot;srcset&quot;:&quot;https:\\\/\\\/www.topobuv.eu\\\/wp-content\\\/uploads\\\/2025\\\/02\\\/3181-800x582.jpg 800w, https:\\\/\\\/www.topobuv.eu\\\/wp-content\\\/uploads\\\/2025\\\/02\\\/3181-300x218.jpg 300w, https:\\\/\\\/www.topobuv.eu\\\/wp-content\\\/uploads\\\/2025\\\/02\\\/3181-1024x745.jpg 1024w, https:\\\/\\\/www.topobuv.eu\\\/wp-content\\\/uploads\\\/2025\\\/02\\\/3181-150x109.jpg 150w, https:\\\/\\\/www.topobuv.eu\\\/wp-content\\\/uploads\\\/2025\\\/02\\\/3181-768x559.jpg 768w, https:\\\/\\\/www.topobuv.eu\\\/wp-content\\\/uploads\\\/2025\\\/02\\\/3181-16x12.jpg 16w, https:\\\/\\\/www.topobuv.eu\\\/wp-content\\\/uploads\\\/2025\\\/02\\\/3181-64x47.jpg 64w, https:\\\/\\\/www.topobuv.eu\\\/wp-content\\\/uploads\\\/2025\\\/02\\\/3181.jpg 1299w&quot;,&quot;sizes&quot;:&quot;(max-width: 800px) 100vw, 800px&quot;,&quot;full_src&quot;:&quot;https:\\\/\\\/www.topobuv.eu\\\/wp-content\\\/uploads\\\/2025\\\/02\\\/3181.jpg&quot;,&quot;full_src_w&quot;:1299,&quot;full_src_h&quot;:945,&quot;gallery_thumbnail_src&quot;:&quot;https:\\\/\\\/www.topobuv.eu\\\/wp-content\\\/uploads\\\/2025\\\/02\\\/3181-100x100.jpg&quot;,&quot;gallery_thumbnail_src_w&quot;:100,&quot;gallery_thumbnail_src_h&quot;:100,&quot;thumb_src&quot;:&quot;https:\\\/\\\/www.topobuv.eu\\\/wp-content\\\/uploads\\\/2025\\\/02\\\/3181-800x582.jpg&quot;,&quot;thumb_src_w&quot;:800,&quot;thumb_src_h&quot;:582,&quot;src_w&quot;:800,&quot;src_h&quot;:582},&quot;image_id&quot;:10430,&quot;is_downloadable&quot;:false,&quot;is_in_stock&quot;:true,&quot;is_purchasable&quot;:true,&quot;is_sold_individually&quot;:&quot;no&quot;,&quot;is_virtual&quot;:false,&quot;max_qty&quot;:&quot;&quot;,&quot;min_qty&quot;:1,&quot;price_html&quot;:&quot;&quot;,&quot;sku&quot;:&quot;&quot;,&quot;variation_description&quot;:&quot;&quot;,&quot;variation_id&quot;:10433,&quot;variation_is_active&quot;:true,&quot;variation_is_visible&quot;:true,&quot;weight&quot;:&quot;&quot;,&quot;weight_html&quot;:&quot;-&quot;},{&quot;attributes&quot;:{&quot;attribute_pa_color&quot;:&quot;cierna-lakovana&quot;,&quot;attribute_pa_size&quot;:&quot;40&quot;},&quot;availability_html&quot;:&quot;&lt;p class=\\&quot;stock available-on-backorder\\&quot;&gt;Dostupn\\u00e9 na objedn\\u00e1vku&lt;\\\/p&gt;\\n&quot;,&quot;backorders_allowed&quot;:false,&quot;dimensions&quot;:{&quot;length&quot;:&quot;&quot;,&quot;width&quot;:&quot;&quot;,&quot;height&quot;:&quot;&quot;},&quot;dimensions_html&quot;:&quot;-&quot;,&quot;display_price&quot;:99.9899999999999948840923025272786617279052734375,&quot;display_regular_price&quot;:99.9899999999999948840923025272786617279052734375,&quot;image&quot;:{&quot;title&quot;:&quot;318(1)&quot;,&quot;caption&quot;:&quot;&quot;,&quot;url&quot;:&quot;https:\\\/\\\/www.topobuv.eu\\\/wp-content\\\/uploads\\\/2025\\\/02\\\/3181.jpg&quot;,&quot;alt&quot;:&quot;318(1)&quot;,&quot;src&quot;:&quot;https:\\\/\\\/www.topobuv.eu\\\/wp-content\\\/uploads\\\/2025\\\/02\\\/3181-800x582.jpg&quot;,&quot;srcset&quot;:&quot;https:\\\/\\\/www.topobuv.eu\\\/wp-content\\\/uploads\\\/2025\\\/02\\\/3181-800x582.jpg 800w, https:\\\/\\\/www.topobuv.eu\\\/wp-content\\\/uploads\\\/2025\\\/02\\\/3181-300x218.jpg 300w, https:\\\/\\\/www.topobuv.eu\\\/wp-content\\\/uploads\\\/2025\\\/02\\\/3181-1024x745.jpg 1024w, https:\\\/\\\/www.topobuv.eu\\\/wp-content\\\/uploads\\\/2025\\\/02\\\/3181-150x109.jpg 150w, https:\\\/\\\/www.topobuv.eu\\\/wp-content\\\/uploads\\\/2025\\\/02\\\/3181-768x559.jpg 768w, https:\\\/\\\/www.topobuv.eu\\\/wp-content\\\/uploads\\\/2025\\\/02\\\/3181-16x12.jpg 16w, https:\\\/\\\/www.topobuv.eu\\\/wp-content\\\/uploads\\\/2025\\\/02\\\/3181-64x47.jpg 64w, https:\\\/\\\/www.topobuv.eu\\\/wp-content\\\/uploads\\\/2025\\\/02\\\/3181.jpg 1299w&quot;,&quot;sizes&quot;:&quot;(max-width: 800px) 100vw, 800px&quot;,&quot;full_src&quot;:&quot;https:\\\/\\\/www.topobuv.eu\\\/wp-content\\\/uploads\\\/2025\\\/02\\\/3181.jpg&quot;,&quot;full_src_w&quot;:1299,&quot;full_src_h&quot;:945,&quot;gallery_thumbnail_src&quot;:&quot;https:\\\/\\\/www.topobuv.eu\\\/wp-content\\\/uploads\\\/2025\\\/02\\\/3181-100x100.jpg&quot;,&quot;gallery_thumbnail_src_w&quot;:100,&quot;gallery_thumbnail_src_h&quot;:100,&quot;thumb_src&quot;:&quot;https:\\\/\\\/www.topobuv.eu\\\/wp-content\\\/uploads\\\/2025\\\/02\\\/3181-800x582.jpg&quot;,&quot;thumb_src_w&quot;:800,&quot;thumb_src_h&quot;:582,&quot;src_w&quot;:800,&quot;src_h&quot;:582},&quot;image_id&quot;:10430,&quot;is_downloadable&quot;:false,&quot;is_in_stock&quot;:true,&quot;is_purchasable&quot;:true,&quot;is_sold_individually&quot;:&quot;no&quot;,&quot;is_virtual&quot;:false,&quot;max_qty&quot;:&quot;&quot;,&quot;min_qty&quot;:1,&quot;price_html&quot;:&quot;&quot;,&quot;sku&quot;:&quot;&quot;,&quot;variation_description&quot;:&quot;&quot;,&quot;variation_id&quot;:10434,&quot;variation_is_active&quot;:true,&quot;variation_is_visible&quot;:true,&quot;weight&quot;:&quot;&quot;,&quot;weight_html&quot;:&quot;-&quot;},{&quot;attributes&quot;:{&quot;attribute_pa_color&quot;:&quot;cierna-lakovana&quot;,&quot;attribute_pa_size&quot;:&quot;41&quot;},&quot;availability_html&quot;:&quot;&lt;p class=\\&quot;stock available-on-backorder\\&quot;&gt;Dostupn\\u00e9 na objedn\\u00e1vku&lt;\\\/p&gt;\\n&quot;,&quot;backorders_allowed&quot;:false,&quot;dimensions&quot;:{&quot;length&quot;:&quot;&quot;,&quot;width&quot;:&quot;&quot;,&quot;height&quot;:&quot;&quot;},&quot;dimensions_html&quot;:&quot;-&quot;,&quot;display_price&quot;:99.9899999999999948840923025272786617279052734375,&quot;display_regular_price&quot;:99.9899999999999948840923025272786617279052734375,&quot;image&quot;:{&quot;title&quot;:&quot;318(1)&quot;,&quot;caption&quot;:&quot;&quot;,&quot;url&quot;:&quot;https:\\\/\\\/www.topobuv.eu\\\/wp-content\\\/uploads\\\/2025\\\/02\\\/3181.jpg&quot;,&quot;alt&quot;:&quot;318(1)&quot;,&quot;src&quot;:&quot;https:\\\/\\\/www.topobuv.eu\\\/wp-content\\\/uploads\\\/2025\\\/02\\\/3181-800x582.jpg&quot;,&quot;srcset&quot;:&quot;https:\\\/\\\/www.topobuv.eu\\\/wp-content\\\/uploads\\\/2025\\\/02\\\/3181-800x582.jpg 800w, https:\\\/\\\/www.topobuv.eu\\\/wp-content\\\/uploads\\\/2025\\\/02\\\/3181-300x218.jpg 300w, https:\\\/\\\/www.topobuv.eu\\\/wp-content\\\/uploads\\\/2025\\\/02\\\/3181-1024x745.jpg 1024w, https:\\\/\\\/www.topobuv.eu\\\/wp-content\\\/uploads\\\/2025\\\/02\\\/3181-150x109.jpg 150w, https:\\\/\\\/www.topobuv.eu\\\/wp-content\\\/uploads\\\/2025\\\/02\\\/3181-768x559.jpg 768w, https:\\\/\\\/www.topobuv.eu\\\/wp-content\\\/uploads\\\/2025\\\/02\\\/3181-16x12.jpg 16w, https:\\\/\\\/www.topobuv.eu\\\/wp-content\\\/uploads\\\/2025\\\/02\\\/3181-64x47.jpg 64w, https:\\\/\\\/www.topobuv.eu\\\/wp-content\\\/uploads\\\/2025\\\/02\\\/3181.jpg 1299w&quot;,&quot;sizes&quot;:&quot;(max-width: 800px) 100vw, 800px&quot;,&quot;full_src&quot;:&quot;https:\\\/\\\/www.topobuv.eu\\\/wp-content\\\/uploads\\\/2025\\\/02\\\/3181.jpg&quot;,&quot;full_src_w&quot;:1299,&quot;full_src_h&quot;:945,&quot;gallery_thumbnail_src&quot;:&quot;https:\\\/\\\/www.topobuv.eu\\\/wp-content\\\/uploads\\\/2025\\\/02\\\/3181-100x100.jpg&quot;,&quot;gallery_thumbnail_src_w&quot;:100,&quot;gallery_thumbnail_src_h&quot;:100,&quot;thumb_src&quot;:&quot;https:\\\/\\\/www.topobuv.eu\\\/wp-content\\\/uploads\\\/2025\\\/02\\\/3181-800x582.jpg&quot;,&quot;thumb_src_w&quot;:800,&quot;thumb_src_h&quot;:582,&quot;src_w&quot;:800,&quot;src_h&quot;:582},&quot;image_id&quot;:10430,&quot;is_downloadable&quot;:false,&quot;is_in_stock&quot;:true,&quot;is_purchasable&quot;:true,&quot;is_sold_individually&quot;:&quot;no&quot;,&quot;is_virtual&quot;:false,&quot;max_qty&quot;:&quot;&quot;,&quot;min_qty&quot;:1,&quot;price_html&quot;:&quot;&quot;,&quot;sku&quot;:&quot;&quot;,&quot;variation_description&quot;:&quot;&quot;,&quot;variation_id&quot;:10435,&quot;variation_is_active&quot;:true,&quot;variation_is_visible&quot;:true,&quot;weight&quot;:&quot;&quot;,&quot;weight_html&quot;:&quot;-&quot;},{&quot;attributes&quot;:{&quot;attribute_pa_color&quot;:&quot;cierna-lakovana&quot;,&quot;attribute_pa_size&quot;:&quot;42&quot;},&quot;availability_html&quot;:&quot;&lt;p class=\\&quot;stock available-on-backorder\\&quot;&gt;Dostupn\\u00e9 na objedn\\u00e1vku&lt;\\\/p&gt;\\n&quot;,&quot;backorders_allowed&quot;:false,&quot;dimensions&quot;:{&quot;length&quot;:&quot;&quot;,&quot;width&quot;:&quot;&quot;,&quot;height&quot;:&quot;&quot;},&quot;dimensions_html&quot;:&quot;-&quot;,&quot;display_price&quot;:99.9899999999999948840923025272786617279052734375,&quot;display_regular_price&quot;:99.9899999999999948840923025272786617279052734375,&quot;image&quot;:{&quot;title&quot;:&quot;318(1)&quot;,&quot;caption&quot;:&quot;&quot;,&quot;url&quot;:&quot;https:\\\/\\\/www.topobuv.eu\\\/wp-content\\\/uploads\\\/2025\\\/02\\\/3181.jpg&quot;,&quot;alt&quot;:&quot;318(1)&quot;,&quot;src&quot;:&quot;https:\\\/\\\/www.topobuv.eu\\\/wp-content\\\/uploads\\\/2025\\\/02\\\/3181-800x582.jpg&quot;,&quot;srcset&quot;:&quot;https:\\\/\\\/www.topobuv.eu\\\/wp-content\\\/uploads\\\/2025\\\/02\\\/3181-800x582.jpg 800w, https:\\\/\\\/www.topobuv.eu\\\/wp-content\\\/uploads\\\/2025\\\/02\\\/3181-300x218.jpg 300w, https:\\\/\\\/www.topobuv.eu\\\/wp-content\\\/uploads\\\/2025\\\/02\\\/3181-1024x745.jpg 1024w, https:\\\/\\\/www.topobuv.eu\\\/wp-content\\\/uploads\\\/2025\\\/02\\\/3181-150x109.jpg 150w, https:\\\/\\\/www.topobuv.eu\\\/wp-content\\\/uploads\\\/2025\\\/02\\\/3181-768x559.jpg 768w, https:\\\/\\\/www.topobuv.eu\\\/wp-content\\\/uploads\\\/2025\\\/02\\\/3181-16x12.jpg 16w, https:\\\/\\\/www.topobuv.eu\\\/wp-content\\\/uploads\\\/2025\\\/02\\\/3181-64x47.jpg 64w, https:\\\/\\\/www.topobuv.eu\\\/wp-content\\\/uploads\\\/2025\\\/02\\\/3181.jpg 1299w&quot;,&quot;sizes&quot;:&quot;(max-width: 800px) 100vw, 800px&quot;,&quot;full_src&quot;:&quot;https:\\\/\\\/www.topobuv.eu\\\/wp-content\\\/uploads\\\/2025\\\/02\\\/3181.jpg&quot;,&quot;full_src_w&quot;:1299,&quot;full_src_h&quot;:945,&quot;gallery_thumbnail_src&quot;:&quot;https:\\\/\\\/www.topobuv.eu\\\/wp-content\\\/uploads\\\/2025\\\/02\\\/3181-100x100.jpg&quot;,&quot;gallery_thumbnail_src_w&quot;:100,&quot;gallery_thumbnail_src_h&quot;:100,&quot;thumb_src&quot;:&quot;https:\\\/\\\/www.topobuv.eu\\\/wp-content\\\/uploads\\\/2025\\\/02\\\/3181-800x582.jpg&quot;,&quot;thumb_src_w&quot;:800,&quot;thumb_src_h&quot;:582,&quot;src_w&quot;:800,&quot;src_h&quot;:582},&quot;image_id&quot;:10430,&quot;is_downloadable&quot;:false,&quot;is_in_stock&quot;:true,&quot;is_purchasable&quot;:true,&quot;is_sold_individually&quot;:&quot;no&quot;,&quot;is_virtual&quot;:false,&quot;max_qty&quot;:&quot;&quot;,&quot;min_qty&quot;:1,&quot;price_html&quot;:&quot;&quot;,&quot;sku&quot;:&quot;&quot;,&quot;variation_description&quot;:&quot;&quot;,&quot;variation_id&quot;:10436,&quot;variation_is_active&quot;:true,&quot;variation_is_visible&quot;:true,&quot;weight&quot;:&quot;&quot;,&quot;weight_html&quot;:&quot;-&quot;},{&quot;attributes&quot;:{&quot;attribute_pa_color&quot;:&quot;cierna-lakovana&quot;,&quot;attribute_pa_size&quot;:&quot;43&quot;},&quot;availability_html&quot;:&quot;&lt;p class=\\&quot;stock available-on-backorder\\&quot;&gt;Dostupn\\u00e9 na objedn\\u00e1vku&lt;\\\/p&gt;\\n&quot;,&quot;backorders_allowed&quot;:false,&quot;dimensions&quot;:{&quot;length&quot;:&quot;&quot;,&quot;width&quot;:&quot;&quot;,&quot;height&quot;:&quot;&quot;},&quot;dimensions_html&quot;:&quot;-&quot;,&quot;display_price&quot;:99.9899999999999948840923025272786617279052734375,&quot;display_regular_price&quot;:99.9899999999999948840923025272786617279052734375,&quot;image&quot;:{&quot;title&quot;:&quot;318(1)&quot;,&quot;caption&quot;:&quot;&quot;,&quot;url&quot;:&quot;https:\\\/\\\/www.topobuv.eu\\\/wp-content\\\/uploads\\\/2025\\\/02\\\/3181.jpg&quot;,&quot;alt&quot;:&quot;318(1)&quot;,&quot;src&quot;:&quot;https:\\\/\\\/www.topobuv.eu\\\/wp-content\\\/uploads\\\/2025\\\/02\\\/3181-800x582.jpg&quot;,&quot;srcset&quot;:&quot;https:\\\/\\\/www.topobuv.eu\\\/wp-content\\\/uploads\\\/2025\\\/02\\\/3181-800x582.jpg 800w, https:\\\/\\\/www.topobuv.eu\\\/wp-content\\\/uploads\\\/2025\\\/02\\\/3181-300x218.jpg 300w, https:\\\/\\\/www.topobuv.eu\\\/wp-content\\\/uploads\\\/2025\\\/02\\\/3181-1024x745.jpg 1024w, https:\\\/\\\/www.topobuv.eu\\\/wp-content\\\/uploads\\\/2025\\\/02\\\/3181-150x109.jpg 150w, https:\\\/\\\/www.topobuv.eu\\\/wp-content\\\/uploads\\\/2025\\\/02\\\/3181-768x559.jpg 768w, https:\\\/\\\/www.topobuv.eu\\\/wp-content\\\/uploads\\\/2025\\\/02\\\/3181-16x12.jpg 16w, https:\\\/\\\/www.topobuv.eu\\\/wp-content\\\/uploads\\\/2025\\\/02\\\/3181-64x47.jpg 64w, https:\\\/\\\/www.topobuv.eu\\\/wp-content\\\/uploads\\\/2025\\\/02\\\/3181.jpg 1299w&quot;,&quot;sizes&quot;:&quot;(max-width: 800px) 100vw, 800px&quot;,&quot;full_src&quot;:&quot;https:\\\/\\\/www.topobuv.eu\\\/wp-content\\\/uploads\\\/2025\\\/02\\\/3181.jpg&quot;,&quot;full_src_w&quot;:1299,&quot;full_src_h&quot;:945,&quot;gallery_thumbnail_src&quot;:&quot;https:\\\/\\\/www.topobuv.eu\\\/wp-content\\\/uploads\\\/2025\\\/02\\\/3181-100x100.jpg&quot;,&quot;gallery_thumbnail_src_w&quot;:100,&quot;gallery_thumbnail_src_h&quot;:100,&quot;thumb_src&quot;:&quot;https:\\\/\\\/www.topobuv.eu\\\/wp-content\\\/uploads\\\/2025\\\/02\\\/3181-800x582.jpg&quot;,&quot;thumb_src_w&quot;:800,&quot;thumb_src_h&quot;:582,&quot;src_w&quot;:800,&quot;src_h&quot;:582},&quot;image_id&quot;:10430,&quot;is_downloadable&quot;:false,&quot;is_in_stock&quot;:true,&quot;is_purchasable&quot;:true,&quot;is_sold_individually&quot;:&quot;no&quot;,&quot;is_virtual&quot;:false,&quot;max_qty&quot;:&quot;&quot;,&quot;min_qty&quot;:1,&quot;price_html&quot;:&quot;&quot;,&quot;sku&quot;:&quot;&quot;,&quot;variation_description&quot;:&quot;&quot;,&quot;variation_id&quot;:10437,&quot;variation_is_active&quot;:true,&quot;variation_is_visible&quot;:true,&quot;weight&quot;:&quot;&quot;,&quot;weight_html&quot;:&quot;-&quot;},{&quot;attributes&quot;:{&quot;attribute_pa_color&quot;:&quot;cierna-lakovana&quot;,&quot;attribute_pa_size&quot;:&quot;44&quot;},&quot;availability_html&quot;:&quot;&lt;p class=\\&quot;stock available-on-backorder\\&quot;&gt;Dostupn\\u00e9 na objedn\\u00e1vku&lt;\\\/p&gt;\\n&quot;,&quot;backorders_allowed&quot;:false,&quot;dimensions&quot;:{&quot;length&quot;:&quot;&quot;,&quot;width&quot;:&quot;&quot;,&quot;height&quot;:&quot;&quot;},&quot;dimensions_html&quot;:&quot;-&quot;,&quot;display_price&quot;:99.9899999999999948840923025272786617279052734375,&quot;display_regular_price&quot;:99.9899999999999948840923025272786617279052734375,&quot;image&quot;:{&quot;title&quot;:&quot;318(1)&quot;,&quot;caption&quot;:&quot;&quot;,&quot;url&quot;:&quot;https:\\\/\\\/www.topobuv.eu\\\/wp-content\\\/uploads\\\/2025\\\/02\\\/3181.jpg&quot;,&quot;alt&quot;:&quot;318(1)&quot;,&quot;src&quot;:&quot;https:\\\/\\\/www.topobuv.eu\\\/wp-content\\\/uploads\\\/2025\\\/02\\\/3181-800x582.jpg&quot;,&quot;srcset&quot;:&quot;https:\\\/\\\/www.topobuv.eu\\\/wp-content\\\/uploads\\\/2025\\\/02\\\/3181-800x582.jpg 800w, https:\\\/\\\/www.topobuv.eu\\\/wp-content\\\/uploads\\\/2025\\\/02\\\/3181-300x218.jpg 300w, https:\\\/\\\/www.topobuv.eu\\\/wp-content\\\/uploads\\\/2025\\\/02\\\/3181-1024x745.jpg 1024w, https:\\\/\\\/www.topobuv.eu\\\/wp-content\\\/uploads\\\/2025\\\/02\\\/3181-150x109.jpg 150w, https:\\\/\\\/www.topobuv.eu\\\/wp-content\\\/uploads\\\/2025\\\/02\\\/3181-768x559.jpg 768w, https:\\\/\\\/www.topobuv.eu\\\/wp-content\\\/uploads\\\/2025\\\/02\\\/3181-16x12.jpg 16w, https:\\\/\\\/www.topobuv.eu\\\/wp-content\\\/uploads\\\/2025\\\/02\\\/3181-64x47.jpg 64w, https:\\\/\\\/www.topobuv.eu\\\/wp-content\\\/uploads\\\/2025\\\/02\\\/3181.jpg 1299w&quot;,&quot;sizes&quot;:&quot;(max-width: 800px) 100vw, 800px&quot;,&quot;full_src&quot;:&quot;https:\\\/\\\/www.topobuv.eu\\\/wp-content\\\/uploads\\\/2025\\\/02\\\/3181.jpg&quot;,&quot;full_src_w&quot;:1299,&quot;full_src_h&quot;:945,&quot;gallery_thumbnail_src&quot;:&quot;https:\\\/\\\/www.topobuv.eu\\\/wp-content\\\/uploads\\\/2025\\\/02\\\/3181-100x100.jpg&quot;,&quot;gallery_thumbnail_src_w&quot;:100,&quot;gallery_thumbnail_src_h&quot;:100,&quot;thumb_src&quot;:&quot;https:\\\/\\\/www.topobuv.eu\\\/wp-content\\\/uploads\\\/2025\\\/02\\\/3181-800x582.jpg&quot;,&quot;thumb_src_w&quot;:800,&quot;thumb_src_h&quot;:582,&quot;src_w&quot;:800,&quot;src_h&quot;:582},&quot;image_id&quot;:10430,&quot;is_downloadable&quot;:false,&quot;is_in_stock&quot;:true,&quot;is_purchasable&quot;:true,&quot;is_sold_individually&quot;:&quot;no&quot;,&quot;is_virtual&quot;:false,&quot;max_qty&quot;:&quot;&quot;,&quot;min_qty&quot;:1,&quot;price_html&quot;:&quot;&quot;,&quot;sku&quot;:&quot;&quot;,&quot;variation_description&quot;:&quot;&quot;,&quot;variation_id&quot;:10438,&quot;variation_is_active&quot;:true,&quot;variation_is_visible&quot;:true,&quot;weight&quot;:&quot;&quot;,&quot;weight_html&quot;:&quot;-&quot;},{&quot;attributes&quot;:{&quot;attribute_pa_color&quot;:&quot;cierna-lakovana&quot;,&quot;attribute_pa_size&quot;:&quot;45&quot;},&quot;availability_html&quot;:&quot;&lt;p class=\\&quot;stock available-on-backorder\\&quot;&gt;Dostupn\\u00e9 na objedn\\u00e1vku&lt;\\\/p&gt;\\n&quot;,&quot;backorders_allowed&quot;:false,&quot;dimensions&quot;:{&quot;length&quot;:&quot;&quot;,&quot;width&quot;:&quot;&quot;,&quot;height&quot;:&quot;&quot;},&quot;dimensions_html&quot;:&quot;-&quot;,&quot;display_price&quot;:99.9899999999999948840923025272786617279052734375,&quot;display_regular_price&quot;:99.9899999999999948840923025272786617279052734375,&quot;image&quot;:{&quot;title&quot;:&quot;318(1)&quot;,&quot;caption&quot;:&quot;&quot;,&quot;url&quot;:&quot;https:\\\/\\\/www.topobuv.eu\\\/wp-content\\\/uploads\\\/2025\\\/02\\\/3181.jpg&quot;,&quot;alt&quot;:&quot;318(1)&quot;,&quot;src&quot;:&quot;https:\\\/\\\/www.topobuv.eu\\\/wp-content\\\/uploads\\\/2025\\\/02\\\/3181-800x582.jpg&quot;,&quot;srcset&quot;:&quot;https:\\\/\\\/www.topobuv.eu\\\/wp-content\\\/uploads\\\/2025\\\/02\\\/3181-800x582.jpg 800w, https:\\\/\\\/www.topobuv.eu\\\/wp-content\\\/uploads\\\/2025\\\/02\\\/3181-300x218.jpg 300w, https:\\\/\\\/www.topobuv.eu\\\/wp-content\\\/uploads\\\/2025\\\/02\\\/3181-1024x745.jpg 1024w, https:\\\/\\\/www.topobuv.eu\\\/wp-content\\\/uploads\\\/2025\\\/02\\\/3181-150x109.jpg 150w, https:\\\/\\\/www.topobuv.eu\\\/wp-content\\\/uploads\\\/2025\\\/02\\\/3181-768x559.jpg 768w, https:\\\/\\\/www.topobuv.eu\\\/wp-content\\\/uploads\\\/2025\\\/02\\\/3181-16x12.jpg 16w, https:\\\/\\\/www.topobuv.eu\\\/wp-content\\\/uploads\\\/2025\\\/02\\\/3181-64x47.jpg 64w, https:\\\/\\\/www.topobuv.eu\\\/wp-content\\\/uploads\\\/2025\\\/02\\\/3181.jpg 1299w&quot;,&quot;sizes&quot;:&quot;(max-width: 800px) 100vw, 800px&quot;,&quot;full_src&quot;:&quot;https:\\\/\\\/www.topobuv.eu\\\/wp-content\\\/uploads\\\/2025\\\/02\\\/3181.jpg&quot;,&quot;full_src_w&quot;:1299,&quot;full_src_h&quot;:945,&quot;gallery_thumbnail_src&quot;:&quot;https:\\\/\\\/www.topobuv.eu\\\/wp-content\\\/uploads\\\/2025\\\/02\\\/3181-100x100.jpg&quot;,&quot;gallery_thumbnail_src_w&quot;:100,&quot;gallery_thumbnail_src_h&quot;:100,&quot;thumb_src&quot;:&quot;https:\\\/\\\/www.topobuv.eu\\\/wp-content\\\/uploads\\\/2025\\\/02\\\/3181-800x582.jpg&quot;,&quot;thumb_src_w&quot;:800,&quot;thumb_src_h&quot;:582,&quot;src_w&quot;:800,&quot;src_h&quot;:582},&quot;image_id&quot;:10430,&quot;is_downloadable&quot;:false,&quot;is_in_stock&quot;:true,&quot;is_purchasable&quot;:true,&quot;is_sold_individually&quot;:&quot;no&quot;,&quot;is_virtual&quot;:false,&quot;max_qty&quot;:&quot;&quot;,&quot;min_qty&quot;:1,&quot;price_html&quot;:&quot;&quot;,&quot;sku&quot;:&quot;&quot;,&quot;variation_description&quot;:&quot;&quot;,&quot;variation_id&quot;:10439,&quot;variation_is_active&quot;:true,&quot;variation_is_visible&quot;:true,&quot;weight&quot;:&quot;&quot;,&quot;weight_html&quot;:&quot;-&quot;}]\">\n<div data-product_id=\"10429\" data-threshold_min=\"30\" data-threshold_max=\"100\" data-total=\"7\"><\/div>\n<\/form>\n","protected":false},"featured_media":10544,"comment_status":"open","ping_status":"closed","template":"","meta":{"site-sidebar-layout":"default","site-content-layout":"","ast-site-content-layout":"default","site-content-style":"default","site-sidebar-style":"default","ast-global-header-display":"","ast-banner-title-visibility":"","ast-main-header-display":"","ast-hfb-above-header-display":"","ast-hfb-below-header-display":"","ast-hfb-mobile-header-display":"","site-post-title":"","ast-breadcrumbs-content":"","ast-featured-img":"","footer-sml-layout":"","ast-disable-related-posts":"","theme-transparent-header-meta":"default","adv-header-id-meta":"","stick-header-meta":"","header-above-stick-meta":"","header-main-stick-meta":"","header-below-stick-meta":"","astra-migrate-meta-layouts":"set","ast-page-background-enabled":"default","ast-page-background-meta":{"desktop":{"background-color":"","background-image":"","background-repeat":"repeat","background-position":"center center","background-size":"auto","background-attachment":"scroll","background-type":"","background-media":"","overlay-type":"","overlay-color":"","overlay-opacity":"","overlay-gradient":""},"tablet":{"background-color":"","background-image":"","background-repeat":"repeat","background-position":"center center","background-size":"auto","background-attachment":"scroll","background-type":"","background-media":"","overlay-type":"","overlay-color":"","overlay-opacity":"","overlay-gradient":""},"mobile":{"background-color":"","background-image":"","background-repeat":"repeat","background-position":"center center","background-size":"auto","background-attachment":"scroll","background-type":"","background-media":"","overlay-type":"","overlay-color":"","overlay-opacity":"","overlay-gradient":""}},"ast-content-background-meta":{"desktop":{"background-color":"var(--ast-global-color-5)","background-image":"","background-repeat":"repeat","background-position":"center center","background-size":"auto","background-attachment":"scroll","background-type":"","background-media":"","overlay-type":"","overlay-color":"","overlay-opacity":"","overlay-gradient":""},"tablet":{"background-color":"var(--ast-global-color-5)","background-image":"","background-repeat":"repeat","background-position":"center center","background-size":"auto","background-attachment":"scroll","background-type":"","background-media":"","overlay-type":"","overlay-color":"","overlay-opacity":"","overlay-gradient":""},"mobile":{"background-color":"var(--ast-global-color-5)","background-image":"","background-repeat":"repeat","background-position":"center center","background-size":"auto","background-attachment":"scroll","background-type":"","background-media":"","overlay-type":"","overlay-color":"","overlay-opacity":"","overlay-gradient":""}}},"product_brand":[],"product_cat":[54,81,86],"product_tag":[],"class_list":{"0":"post-10543","1":"product","2":"type-product","3":"status-publish","4":"has-post-thumbnail","6":"product_cat-muzi","7":"product_cat-poltopanky","8":"product_cat-spolocenske-snurovacie","9":"desktop-align-center","10":"tablet-align-left","11":"mobile-align-left","13":"first","14":"onbackorder","15":"taxable","16":"shipping-taxable","17":"purchasable","18":"product-type-variable"},"_links":{"self":[{"href":"https:\/\/www.topobuv.eu\/sk\/wp-json\/wp\/v2\/product\/10543","targetHints":{"allow":["GET"]}}],"collection":[{"href":"https:\/\/www.topobuv.eu\/sk\/wp-json\/wp\/v2\/product"}],"about":[{"href":"https:\/\/www.topobuv.eu\/sk\/wp-json\/wp\/v2\/types\/product"}],"replies":[{"embeddable":true,"href":"https:\/\/www.topobuv.eu\/sk\/wp-json\/wp\/v2\/comments?post=10543"}],"version-history":[{"count":0,"href":"https:\/\/www.topobuv.eu\/sk\/wp-json\/wp\/v2\/product\/10543\/revisions"}],"wp:featuredmedia":[{"embeddable":true,"href":"https:\/\/www.topobuv.eu\/sk\/wp-json\/wp\/v2\/media\/10544"}],"wp:attachment":[{"href":"https:\/\/www.topobuv.eu\/sk\/wp-json\/wp\/v2\/media?parent=10543"}],"wp:term":[{"taxonomy":"product_brand","embeddable":true,"href":"https:\/\/www.topobuv.eu\/sk\/wp-json\/wp\/v2\/product_brand?post=10543"},{"taxonomy":"product_cat","embeddable":true,"href":"https:\/\/www.topobuv.eu\/sk\/wp-json\/wp\/v2\/product_cat?post=10543"},{"taxonomy":"product_tag","embeddable":true,"href":"https:\/\/www.topobuv.eu\/sk\/wp-json\/wp\/v2\/product_tag?post=10543"}],"curies":[{"name":"wp","href":"https:\/\/api.w.org\/{rel}","templated":true}]}}