{"id":31,"date":"2024-03-06T11:41:05","date_gmt":"2024-03-06T11:41:05","guid":{"rendered":"http:\/\/moja-dedina.local\/?page_id=31"},"modified":"2026-01-22T17:05:33","modified_gmt":"2026-01-22T16:05:33","slug":"obchodne_reklamacne_podmienky","status":"publish","type":"page","link":"https:\/\/www.topobuv.eu\/sk\/obchodne_reklamacne_podmienky\/","title":{"rendered":"Obchodn\u00e9 a reklama\u010dn\u00e9 podmienky"},"content":{"rendered":"\t\t<div data-elementor-type=\"wp-page\" data-elementor-id=\"31\" class=\"elementor elementor-31\">\n\t\t\t\t<div class=\"elementor-element elementor-element-5209a77b e-flex e-con-boxed e-con e-parent\" data-id=\"5209a77b\" data-element_type=\"container\" data-e-type=\"container\">\n\t\t\t\t\t<div class=\"e-con-inner\">\n\t\t\t\t<div class=\"elementor-element elementor-element-7433c4b7 elementor-widget elementor-widget-text-editor\" data-id=\"7433c4b7\" data-element_type=\"widget\" data-e-type=\"widget\" data-widget_type=\"text-editor.default\">\n\t\t\t\t<div class=\"elementor-widget-container\">\n\t\t\t\t\t\t\t\t\t<header>\n<h3><strong style=\"font-size: 16px;\">I. V\u0161eobecn\u00e9 ustanovenia a vymedzenie pojmov<\/strong><\/h3>\n<\/header>\n<section class=\"text\">\n<p><strong>1.<\/strong>\u00a0Tieto v\u0161eobecn\u00e9 obchodn\u00e9 podmienky (\u010falej \u201epodmienky\u201c) sa vz\u0165ahuj\u00fa na n\u00e1kup v internetovom obchode\u00a0<strong><a href=\"http:\/\/www.eshop.wojas.sk\/\">http:\/\/ww.topobuv.eu<\/a><\/strong>.\u00a0Upres\u0148uj\u00fa a vymedzuj\u00fa pr\u00e1va a povinnosti pred\u00e1vaj\u00faceho (dod\u00e1vate\u013ea)<\/p>\n<p><strong>J\u00e1n Milec JAMI<\/strong><br \/>Tur\u00e1kov\u00e1 \u010d. 751\/4<br \/>013 01 Tepli\u010dka nad V\u00e1hom,<br \/>I\u010cO: 41889517, DI\u010c: 1022925739, I\u010cDPH: SK1022925739<br \/>zap\u00edsan\u00fd v\u00a0\u017divnostenskom registri Obvodn\u00e9ho \u00faradu \u017dilina \u010d. 511-12374 a kupuj\u00faceho (spotrebite\u013ea, z\u00e1kazn\u00edka).<\/p>\n<p><strong>2.<\/strong>\u00a0Obchodn\u00e9 vz\u0165ahy\u00a0 sa riadia\u00a0\u00a0Obchodn\u00fdm z\u00e1konn\u00edkom\u00a0(ak je kupuj\u00facim pr\u00e1vnick\u00e1 osoba, firma), resp.\u00a0Ob\u010dianskym z\u00e1konn\u00edkom\u00a0(ak je kupuj\u00facim fyzick\u00e1 osoba).<\/p>\n<p><strong>3.<\/strong>\u00a0Obchodn\u00e9 vz\u0165ahy v pr\u00edpade ak je zmluvnou stranou spotrebite\u013e, riadia sa pr\u00e1vne vz\u0165ahy neupraven\u00e9 obchodn\u00fdmi podmienkami okrem Ob\u010dianskeho z\u00e1konn\u00edka, z\u00e1konom \u010d. 108\/2000 Z. z. Z\u00e1kon o ochrane spotrebite\u013ea pri podomovom a z\u00e1sielkovom predaji a z\u00e1konom \u010d. 250\/2007 Z. z. Z\u00e1kon o ochrane spotrebite\u013ea.<\/p>\n<p><strong>4.<\/strong>\u00a0Kupuj\u00facim je ka\u017ed\u00e1 osoba (fyzick\u00e1 alebo pr\u00e1vnick\u00e1), ktor\u00e1 odoslala po vyplnen\u00ed elektronick\u00fa objedn\u00e1vku spracovan\u00fa syst\u00e9mom obchodu.<\/p>\n<p><strong>5.<\/strong>\u00a0Elektronickou objedn\u00e1vkou sa rozumie odoslan\u00fd formul\u00e1r, obsahuj\u00faci inform\u00e1cie o kupuj\u00facom, zoznam objednan\u00e9ho tovaru, cenu a mno\u017estvo tovaru, spracovan\u00fd syst\u00e9mom obchodu alebo odoslan\u00fd e-mail na adresu pred\u00e1vaj\u00faceho.<\/p>\n<p><strong>6.<\/strong>\u00a0Spotrebite\u013e je osoba, ktor\u00e1 pri uzatv\u00e1ran\u00ed a plnen\u00ed spotrebite\u013eskej zmluvy nekon\u00e1 v r\u00e1mci predmetu svojej obchodnej alebo inej podnikate\u013eskej \u010dinnosti.<\/p>\n<p><strong>7.<\/strong>\u00a0Pracovn\u00fd \u010das \u2013 znamen\u00e1 \u010das v pracovn\u00fdch d\u0148och od\u00a0<strong>9:00<\/strong>\u00a0hod. do\u00a0<strong>17:00<\/strong>\u00a0hod<\/p>\n<p><strong>8.<\/strong>\u00a0Odbern\u00e9 miesto \u2013 po telefonickom dohovore.<\/p>\n<p><strong>II. Objedn\u00e1vka, uzatvorenie zmluvy, odst\u00fapenie od zmluvy<\/strong><\/p>\n<p><strong>1.<\/strong>\u00a0Podmienkou platnosti elektronickej objedn\u00e1vky je \u00fapln\u00e9 a pravdiv\u00e9 vyplnenie v\u0161etk\u00fdch po\u017eadovan\u00fdch \u00fadajov a n\u00e1le\u017eitost\u00ed. Ka\u017ed\u00e1 objedn\u00e1vka mus\u00ed obsahova\u0165: meno kupuj\u00faceho, po\u0161tov\u00fa a faktura\u010dn\u00fa adresu, telef\u00f3nne \u010d\u00edslo resp. e-mail, I\u010cO, DI\u010c, I\u010c DPH, n\u00e1zov tovaru, po\u010det kusov, d\u00e1tum vystavenia objedn\u00e1vky sp\u00f4sob \u00fahrady a sp\u00f4sob prevzatia tovaru. Pred\u00e1vaj\u00faci objedn\u00e1vky vybavuje v porad\u00ed, v akom s\u00fa doru\u010den\u00e9. V\u0161etky prijat\u00e9 elektronick\u00e9 objedn\u00e1vky s\u00fa pova\u017eovan\u00e9 za n\u00e1vrh uzavretia k\u00fapnej zmluvy, akceptovanie n\u00e1vrhu zo strany prev\u00e1dzkovate\u013ea nastane e-mailov\u00fdm (telefonick\u00fdm) potvrden\u00edm objedn\u00e1vky, \u010d\u00edm vznik\u00e1 z\u00e1v\u00e4zkovo pr\u00e1vny vz\u0165ah medzi pred\u00e1vaj\u00facim a kupuj\u00facim.<\/p>\n<p><strong>2.<\/strong>\u00a0Kupuj\u00faci m\u00f4\u017ee stornova\u0165 objedn\u00e1vku iba v de\u0148 vystavenia objedn\u00e1vky a v pr\u00edpade, \u017ee produkty neboli e\u0161te pred\u00e1vaj\u00facim fakturovan\u00e9. Objedn\u00e1vku je mo\u017en\u00e9 stornova\u0165 telefonicky alebo p\u00edsomnou formou (e-mailom alebo po\u0161tou). Potvrdenie stornovania objedn\u00e1vky ozn\u00e1mi pred\u00e1vaj\u00faci kupuj\u00facemu p\u00edsomnou formou (e-mailom alebo po\u0161tou).<\/p>\n<p><strong>3.<\/strong>\u00a0Kupuj\u00faci (spotrebite\u013e) je opr\u00e1vnen\u00fd bez uvedenia d\u00f4vodu odst\u00fapi\u0165 od zmluvy p\u00edsomnou formou do siedmych pracovn\u00fdch dn\u00ed odo d\u0148a prevzatia tovaru. N\u00e1klady na vr\u00e1tenie tovaru zn\u00e1\u0161a kupuj\u00faci, ktor\u00fd je povinn\u00fd zasla\u0165 nepo\u0161koden\u00fd tovar na adresu pred\u00e1vaj\u00faceho ako z\u00e1sielku poisten\u00fa proti \u0161kod\u00e1m sp\u00f4soben\u00fdm prepravou tovaru \u2013 nie na dobierku<\/p>\n<p>Pred\u00e1vaj\u00faci je povinn\u00fd prevzia\u0165 tovar sp\u00e4\u0165 a vr\u00e1ti\u0165 spotrebite\u013eovi cenu zaplaten\u00fa za tovar alebo vr\u00e1ti\u0165 spotrebite\u013eovi preddavok najnesk\u00f4r v lehote 15 dn\u00ed odo d\u0148a odst\u00fapenia od zmluvy.<\/p>\n<p><strong>4.<\/strong>\u00a0Ak sa pred\u00e1vaj\u00faci a spotrebite\u013e nedohodn\u00fa inak, spotrebite\u013e nem\u00f4\u017ee odst\u00fapi\u0165 od zmluvy, ktorej predmetom s\u00fa:<\/p>\n<p>\u2022 predaj tovaru alebo poskytnutie slu\u017eby, ktor\u00fdch cena z\u00e1vis\u00ed od pohybu cien na finan\u010dnom trhu, ktor\u00e9 pred\u00e1vaj\u00faci nem\u00f4\u017ee ovplyvni\u0165,<br \/>\u2022 predaj tovaru zhotoven\u00e9ho pod\u013ea osobitn\u00fdch po\u017eiadaviek spotrebite\u013ea alebo tovaru ur\u010den\u00e9ho osobitne pre jedn\u00e9ho spotrebite\u013ea, alebo tovaru, ktor\u00fd vzh\u013eadom na jeho vlastnosti nemo\u017eno vr\u00e1ti\u0165, alebo tovaru, ktor\u00fd r\u00fdchlo podlieha skaze,<br \/>\u2022 predaj audiovizu\u00e1lneho diela, zvukov\u00e9ho z\u00e1znamu alebo zvukov\u00e9ho \u2013 obrazov\u00e9ho z\u00e1znamu umeleck\u00e9ho v\u00fdkonu alebo multimedi\u00e1lneho diela, ktor\u00e9 spotrebite\u013e rozbalil,<br \/>\u2022 predaj nov\u00edn, \u010dasopisov a periodickej tla\u010de,<br \/>\u2022 lot\u00e9rie a in\u00e9 podobn\u00e9 hry.<\/p>\n<p><strong>III. Dodacie podmienky<\/strong><\/p>\n<p><strong>1.<\/strong>\u00a0Miestom plnenia zmluvy sa rozumie s\u00eddlo (bydlisko) alebo miesto podnikania kupuj\u00faceho uveden\u00e9ho v objedn\u00e1vkovom formul\u00e1ri obchodu. Tovar bude dodan\u00fd pred\u00e1vaj\u00facim s vyu\u017eit\u00edm slu\u017eby tret\u00edch subjektov ( kuri\u00e9rska slu\u017eba, po\u0161ta) alebo dod\u00e1 tovar vlastn\u00fdmi prostriedkami, alebo na z\u00e1klade dohody s kupuj\u00facim bude tovar pripraven\u00fd k osobn\u00e9mu odberu.<\/p>\n<p><strong>2.<\/strong>\u00a0Pred\u00e1vaj\u00faci dod\u00e1 tovar kupuj\u00facemu \u010do mo\u017eno v najkrat\u0161ej dobe, po potvrden\u00ed elektronickej objedn\u00e1vky, dodacie lehoty s\u00fa 14 dn\u00ed od objednania tovaru po\u0161tou alebo kuri\u00e9rskou slu\u017ebou.. Kupuj\u00faci berie na vedomie, \u017ee uv\u00e1dzan\u00e9 term\u00edny dod\u00e1vok maj\u00fa orienta\u010dn\u00fd charakter.<\/p>\n<p><strong>3.<\/strong>\u00a0Tovar je pri preprave bezpe\u010dne zabalen\u00fd v \u0161katuli. Pri preberan\u00ed tovaru je kupuj\u00faci povinn\u00fd skontrolova\u0165 fyzick\u00fa neporu\u0161enos\u0165 a kompletnos\u0165 z\u00e1sielky a tieto potvrdi\u0165 na prepravnom liste. Pokia\u013e je z\u00e1sielka vidite\u013ene po\u0161koden\u00e1 alebo zni\u010den\u00e1, kupuj\u00faci je povinn\u00fd bez prevzatia z\u00e1sielky ihne\u010f kontaktova\u0165 pred\u00e1vaj\u00faceho. Ak\u00e9ko\u013evek neskor\u0161ie reklam\u00e1cie na mno\u017estvo a fyzick\u00e9 poru\u0161enie tovaru nebud\u00fa akceptovan\u00e9. N\u00e1klady na po\u0161tovn\u00e9 a\u00a0baln\u00e9 sa z\u00e1kazn\u00edkovi ne\u00fa\u010dtuj\u00fa.<\/p>\n<p><strong>4.<\/strong>\u00a0Pred\u00e1vaj\u00faci dod\u00e1 kupuj\u00facemu najnesk\u00f4r spolu s tovarom v p\u00edsomnej alebo elektronickej podobe v\u0161etky doklady potrebn\u00e9 na prevzatie a u\u017e\u00edvanie tovaru a \u010fal\u0161ie doklady predp\u00edsan\u00e9 platn\u00fdmi pr\u00e1vnymi predpismi (z\u00e1ru\u010dn\u00fd list, da\u0148ov\u00fd doklad).<\/p>\n<p><strong>IV. K\u00fapna cena, platba<\/strong><\/p>\n<p><strong>1.<\/strong>\u00a0Ceny uveden\u00e9 na str\u00e1nkach obchodu platia v\u00fdhradne pre n\u00e1kup prostredn\u00edctvom obchodn\u00e9ho syst\u00e9mu. S\u00fa\u010das\u0165ou ceny\u00a0 s\u00fa u\u017e dopravn\u00e9 n\u00e1klady, pokia\u013e\u00a0 nie je uveden\u00e9 v popise produktu inak.<\/p>\n<p><strong>2.<\/strong>\u00a0Sp\u00f4soby platby:<\/p>\n<p>a) bankov\u00fd prevod \u2013 po obdr\u017ean\u00ed Va\u0161ej objedn\u00e1vky zaplat\u00edte celkov\u00fa k\u00fapnu cenu vopred na n\u00e1\u0161 bankov\u00fd \u00fa\u010det veden\u00fd vo V\u00daB a.s. \u017dilina, \u010d. \u00fa\u010dtu SK84 0200 0000 0023 9036 2451\u00a0 N\u00e1zov \u00fa\u010dtu: J\u00e1n Milec<\/p>\n<p>Internetov\u00fd obchod nikdy neposiela emailov\u00fa spr\u00e1vu s inform\u00e1ciou, \u017ee sa menilo \u010d\u00edslo \u00fa\u010dtu a \u017eiados\u0165ou o realiz\u00e1ciu prevodu tradi\u010dn\u00fdm sp\u00f4sobom. V pr\u00edpade, \u017ee ste dostali tak\u00fato spr\u00e1vu \u2013 nerealizujte platbu, ani neodpovedajte na spr\u00e1vu, ale bezodkladne prepo\u0161lite ju v nezmenenej podobe na adresu: topobuv@topobuv.sk.<\/p>\n<p><strong>3.<\/strong>\u00a0Ak\u010dn\u00e9 ceny tovaru s\u00fa ozna\u010den\u00e9 symbolom \u201eakcia\u201c .<\/p>\n<p><strong>V. Z\u00e1ruka, reklam\u00e1cie<\/strong><\/p>\n<p><strong>1.<\/strong>\u00a0Pred\u00e1vaj\u00faci poskytuje z\u00e1konom stanoven\u00fa z\u00e1ru\u010dn\u00fa dobu 24 mesiacov. Z\u00e1ru\u010dn\u00e1 doba za\u010d\u00edna plyn\u00fa\u0165 prevzat\u00edm veci kupuj\u00facim.<\/p>\n<p><strong>2.<\/strong>\u00a0Kupuj\u00faci berie na vedomie, \u017ee je povinn\u00fd prezrie\u0165 si tovar bezprostredne pri jeho prevzat\u00ed. V pr\u00edpade, \u017ee tovar pri prevzat\u00ed kupuj\u00facim neodpoved\u00e1 k\u00fapnej zmluve, je kupuj\u00faci povinn\u00fd bezodkladne o tom upovedomi\u0165 pred\u00e1vaj\u00faceho.<\/p>\n<p><strong>3.<\/strong>\u00a0Kupuj\u00faci berie na vedomie, \u017ee pred\u00e1vaj\u00faci nezodpoved\u00e1 za po\u0161kodenie tovaru prepravou a za chyby tovaru, ktor\u00e9 boli sp\u00f4soben\u00e9 v pr\u00ed\u010dinnej s\u00favislosti s jednan\u00edm alebo opomenut\u00edm kupuj\u00faceho. Opr\u00e1vnenie na z\u00e1ruku zanik\u00e1 v pr\u00edpade, \u017ee k chybe do\u0161lo mechanick\u00fdm po\u0161koden\u00edm v\u00fdrobku, prev\u00e1dzkovan\u00edm (pou\u017e\u00edvan\u00edm) v\u00fdrobku v nevhodn\u00fdch podmienkach alebo ak bol preveden\u00fd z\u00e1sah do v\u00fdrobku inou ne\u017e opr\u00e1vnenou osobou.<\/p>\n<p><strong>4.<\/strong>\u00a0Spotrebite\u013e nem\u00e1 \u010falej pou\u017e\u00edva\u0165 vec, na ktorej zistil vadu. Opotrebovanie charakteristick\u00e9 pre dan\u00fd materi\u00e1l alebo pou\u017eitie sa nepova\u017euje za vadu.<\/p>\n<p><strong>5.<\/strong>\u00a0Pri uplatnen\u00ed reklam\u00e1cie je kupuj\u00faci povinn\u00fd doru\u010di\u0165 reklamovan\u00fd tovar \u010dist\u00fd, mechanicky nepo\u0161koden\u00fd, vr\u00e1tane k\u00f3pii predajn\u00e9ho dokladu (fakt\u00fara), k\u00f3pii dokladu o zaplaten\u00ed a z\u00e1ru\u010dn\u00fd list.<\/p>\n<p>Adresa doru\u010denia:<br \/><strong>J\u00e1n Milec JAMI<\/strong><br \/>Tur\u00e1kov\u00e1 \u010d. 751\/4<br \/>013 01 Tepli\u010dka nad V\u00e1hom<br \/>s popisom &#8222;REKLAM\u00c1CIA \u2013 internetov\u00fd obchod&#8220;<\/p>\n<p>Pred\u00e1vaj\u00faci sa zav\u00e4zuje opr\u00e1vnen\u00fa reklam\u00e1ciu vybavi\u0165 bezodkladne, najnesk\u00f4r do 30 kalend\u00e1rnych dn\u00ed odo d\u0148a uplatnenia reklam\u00e1cie, pokia\u013e sa pred\u00e1vaj\u00faci s kupuj\u00facim nedohodn\u00fa inak.<\/p>\n<p><strong>VI. Ochrana osobn\u00fdch \u00fadajov<\/strong><\/p>\n<p><strong>1.<\/strong>\u00a0Inform\u00e1cie o z\u00e1kazn\u00edkoch s\u00fa uchov\u00e1van\u00e9 v s\u00falade s platn\u00fdmi z\u00e1konmi Slovenskej Republiky \u2013 Z\u00e1kon 428\/2002 Z. z. o ochrane osobn\u00fdch \u00fadajov.<\/p>\n<p><strong>2.<\/strong>Prev\u00e1dzkovate\u013e sa zav\u00e4zuje, \u017ee bude od kupuj\u00faceho vy\u017eadova\u0165 len \u00fadaje, ktor\u00e9 sl\u00fa\u017eia v\u00fdlu\u010dne pre potreby pred\u00e1vaj\u00faceho s\u00favisiace s plnen\u00edm z\u00e1v\u00e4zkov vypl\u00fdvaj\u00facich z k\u00fapnej zmluvy (meno a priezvisko, adresu trval\u00e9ho bydliska a adresu miesta doru\u010denia, \u010d\u00edslo telef\u00f3nu a e-mailov\u00fa adresu).<\/p>\n<p><strong>3.<\/strong>\u00a0V\u0161etky \u00fadaje z\u00edskan\u00e9 od z\u00e1kazn\u00edkov sl\u00fa\u017eia v\u00fdlu\u010dne pre vn\u00fatorn\u00fa potrebu spolo\u010dnosti a neposkytuje ich tret\u00edm osob\u00e1m. V\u00fdnimku predstavuj\u00fa extern\u00fd dopravcovia, ktor\u00fdm s\u00fa \u00fadaje z\u00e1kazn\u00edkov poskytovan\u00e9 v minim\u00e1lnom rozsahu, ktor\u00fd je nutn\u00fd pre bezprobl\u00e9mov\u00e9 doru\u010denie tovaru. Bez v\u00fdslovn\u00e9ho s\u00fahlasu z\u00e1kazn\u00edkov naklad\u00e1me s osobn\u00fdmi \u00fadajmi iba v\u00fdhradne v rozsahu, ktor\u00fd prip\u00fa\u0161\u0165a z\u00e1kon o ochrane osobn\u00fdch \u00fadajov.<\/p>\n<p><strong>VII. Z\u00e1vere\u010dn\u00e9 ustanovenia<\/strong><\/p>\n<p><strong>1.<\/strong>\u00a0Tieto v\u0161eobecn\u00e9 obchodn\u00e9 podmienky platia v znen\u00ed uvedenom na internetovej str\u00e1nke pred\u00e1vaj\u00faceho v de\u0148 odoslania elektronickej objedn\u00e1vky s v\u00fdnimkou ak je medzi oboma stranami v\u00fdslovne dohodnut\u00e9 inak. Odoslan\u00edm elektronickej objedn\u00e1vky kupuj\u00faci bez v\u00fdhrad akceptuje v\u0161etky ustanovenia V\u0161eobecn\u00fdch obchodn\u00fdch podmienok.<\/p>\n<p><strong>2.<\/strong>\u00a0Kupuj\u00faci prehlasuje, \u017ee sa pred vyplnen\u00edm objedn\u00e1vky obozn\u00e1mil s t\u00fdmito obchodn\u00fdmi podmienkami a \u017ee s nimi s\u00fahlas\u00ed.<\/p>\n<p><strong>3.<\/strong>\u00a0Pred\u00e1vaj\u00faci a kupuj\u00faci sa dohodli, \u017ee plne uzn\u00e1vaj\u00fa elektronick\u00fa formu komunik\u00e1cie, najm\u00e4 prostredn\u00edctvom elektronickej po\u0161ty a internetovej siete ako platn\u00fa a z\u00e1v\u00e4zn\u00fa pre obe zmluvn\u00e9 strany. Elektronick\u00e1 forma komunik\u00e1cie nie je akceptovate\u013en\u00e1 v pr\u00edpade odst\u00fapenia od zmluvy.<\/p>\n<p><strong>VIII. Platnos\u0165<\/strong><\/p>\n<p>Obchodn\u00e9 podmienky platia od 01.07. 2012.<\/p>\n<p><strong>Tieto obchodn\u00e9 podmienky s\u00fa neoddelite\u013enou s\u00fa\u010das\u0165ou z\u00e1v\u00e4znej objedn\u00e1vky.<\/strong><\/p>\n<\/section>\n\t\t\t\t\t\t\t\t<\/div>\n\t\t\t\t<\/div>\n\t\t\t\t\t<\/div>\n\t\t\t\t<\/div>\n\t\t\t\t<\/div>\n\t\t","protected":false},"excerpt":{"rendered":"<p>I. V\u0161eobecn\u00e9 ustanovenia a vymedzenie pojmov 1.\u00a0Tieto v\u0161eobecn\u00e9 obchodn\u00e9 podmienky (\u010falej \u201epodmienky\u201c) sa vz\u0165ahuj\u00fa na n\u00e1kup v internetovom obchode\u00a0http:\/\/ww.topobuv.eu.\u00a0Upres\u0148uj\u00fa a vymedzuj\u00fa pr\u00e1va a povinnosti pred\u00e1vaj\u00faceho (dod\u00e1vate\u013ea) J\u00e1n Milec JAMITur\u00e1kov\u00e1 \u010d. 751\/4013 01 Tepli\u010dka nad V\u00e1hom,I\u010cO: 41889517, DI\u010c: 1022925739, I\u010cDPH: SK1022925739zap\u00edsan\u00fd v\u00a0\u017divnostenskom registri Obvodn\u00e9ho \u00faradu \u017dilina \u010d. 511-12374 a kupuj\u00faceho (spotrebite\u013ea, z\u00e1kazn\u00edka). 2.\u00a0Obchodn\u00e9 vz\u0165ahy\u00a0 sa riadia\u00a0\u00a0Obchodn\u00fdm [&hellip;]<\/p>\n","protected":false},"author":1,"featured_media":0,"parent":0,"menu_order":0,"comment_status":"closed","ping_status":"closed","template":"","meta":{"site-sidebar-layout":"default","site-content-layout":"","ast-site-content-layout":"default","site-content-style":"default","site-sidebar-style":"default","ast-global-header-display":"","ast-banner-title-visibility":"","ast-main-header-display":"","ast-hfb-above-header-display":"","ast-hfb-below-header-display":"","ast-hfb-mobile-header-display":"","site-post-title":"","ast-breadcrumbs-content":"","ast-featured-img":"","footer-sml-layout":"","ast-disable-related-posts":"","theme-transparent-header-meta":"","adv-header-id-meta":"","stick-header-meta":"","header-above-stick-meta":"","header-main-stick-meta":"","header-below-stick-meta":"","astra-migrate-meta-layouts":"default","ast-page-background-enabled":"default","ast-page-background-meta":{"desktop":{"background-color":"","background-image":"","background-repeat":"repeat","background-position":"center center","background-size":"auto","background-attachment":"scroll","background-type":"","background-media":"","overlay-type":"","overlay-color":"","overlay-opacity":"","overlay-gradient":""},"tablet":{"background-color":"","background-image":"","background-repeat":"repeat","background-position":"center center","background-size":"auto","background-attachment":"scroll","background-type":"","background-media":"","overlay-type":"","overlay-color":"","overlay-opacity":"","overlay-gradient":""},"mobile":{"background-color":"","background-image":"","background-repeat":"repeat","background-position":"center center","background-size":"auto","background-attachment":"scroll","background-type":"","background-media":"","overlay-type":"","overlay-color":"","overlay-opacity":"","overlay-gradient":""}},"ast-content-background-meta":{"desktop":{"background-color":"var(--ast-global-color-5)","background-image":"","background-repeat":"repeat","background-position":"center center","background-size":"auto","background-attachment":"scroll","background-type":"","background-media":"","overlay-type":"","overlay-color":"","overlay-opacity":"","overlay-gradient":""},"tablet":{"background-color":"var(--ast-global-color-5)","background-image":"","background-repeat":"repeat","background-position":"center center","background-size":"auto","background-attachment":"scroll","background-type":"","background-media":"","overlay-type":"","overlay-color":"","overlay-opacity":"","overlay-gradient":""},"mobile":{"background-color":"var(--ast-global-color-5)","background-image":"","background-repeat":"repeat","background-position":"center center","background-size":"auto","background-attachment":"scroll","background-type":"","background-media":"","overlay-type":"","overlay-color":"","overlay-opacity":"","overlay-gradient":""}},"footnotes":""},"folder":[],"class_list":["post-31","page","type-page","status-publish","hentry"],"_links":{"self":[{"href":"https:\/\/www.topobuv.eu\/sk\/wp-json\/wp\/v2\/pages\/31","targetHints":{"allow":["GET"]}}],"collection":[{"href":"https:\/\/www.topobuv.eu\/sk\/wp-json\/wp\/v2\/pages"}],"about":[{"href":"https:\/\/www.topobuv.eu\/sk\/wp-json\/wp\/v2\/types\/page"}],"author":[{"embeddable":true,"href":"https:\/\/www.topobuv.eu\/sk\/wp-json\/wp\/v2\/users\/1"}],"replies":[{"embeddable":true,"href":"https:\/\/www.topobuv.eu\/sk\/wp-json\/wp\/v2\/comments?post=31"}],"version-history":[{"count":3,"href":"https:\/\/www.topobuv.eu\/sk\/wp-json\/wp\/v2\/pages\/31\/revisions"}],"predecessor-version":[{"id":19744,"href":"https:\/\/www.topobuv.eu\/sk\/wp-json\/wp\/v2\/pages\/31\/revisions\/19744"}],"wp:attachment":[{"href":"https:\/\/www.topobuv.eu\/sk\/wp-json\/wp\/v2\/media?parent=31"}],"wp:term":[{"taxonomy":"folder","embeddable":true,"href":"https:\/\/www.topobuv.eu\/sk\/wp-json\/wp\/v2\/folder?post=31"}],"curies":[{"name":"wp","href":"https:\/\/api.w.org\/{rel}","templated":true}]}}